{"id":7000,"date":"2016-01-30T10:24:11","date_gmt":"2016-01-30T10:24:11","guid":{"rendered":"https:\/\/carroceriasmaser.com\/home-creative-agency\/"},"modified":"2026-02-03T13:29:43","modified_gmt":"2026-02-03T13:29:43","slug":"home-creative-agency","status":"publish","type":"page","link":"https:\/\/carroceriasmaser.com\/ca\/","title":{"rendered":"Home"},"content":{"rendered":"<p>[vc_row row_style=&#8221;full-width&#8221; padding_size=&#8221;no-padding&#8221;][vc_column padding_size=&#8221;no-padding&#8221;][rev_slider_vc alias=&#8221;carrocerias-maser-11&#8243;][\/vc_column][\/vc_row][vc_row overlap=&#8221;bottom&#8221; overlap_distance=&#8221;0&#8243; overlap_index=&#8221;50&#8243; padding_size=&#8221;l-padding&#8221; css=&#8221;.vc_custom_1445754657417{padding-bottom: 0px !important;}&#8221;][vc_column overlap=&#8221;bottom&#8221; overlap_distance=&#8221;95px&#8221; overlap_index=&#8221;50&#8243; width=&#8221;1\/3&#8243;][vc_row_inner][vc_column_inner offset=&#8221;vc_hidden-sm vc_hidden-xs&#8221;][vc_empty_space height=&#8221;0&#8243;][\/vc_column_inner][\/vc_row_inner][wyde_heading title_tag=&#8221;h4&#8243; style=&#8221;2&#8243; text_align=&#8221;left&#8221; title=&#8221;Qui som?&#8221; subheading=&#8221;Maser Carrocer\u00edas&#8221;][vc_empty_space height=&#8221;20px&#8221;][vc_column_text]A <strong>MASER CARROCERIAS S.L<\/strong>. som una<strong> empresa<\/strong> especialitzada en la <strong>construcci\u00f3 de remolcs semi-remolcs d\u2019alumini per al transport d\u2019animals vius.<br \/>\n<\/strong><\/p>\n<p>Gr\u00e0cies al nostre coneixement en el sector, forjat al llarg de m\u00e9s de 35 anys, <strong>MASER CARROCERIAS S.L.<\/strong> ha esdevingut un <strong>referent en el sector del transport animal a nivell nacional.<\/strong>[\/vc_column_text][vc_empty_space height=&#8221;25px&#8221;][wyde_button title=&#8221;Llegir m\u00e9s&#8221; link=&#8221;url:https%3A%2F%2Fcarroceriasmaser.com%2Fca%2Fempresa%2F|title:L&#8217;empresa&#8221;][vc_empty_space height=&#8221;150px&#8221;][\/vc_column][vc_column padding_size=&#8221;no-padding&#8221; width=&#8221;2\/3&#8243;][vc_empty_space height=&#8221;80px&#8221;][vc_single_image img_size=&#8221;overlap-fullwidth&#8221; alignment=&#8221;center&#8221; image=&#8221;6944&#8243;][\/vc_column][\/vc_row][vc_row padding_size=&#8221;no-padding&#8221; background_overlay=&#8221;color&#8221; overlay_color=&#8221;#000000&#8243; overlay_opacity=&#8221;0.2&#8243; parallax=&#8221;parallax&#8221; bg_image_url=&#8221;https:\/\/carroceriasmaser.com\/wp-content\/uploads\/2020\/11\/carroceria-transporte-animal-maser-150&#215;150.jpg&#8221; background_image=&#8221;6779&#8243;][vc_column width=&#8221;1\/3&#8243; offset=&#8221;vc_hidden-sm vc_hidden-xs&#8221;][\/vc_column][vc_column overlap=&#8221;bottom&#8221; overlap_distance=&#8221;100px&#8221; overlap_index=&#8221;50&#8243; width=&#8221;2\/3&#8243;][vc_row_inner background_color=&#8221;#ffffff&#8221; css=&#8221;.vc_custom_1445753439968{padding-top: 30px !important;padding-right: 15px !important;padding-bottom: 30px !important;padding-left: 15px !important;}&#8221;][vc_column_inner width=&#8221;1\/2&#8243;][vc_single_image alignment=&#8221;center&#8221; image=&#8221;7950&#8243;][\/vc_column_inner][vc_column_inner overlap=&#8221;right&#8221; overlap_distance=&#8221;0&#8243; overlap_index=&#8221;50&#8243; width=&#8221;1\/2&#8243;][wyde_heading style=&#8221;6&#8243; text_align=&#8221;left&#8221; title=&#8221;Construcci\u00f3 de carrosseries per al transport d&#8217;animals&#8221;][vc_empty_space height=&#8221;15px&#8221;][vc_column_text]Les nostres <strong>carrosseries<\/strong> es fabriquen d\u2019acord amb els millors estandars de qualitat per tal d\u2019assegurar una <strong>llarga vida \u00fatil<\/strong> <strong>al vehicle<\/strong> i una elevada robustesa i fiabilitat en el seu \u00fas:<\/p>\n<ul>\n<li>Utilitzem les <strong>millors aleacions<\/strong> en perifileria i xapa d&#8217;alumini.<\/li>\n<li><strong>Tecnologia hidr\u00e0ulica<\/strong> en plataforma elevadora la cual cosa d\u00f3na robustesa al proc\u00e9s de c\u00e0rrega i desc\u00e0rrega del vehicle.<\/li>\n<li>Incorporem <strong>elements redundants<\/strong> en aquelles parts mes cr\u00edtiques, amb l\u2019objectiu d\u2019evitar aturades en cas d\u2019avar\u00eda.<\/li>\n<li>Utilizaci\u00f3 de components de <strong>primeres marques.<\/strong><\/li>\n<\/ul>\n<p>[\/vc_column_text][vc_empty_space height=&#8221;15px&#8221;][wyde_link_button size=&#8221;large&#8221; title=&#8221;Veure m\u00e9s&#8221; link=&#8221;url:https%3A%2F%2Fcarroceriasmaser.com%2Fca%2Ffabricacio-carrosseries%2F|title:Fabricaci%C3%B3n%20de%20Carrocer%C3%ADas&#8221; color=&#8221;#ffffff&#8221; bg_color=&#8221;#000000&#8243; css=&#8221;.vc_custom_1620118037824{background-color: #000000 !important;}&#8221; icon=&#8221;fa fa-sign-in&#8221;][\/vc_column_inner][\/vc_row_inner][\/vc_column][\/vc_row][vc_row padding_size=&#8221;no-padding&#8221;][vc_column offset=&#8221;vc_hidden-sm vc_hidden-xs&#8221;][vc_empty_space height=&#8221;180px&#8221;][\/vc_column][\/vc_row][vc_row row_style=&#8221;full-width&#8221; equal_height=&#8221;true&#8221; vertical_align=&#8221;bottom&#8221; padding_size=&#8221;no-padding&#8221;][vc_column padding_size=&#8221;no-padding&#8221; width=&#8221;1\/2&#8243;][vc_single_image alignment=&#8221;center&#8221; image=&#8221;6984&#8243;][\/vc_column][vc_column width=&#8221;1\/2&#8243; css=&#8221;.vc_custom_1445754246192{padding-right: 2% !important;padding-left: 2% !important;}&#8221;][vc_row_inner][vc_column_inner width=&#8221;5\/6&#8243;][vc_column_text][\/vc_column_text][wyde_heading title_tag=&#8221;h4&#8243; style=&#8221;2&#8243; text_align=&#8221;left&#8221; title=&#8221;Serveis&#8221;][vc_empty_space height=&#8221;20px&#8221;][vc_column_text]<\/p>\n<ul type=\"disc\">\n<li class=\"x_x_MsoListParagraphCxSpFirst\">L&#8217;assessorem en la tipolog\u00eda de carrosseria que millor s&#8217;ajusta a les necessitats del seu transport.<\/li>\n<li class=\"x_x_MsoListParagraphCxSpMiddle\">L&#8217;ajudem a aconseguir un comprador per la seva g\u00e0bia usada.<\/li>\n<li class=\"x_x_MsoListParagraphCxSpLast\">Li oferim servei de manteniment de la seva flota de g\u00e0bies de qualitat excepcional.<\/li>\n<\/ul>\n<p>[\/vc_column_text][\/vc_column_inner][vc_column_inner width=&#8221;1\/6&#8243; offset=&#8221;vc_hidden-md vc_hidden-sm vc_hidden-xs&#8221;][\/vc_column_inner][\/vc_row_inner][\/vc_column][\/vc_row][vc_row text_style=&#8221;light&#8221; padding_size=&#8221;no-padding&#8221;][vc_column offset=&#8221;vc_hidden-sm vc_hidden-xs&#8221;][vc_empty_space height=&#8221;130px&#8221;][\/vc_column][\/vc_row][vc_row background_overlay=&#8221;color&#8221; overlay_color=&#8221;#000000&#8243; overlay_opacity=&#8221;0.3&#8243; parallax=&#8221;parallax&#8221; bg_image_url=&#8221;https:\/\/carroceriasmaser.com\/wp-content\/uploads\/2021\/01\/carroceria-transporte-animal-maser-3-150&#215;150.jpg&#8221; background_image=&#8221;6839&#8243;][vc_column overlap=&#8221;top&#8221; overlap_distance=&#8221;145px&#8221; overlap_index=&#8221;50&#8243; text_align=&#8221;center&#8221;][wyde_heading style=&#8221;4&#8243;][vc_custom_heading text=&#8221;Necessites una carrosseria per al teu transport?&#8221; font_container=&#8221;tag:h2|font_size:58px|text_align:center|color:%23ffffff|line_height:60px&#8221; google_fonts=&#8221;font_family:Montserrat%3Aregular%2C700|font_style:700%20bold%20regular%3A700%3Anormal&#8221;][vc_empty_space][wyde_button title=&#8221;Contacta&#8217;ns&#8221; size=&#8221;large&#8221; link=&#8221;url:https%3A%2F%2Fcarroceriasmaser.com%2Fca%2Fcontacte%2F|title:Contacto&#8221; color=&#8221;#ffffff&#8221; bg_color=&#8221;#d13030&#8243; css=&#8221;.vc_custom_1620120164780{background-color: #000000 !important;}&#8221;][\/vc_column][\/vc_row][vc_row overlap=&#8221;top&#8221; overlap_index=&#8221;50&#8243; padding_size=&#8221;no-padding&#8221;][vc_column padding_size=&#8221;no-padding&#8221;][vc_row_inner padding_size=&#8221;no-padding&#8221;][vc_column_inner padding_size=&#8221;no-padding&#8221; offset=&#8221;vc_hidden-lg vc_hidden-md&#8221;][vc_empty_space height=&#8221;40px&#8221;][\/vc_column_inner][\/vc_row_inner][vc_row_inner overlap=&#8221;top&#8221; overlap_distance=&#8221;95px&#8221; overlap_index=&#8221;50&#8243; padding_size=&#8221;no-padding&#8221; background_color=&#8221;#ffffff&#8221; css=&#8221;.vc_custom_1457006069918{padding: 30px !important;}&#8221;][vc_column_inner padding_size=&#8221;no-padding&#8221;][wyde_portfolio_grid view=&#8221;photoset&#8221; columns=&#8221;3&#8243; title=&#8221;Projectes&#8221; subtitle=&#8221;Alguns dels nostres projectes&#8221;][vc_empty_space height=&#8221;5px&#8221;][\/vc_column_inner][\/vc_row_inner][vc_empty_space height=&#8221;70px&#8221;][vc_column_text]<\/p>\n<h2 style=\"text-align: center;\"><strong>Remolcs i semi remolcs per al transport d&#8217;animals.<\/strong><\/h2>\n<p>[\/vc_column_text][vc_empty_space][vc_single_image image=&#8221;7261&#8243;][\/vc_column][\/vc_row][vc_row row_style=&#8221;full-screen&#8221; padding_size=&#8221;no-padding&#8221; background_style=&#8221;contain&#8221; background_position=&#8221;center bottom&#8221; background_image=&#8221;6986&#8243; bg_image_url=&#8221;https:\/\/carroceriasmaser.com\/wp-content\/uploads\/2021\/03\/maser-carrocerias-6-150&#215;150.jpg&#8221;][vc_column css=&#8221;.vc_custom_1457065870216{padding-top: 30px !important;padding-right: 30px !important;padding-bottom: 30px !important;padding-left: 30px !important;}&#8221;][vc_empty_space height=&#8221;0&#8243;][vc_row_inner][vc_column_inner text_align=&#8221;center&#8221;][wyde_heading style=&#8221;4&#8243; title=&#8221;Fabriquem&#8221;][vc_custom_heading text=&#8221;la Carrosseria a la mida del teu&#8221; font_container=&#8221;tag:h4|font_size:70px|text_align:center|line_height:80px&#8221; google_fonts=&#8221;font_family:Montserrat%3Aregular%2C700|font_style:400%20regular%3A400%3Anormal&#8221; text_transform=&#8221;lowercase&#8221;][vc_custom_heading text=&#8221;transport&#8221; font_container=&#8221;tag:h2|font_size:105px|text_align:center|color:%23ff0008|line_height:105px&#8221; google_fonts=&#8221;font_family:Montserrat%3Aregular%2C700|font_style:700%20bold%20regular%3A700%3Anormal&#8221; text_transform=&#8221;uppercase&#8221;][wyde_button title=&#8221;Parlem?&#8221; size=&#8221;large&#8221; link=&#8221;url:https%3A%2F%2Fcarroceriasmaser.com%2Fca%2Fcontacte%2F|title:Contacto&#8221; color=&#8221;#ffffff&#8221; bg_color=&#8221;#ff0008&#8243; css=&#8221;.vc_custom_1620120153847{background-color: #000000 !important;}&#8221;][vc_empty_space height=&#8221;100px&#8221;][\/vc_column_inner][\/vc_row_inner][vc_empty_space height=&#8221;100px&#8221;][vc_row_inner padding_size=&#8221;no-padding&#8221;][vc_column_inner padding_size=&#8221;no-padding&#8221; offset=&#8221;vc_hidden-sm vc_hidden-xs&#8221;][vc_empty_space height=&#8221;5px&#8221;][\/vc_column_inner][\/vc_row_inner][\/vc_column][\/vc_row][vc_row row_style=&#8221;full-width&#8221; vertical_align=&#8221;bottom&#8221; padding_size=&#8221;no-padding&#8221;][vc_column text_align=&#8221;center&#8221; padding_size=&#8221;no-padding&#8221; background_color=&#8221;#000000&#8243;][vc_empty_space height=&#8221;125&#8243;][vc_single_image alignment=&#8221;center&#8221; image=&#8221;7940&#8243;][vc_empty_space height=&#8221;125&#8243;][\/vc_column][\/vc_row]<\/p>\n","protected":false},"excerpt":{"rendered":"<p>[vc_row row_style=&#8221;full-width&#8221; padding_size=&#8221;no-padding&#8221;][vc_column padding_size=&#8221;no-padding&#8221;][rev_slider_vc alias=&#8221;carrocerias-maser-11&#8243;][\/vc_column][\/vc_row][vc_row overlap=&#8221;bottom&#8221; overlap_distance=&#8221;0&#8243; overlap_index=&#8221;50&#8243; padding_size=&#8221;l-padding&#8221; css=&#8221;.vc_custom_1445754657417{padding-bottom: 0px !important;}&#8221;][vc_column overlap=&#8221;bottom&#8221; overlap_distance=&#8221;95px&#8221; overlap_index=&#8221;50&#8243; width=&#8221;1\/3&#8243;][vc_row_inner][vc_column_inner offset=&#8221;vc_hidden-sm vc_hidden-xs&#8221;][vc_empty_space height=&#8221;0&#8243;][\/vc_column_inner][\/vc_row_inner][wyde_heading title_tag=&#8221;h4&#8243; style=&#8221;2&#8243; text_align=&#8221;left&#8221; title=&#8221;Qui som?&#8221; subheading=&#8221;Maser Carrocer\u00edas&#8221;][vc_empty_space height=&#8221;20px&#8221;][vc_column_text]A MASER CARROCERIAS S.L. som una empresa especialitzada en la construcci\u00f3 de remolcs semi-remolcs d\u2019alumini per al transport d\u2019animals vius. Gr\u00e0cies al nostre coneixement en el sector, forjat al [&hellip;]<\/p>\n","protected":false},"author":1,"featured_media":0,"parent":0,"menu_order":0,"comment_status":"closed","ping_status":"closed","template":"","meta":[],"yoast_head":"<!-- This site is optimized with the Yoast SEO plugin v15.3 - https:\/\/yoast.com\/wordpress\/plugins\/seo\/ -->\n<title>Carrocer\u00edas Maser - Fabricaci\u00f3 de remolcs per al transport d&#039;animals<\/title>\n<meta name=\"description\" content=\"Construcci\u00f3 de remolcs i semiremolcs d&#039;alumini per al transport d&#039;animals vius. Fabricaci\u00f3 de carrosseries\" \/>\n<meta name=\"robots\" content=\"index, follow, max-snippet:-1, max-image-preview:large, max-video-preview:-1\" \/>\n<link rel=\"canonical\" href=\"https:\/\/carroceriasmaser.com\/ca\/\" \/>\n<meta property=\"og:locale\" content=\"ca_ES\" \/>\n<meta property=\"og:type\" content=\"article\" \/>\n<meta property=\"og:title\" content=\"Carrocer\u00edas Maser - Fabricaci\u00f3 de remolcs per al transport d&#039;animals\" \/>\n<meta property=\"og:description\" content=\"Construcci\u00f3 de remolcs i semiremolcs d&#039;alumini per al transport d&#039;animals vius. Fabricaci\u00f3 de carrosseries\" \/>\n<meta property=\"og:url\" content=\"https:\/\/carroceriasmaser.com\/ca\/\" \/>\n<meta property=\"og:site_name\" content=\"Carrocerias Maser\" \/>\n<meta property=\"article:modified_time\" content=\"2026-02-03T13:29:43+00:00\" \/>\n<meta name=\"twitter:card\" content=\"summary_large_image\" \/>\n<meta name=\"twitter:label1\" content=\"Escrit per\">\n\t<meta name=\"twitter:data1\" content=\"admin\">\n\t<meta name=\"twitter:label2\" content=\"Temps estimat de lectura\">\n\t<meta name=\"twitter:data2\" content=\"5 minuts\">\n<script type=\"application\/ld+json\" class=\"yoast-schema-graph\">{\"@context\":\"https:\/\/schema.org\",\"@graph\":[{\"@type\":\"WebSite\",\"@id\":\"https:\/\/carroceriasmaser.com\/#website\",\"url\":\"https:\/\/carroceriasmaser.com\/\",\"name\":\"Carrocer\\u00edas Maser\",\"description\":\"\",\"potentialAction\":[{\"@type\":\"SearchAction\",\"target\":\"https:\/\/carroceriasmaser.com\/?s={search_term_string}\",\"query-input\":\"required name=search_term_string\"}],\"inLanguage\":\"ca\"},{\"@type\":\"WebPage\",\"@id\":\"https:\/\/carroceriasmaser.com\/ca\/#webpage\",\"url\":\"https:\/\/carroceriasmaser.com\/ca\/\",\"name\":\"Carrocer\\u00edas Maser - Fabricaci\\u00f3 de remolcs per al transport d'animals\",\"isPartOf\":{\"@id\":\"https:\/\/carroceriasmaser.com\/#website\"},\"datePublished\":\"2016-01-30T10:24:11+00:00\",\"dateModified\":\"2026-02-03T13:29:43+00:00\",\"description\":\"Construcci\\u00f3 de remolcs i semiremolcs d'alumini per al transport d'animals vius. Fabricaci\\u00f3 de carrosseries\",\"inLanguage\":\"ca\",\"potentialAction\":[{\"@type\":\"ReadAction\",\"target\":[\"https:\/\/carroceriasmaser.com\/ca\/\"]}]}]}<\/script>\n<!-- \/ Yoast SEO plugin. -->","_links":{"self":[{"href":"https:\/\/carroceriasmaser.com\/ca\/wp-json\/wp\/v2\/pages\/7000"}],"collection":[{"href":"https:\/\/carroceriasmaser.com\/ca\/wp-json\/wp\/v2\/pages"}],"about":[{"href":"https:\/\/carroceriasmaser.com\/ca\/wp-json\/wp\/v2\/types\/page"}],"author":[{"embeddable":true,"href":"https:\/\/carroceriasmaser.com\/ca\/wp-json\/wp\/v2\/users\/1"}],"replies":[{"embeddable":true,"href":"https:\/\/carroceriasmaser.com\/ca\/wp-json\/wp\/v2\/comments?post=7000"}],"version-history":[{"count":24,"href":"https:\/\/carroceriasmaser.com\/ca\/wp-json\/wp\/v2\/pages\/7000\/revisions"}],"predecessor-version":[{"id":7966,"href":"https:\/\/carroceriasmaser.com\/ca\/wp-json\/wp\/v2\/pages\/7000\/revisions\/7966"}],"wp:attachment":[{"href":"https:\/\/carroceriasmaser.com\/ca\/wp-json\/wp\/v2\/media?parent=7000"}],"curies":[{"name":"wp","href":"https:\/\/api.w.org\/{rel}","templated":true}]}}