{"id":7027,"date":"2016-01-17T09:54:27","date_gmt":"2016-01-17T09:54:27","guid":{"rendered":"https:\/\/carroceriasmaser.com\/fabricacion-carrocerias\/"},"modified":"2021-05-10T10:56:23","modified_gmt":"2021-05-10T10:56:23","slug":"fabricacio-carrosseries","status":"publish","type":"page","link":"https:\/\/carroceriasmaser.com\/ca\/fabricacio-carrosseries\/","title":{"rendered":"Fabricaci\u00f3 de Carrosseries"},"content":{"rendered":"<p>[vc_row row_style=&#8221;full-width&#8221; background_color=&#8221;#f7f7f7&#8243; css=&#8221;.vc_custom_1450862670407{padding-top: 0px !important;}&#8221;][vc_column css=&#8221;.vc_custom_1450867366075{padding-top: 0px !important;padding-bottom: 0px !important;}&#8221;][vc_row_inner][vc_column_inner offset=&#8221;vc_hidden-lg&#8221;][vc_empty_space height=&#8221;50px&#8221;][\/vc_column_inner][\/vc_row_inner][vc_row_inner padding_size=&#8221;no-padding&#8221;][vc_column_inner overlap=&#8221;top&#8221; overlap_distance=&#8221;80px&#8221; overlap_index=&#8221;100&#8243;][wyde_heading style=&#8221;4&#8243; title=&#8221;Les nostres carrosseries es fabriquen d&#8217;acord amb els millors est\u00e0ndards de qualitat.&#8221;][vc_empty_space][vc_column_text]<\/p>\n<h3><\/h3>\n<h3><\/h3>\n<h3 style=\"text-align: center;\">Per assegurar una llarga vida \u00fatil a el vehicle i una elevada robustesa i fiabilitat en el seu \u00fas:<\/h3>\n<p>[\/vc_column_text][vc_empty_space][\/vc_column_inner][\/vc_row_inner][vc_row_inner equal_height=&#8221;true&#8221; vertical_align=&#8221;middle&#8221;][vc_column_inner overlap=&#8221;right&#8221; overlap_distance=&#8221;0&#8243; overlap_index=&#8221;100&#8243; text_align=&#8221;right&#8221; width_sm=&#8221;1\/1&#8243; offset=&#8221;vc_col-lg-4 vc_col-md-12&#8243;][wyde_heading style=&#8221;6&#8243; text_align=&#8221;right&#8221; title=&#8221;QUALITAT&#8221;][vc_column_text]Utilitzem sempre les <strong>millors aleacions<\/strong> en perfileria i xapa d\u2019alumini que aseguren una elevada resistencia de les estructures en condicions de funcionament nominal de la carrosseria.[\/vc_column_text][vc_empty_space height=&#8221;50px&#8221;][wyde_heading style=&#8221;6&#8243; text_align=&#8221;right&#8221; title=&#8221;SOLUCIONS&#8221;][vc_column_text]Incorporem <strong>elements redundants<\/strong> en aquelles parts mes cr\u00edtiques del sistema hidr\u00e0ulic que governa la plataforma de c\u00e0rrega, amb l\u2019objectiu d\u2019evitar aturades en cas d\u2019avaria.[\/vc_column_text][vc_empty_space height=&#8221;50px&#8221;][\/vc_column_inner][vc_column_inner width_sm=&#8221;1\/1&#8243; offset=&#8221;vc_col-lg-4 vc_col-md-12&#8243;][vc_single_image alignment=&#8221;center&#8221; image=&#8221;6909&#8243;][\/vc_column_inner][vc_column_inner width_sm=&#8221;1\/1&#8243; offset=&#8221;vc_col-lg-4 vc_col-md-12&#8243;][vc_empty_space height=&#8221;70px&#8221;][wyde_heading style=&#8221;6&#8243; text_align=&#8221;left&#8221; title=&#8221;TECNOLOGIA&#8221;][vc_column_text]Utilitzem <strong>tecnologia hidr\u00e0ulica<\/strong> en la nostra plataforma elevadora la cual cosa d\u00f3na robustesa al proc\u00e9s de c\u00e0rrega i desc\u00e0rrega del vehicle, podent moure fins a 1200 kg en cada cicle de c\u00e0rrega.[\/vc_column_text][vc_empty_space height=&#8221;50px&#8221;][wyde_heading style=&#8221;6&#8243; text_align=&#8221;left&#8221; title=&#8221;GARANTIA&#8221;][vc_column_text]Utilitzem components de <strong>primeres marques<\/strong> en els diferents sistemes que incorporen les nostres carrosseries: circu\u00eft d\u2019aigua, tapes laterals, sistema hidr\u00e1ulic plataforma de c\u00e0rrega.[\/vc_column_text][\/vc_column_inner][\/vc_row_inner][\/vc_column][\/vc_row][vc_row][vc_column][wyde_heading title=&#8221;M\u00daLTIPLES OPCIONS&#8221;][vc_empty_space][vc_column_text]<\/p>\n<h3 style=\"text-align: center;\">Tots els nostres projectes parteixen d&#8217;un disseny base,<br \/>\nel qual adaptem en \u00faltima inst\u00e0ncia a les necessitats dels nostres clients.<\/h3>\n<p>&nbsp;<\/p>\n<ul>\n<li>Disposici\u00f3 dels passad\u00eds interior: Central, lateral, partida<\/li>\n<li>N\u00famero de pisos i al\u00e7ades<\/li>\n<li>N\u00famero de compartiments<\/li>\n<li>Sistema de tapes laterals<\/li>\n<li>Sistema d\u2019aigua: dutxes i abeuradors<\/li>\n<li>Sistema de ventilaci\u00f3 for\u00e7ada<\/li>\n<li>Sistemes de comandament de la plataforma elevadora: varilla lateral o comandament a distancia.\n<p style=\"text-align: center;\">\n<\/li>\n<\/ul>\n<p>&nbsp;<\/p>\n<p style=\"text-align: center;\"><em>Totes les nostres carrosseries s\u2019ajusten als requeriments del REGLAMENT (CE) 1\/2005 de benestar animal.<br \/>\n<\/em><\/p>\n<p>[\/vc_column_text][vc_empty_space][vc_single_image image=&#8221;6964&#8243;][vc_empty_space][vc_empty_space][wyde_heading title=&#8221;SERVEI POST-VENDA&#8221;][vc_empty_space][vc_column_text]<\/p>\n<h3 style=\"text-align: center;\">A MASER CARROCERIAS S.L. oferim un servei post-venda executat per professionals amb una amplia experiencia en l\u2019ofici, la cual cosa <strong>garantitza la qualitat i la celeritat<\/strong> en la realitzaci\u00f3 dels treballs.<\/h3>\n<p>[\/vc_column_text][\/vc_column][\/vc_row][vc_row][vc_column][\/vc_column][\/vc_row]<\/p>\n","protected":false},"excerpt":{"rendered":"<p>[vc_row row_style=&#8221;full-width&#8221; background_color=&#8221;#f7f7f7&#8243; css=&#8221;.vc_custom_1450862670407{padding-top: 0px !important;}&#8221;][vc_column css=&#8221;.vc_custom_1450867366075{padding-top: 0px !important;padding-bottom: 0px !important;}&#8221;][vc_row_inner][vc_column_inner offset=&#8221;vc_hidden-lg&#8221;][vc_empty_space height=&#8221;50px&#8221;][\/vc_column_inner][\/vc_row_inner][vc_row_inner padding_size=&#8221;no-padding&#8221;][vc_column_inner overlap=&#8221;top&#8221; overlap_distance=&#8221;80px&#8221; overlap_index=&#8221;100&#8243;][wyde_heading style=&#8221;4&#8243; title=&#8221;Les nostres carrosseries es fabriquen d&#8217;acord amb els millors est\u00e0ndards de qualitat.&#8221;][vc_empty_space][vc_column_text] Per assegurar una llarga vida \u00fatil a el vehicle i una elevada robustesa i fiabilitat en el seu \u00fas: [\/vc_column_text][vc_empty_space][\/vc_column_inner][\/vc_row_inner][vc_row_inner equal_height=&#8221;true&#8221; vertical_align=&#8221;middle&#8221;][vc_column_inner overlap=&#8221;right&#8221; overlap_distance=&#8221;0&#8243; overlap_index=&#8221;100&#8243; [&hellip;]<\/p>\n","protected":false},"author":1,"featured_media":0,"parent":0,"menu_order":0,"comment_status":"closed","ping_status":"closed","template":"","meta":[],"yoast_head":"<!-- This site is optimized with the Yoast SEO plugin v15.3 - https:\/\/yoast.com\/wordpress\/plugins\/seo\/ -->\n<title>Fabricaci\u00f3 de Carrosseries - Carrocerias Maser<\/title>\n<meta name=\"description\" content=\"Fabricaci\u00f3 de carrosseries per al transport d&#039;animals vius, amb qualitat, tecnologia, solucions i garantia, per als nostres clients.\" \/>\n<meta name=\"robots\" content=\"index, follow, max-snippet:-1, max-image-preview:large, max-video-preview:-1\" \/>\n<link rel=\"canonical\" href=\"https:\/\/carroceriasmaser.com\/ca\/fabricacio-carrosseries\/\" \/>\n<meta property=\"og:locale\" content=\"ca_ES\" \/>\n<meta property=\"og:type\" content=\"article\" \/>\n<meta property=\"og:title\" content=\"Fabricaci\u00f3 de Carrosseries - Carrocerias Maser\" \/>\n<meta property=\"og:description\" content=\"Fabricaci\u00f3 de carrosseries per al transport d&#039;animals vius, amb qualitat, tecnologia, solucions i garantia, per als nostres clients.\" \/>\n<meta property=\"og:url\" content=\"https:\/\/carroceriasmaser.com\/ca\/fabricacio-carrosseries\/\" \/>\n<meta property=\"og:site_name\" content=\"Carrocerias Maser\" \/>\n<meta property=\"article:modified_time\" content=\"2021-05-10T10:56:23+00:00\" \/>\n<meta name=\"twitter:card\" content=\"summary_large_image\" \/>\n<meta name=\"twitter:label1\" content=\"Escrit per\">\n\t<meta name=\"twitter:data1\" content=\"admin\">\n\t<meta name=\"twitter:label2\" content=\"Temps estimat de lectura\">\n\t<meta name=\"twitter:data2\" content=\"2 minuts\">\n<script type=\"application\/ld+json\" class=\"yoast-schema-graph\">{\"@context\":\"https:\/\/schema.org\",\"@graph\":[{\"@type\":\"WebSite\",\"@id\":\"https:\/\/carroceriasmaser.com\/#website\",\"url\":\"https:\/\/carroceriasmaser.com\/\",\"name\":\"Carrocer\\u00edas Maser\",\"description\":\"\",\"potentialAction\":[{\"@type\":\"SearchAction\",\"target\":\"https:\/\/carroceriasmaser.com\/?s={search_term_string}\",\"query-input\":\"required name=search_term_string\"}],\"inLanguage\":\"ca\"},{\"@type\":\"WebPage\",\"@id\":\"https:\/\/carroceriasmaser.com\/ca\/fabricacio-carrosseries\/#webpage\",\"url\":\"https:\/\/carroceriasmaser.com\/ca\/fabricacio-carrosseries\/\",\"name\":\"Fabricaci\\u00f3 de Carrosseries - Carrocerias Maser\",\"isPartOf\":{\"@id\":\"https:\/\/carroceriasmaser.com\/#website\"},\"datePublished\":\"2016-01-17T09:54:27+00:00\",\"dateModified\":\"2021-05-10T10:56:23+00:00\",\"description\":\"Fabricaci\\u00f3 de carrosseries per al transport d'animals vius, amb qualitat, tecnologia, solucions i garantia, per als nostres clients.\",\"inLanguage\":\"ca\",\"potentialAction\":[{\"@type\":\"ReadAction\",\"target\":[\"https:\/\/carroceriasmaser.com\/ca\/fabricacio-carrosseries\/\"]}]}]}<\/script>\n<!-- \/ Yoast SEO plugin. -->","_links":{"self":[{"href":"https:\/\/carroceriasmaser.com\/ca\/wp-json\/wp\/v2\/pages\/7027"}],"collection":[{"href":"https:\/\/carroceriasmaser.com\/ca\/wp-json\/wp\/v2\/pages"}],"about":[{"href":"https:\/\/carroceriasmaser.com\/ca\/wp-json\/wp\/v2\/types\/page"}],"author":[{"embeddable":true,"href":"https:\/\/carroceriasmaser.com\/ca\/wp-json\/wp\/v2\/users\/1"}],"replies":[{"embeddable":true,"href":"https:\/\/carroceriasmaser.com\/ca\/wp-json\/wp\/v2\/comments?post=7027"}],"version-history":[{"count":16,"href":"https:\/\/carroceriasmaser.com\/ca\/wp-json\/wp\/v2\/pages\/7027\/revisions"}],"predecessor-version":[{"id":7165,"href":"https:\/\/carroceriasmaser.com\/ca\/wp-json\/wp\/v2\/pages\/7027\/revisions\/7165"}],"wp:attachment":[{"href":"https:\/\/carroceriasmaser.com\/ca\/wp-json\/wp\/v2\/media?parent=7027"}],"curies":[{"name":"wp","href":"https:\/\/api.w.org\/{rel}","templated":true}]}}