{"id":7202,"date":"2021-03-16T08:23:31","date_gmt":"2021-03-16T08:23:31","guid":{"rendered":"https:\/\/carroceriasmaser.com\/aviso-legal\/"},"modified":"2022-12-14T18:01:36","modified_gmt":"2022-12-14T18:01:36","slug":"avis-legal","status":"publish","type":"page","link":"https:\/\/carroceriasmaser.com\/ca\/avis-legal\/","title":{"rendered":"Av\u00eds Legal"},"content":{"rendered":"<p>Benvingut a la p\u00e0gina web de Carrocerias Maser (carroceriasmaser.com)<\/p>\n<p>A continuaci\u00f3, exposem les condicions d\u2019\u00fas d\u2019aquesta p\u00e0gina web. La navegaci\u00f3 per aquesta p\u00e0gina web us atorga el paper d\u2019usuari i, per tant, accepta les cl\u00e0usules detallades en aquest document.<\/p>\n<p>1- IDENTIFICACI\u00d3<\/p>\n<p>De conformitat amb all\u00f2 que disposa l\u2019article 10 de la Llei 34\/2002, d\u201911 de juliol, de Serveis de Societat de la Informaci\u00f3 i Comer\u00e7 Electr\u00f2nic, s\u2019informa que carroceriasmaser.com \u00e9s un domini de l\u2019empresa MASER CARROCERIAS S.L,, amb domicili social a C\/ Canig\u00f3 8 \u2013 25141 Golm\u00e9s, i amb tel\u00e8fon 973 602 509.<\/p>\n<p>La societat es denomina Carrocerias Maser, amb CIF B-25492679<\/p>\n<p>2- NORMES D\u2019UTILITZACI\u00d3<\/p>\n<p>L\u2019usuari es compromet a fer un \u00fas adequat i l\u00edcit del lloc web, aix\u00ed com dels continguts i serveis, de conformitat amb la legislaci\u00f3 aplicable a cada moment, la moral i els bons costums generalment acceptats i l\u2019ordre p\u00fablic.<\/p>\n<p>Queda prohibit realitzar, per part seva, qualsevol acci\u00f3 que pugui provocar alteracions dels continguts d\u2019aquesta web o un mal funcionament d\u2019aquesta, incloent-hi la introducci\u00f3 de virus o similars.<\/p>\n<p>3- PROPIETAT INTEL\u00b7LECTUAL<\/p>\n<p>Les p\u00e0gines de la web i la informaci\u00f3 o els elements que cont\u00e9 inclouen textos, documents, fotografies, dibuixos, representacions gr\u00e0fiques, bases de dades, v\u00eddeos i tamb\u00e9 logotips, marques, noms comercials o altres signes distintius, i estan protegits per drets de propietat intel\u00b7lectual o industrial, dels quals Carrocerias Maser o les empreses del seu grup en s\u00f3n titulars, o de llic\u00e8ncies leg\u00edtimes.<\/p>\n<p>Queda prohibida qualsevol modalitat d\u2019explotaci\u00f3, incloent-hi qualsevol tipus de reproducci\u00f3, distribuci\u00f3, cessi\u00f3 a tercers, comunicaci\u00f3 p\u00fablica i transformaci\u00f3, mitjan\u00e7ant qualsevol tipus de suport i mitj\u00e0, sense l\u2019autoritzaci\u00f3 pr\u00e8via i expressa.<\/p>\n<p>4- RESPONSABILITAT<\/p>\n<p>La nostra intenci\u00f3 \u00e9s oferir un lloc web amb un funcionament continuat i de m\u00e0xima qualitat.<\/p>\n<p>De tota manera, us informem que no podem garantir l\u2019acc\u00e9s continuat i que les p\u00e0gines es puguin trobar impedides, o interrompudes, per factors o circumst\u00e0ncies alienes a la nostra voluntat.<\/p>\n<p>Carrocerias Maser no \u00e9s responsable de la informaci\u00f3 i d\u2019altres continguts integrats en espais o p\u00e0gines web de tercers accessibles mitjan\u00e7ant enlla\u00e7os i hipervincles.<\/p>\n<p>Carrocerias Maser no es fa responsable dels perjudicis que poguessin derivar, entre d\u2019altres, de:<\/p>\n<p>Interfer\u00e8ncies, interrupcions, fallades, omissions, avaries telef\u00f2niques, retards, bloquejos o desconnexions en el funcionament del sistema electr\u00f2nic motivades per defici\u00e8ncies, sobrec\u00e0rregues i errors a les l\u00ednies i xarxes de telecomunicacions.<br \/>Intromissions il\u00b7leg\u00edtimes mitjan\u00e7ant l\u2019\u00fas de programes malignes de qualsevol tipus i mitjan\u00e7ant qualsevol mitj\u00e0 de comunicaci\u00f3.<br \/>\u00das indegut o inadequat del lloc web.<br \/>Errors produ\u00efts per un mal funcionament del navegador o per l\u2019\u00fas de versions no actualitzades.<br \/>En cas que l\u2019usuari causi danys i perjudicis per un \u00fas il\u00b7l\u00edcit o incorrecte d\u2019aquest lloc web, se\u2019l podr\u00e0 reclamar.<\/p>\n<p>Aix\u00ed mateix, l\u2019usuari ha de respondre davant qualsevol dany i perjudici que es derivi de l\u2019\u00fas per part seva de robots, spiders o eines similars utilitzades per demanar o extreure dades o de qualsevol altra actuaci\u00f3 per part seva que imposi una c\u00e0rrega irraonable sobre el funcionament del lloc web.<\/p>\n<p>5 \u2013 \u00daS DE LES COOKIES<\/p>\n<p>Carrocerias Maser, mitjan\u00e7ant la seva web, utilitzar\u00e0 cookies quan l\u2019usuari hi navegui. Les cookies s\u2019associen \u00fanicament a un usuari an\u00f2nim i al vostre ordinador, i no proporcionen refer\u00e8ncies que permetin deduir el nom i cognoms de l\u2019usuari. L\u2019usuari t\u00e9 l\u2019opci\u00f3 d\u2019impedir la generaci\u00f3 de cookies mitjan\u00e7ant la selecci\u00f3 de la corresponent opci\u00f3 al vostre navegador. <a href=\"https:\/\/carroceriasmaser.com\/ca\/politica-de-cookies-cat\/\">Mirar la pol\u00edtica de galetes<\/a>.<\/p>\n<p>6\u2013 LEGISLACI\u00d3<\/p>\n<p>Qualsevol controv\u00e8rsia que sorgeixi o tingui relaci\u00f3 amb l\u2019\u00fas de la p\u00e0gina web ser\u00e0 sotmesa a la jurisdicci\u00f3 no exclusiva dels jutjats i tribunals espanyols.<\/p>\n","protected":false},"excerpt":{"rendered":"<p>Benvingut a la p\u00e0gina web de Carrocerias Maser (carroceriasmaser.com) A continuaci\u00f3, exposem les condicions d\u2019\u00fas d\u2019aquesta p\u00e0gina web. La navegaci\u00f3 per aquesta p\u00e0gina web us atorga el paper d\u2019usuari i, per tant, accepta les cl\u00e0usules detallades en aquest document. 1- IDENTIFICACI\u00d3 De conformitat amb all\u00f2 que disposa l\u2019article 10 de la Llei 34\/2002, d\u201911 de [&hellip;]<\/p>\n","protected":false},"author":1,"featured_media":0,"parent":0,"menu_order":0,"comment_status":"closed","ping_status":"closed","template":"","meta":[],"yoast_head":"<!-- This site is optimized with the Yoast SEO plugin v15.3 - https:\/\/yoast.com\/wordpress\/plugins\/seo\/ -->\n<title>Av\u00eds Legal - Carrocerias Maser<\/title>\n<meta name=\"robots\" content=\"index, follow, max-snippet:-1, max-image-preview:large, max-video-preview:-1\" \/>\n<link rel=\"canonical\" href=\"https:\/\/carroceriasmaser.com\/ca\/avis-legal\/\" \/>\n<meta property=\"og:locale\" content=\"ca_ES\" \/>\n<meta property=\"og:type\" content=\"article\" \/>\n<meta property=\"og:title\" content=\"Av\u00eds Legal - Carrocerias Maser\" \/>\n<meta property=\"og:description\" content=\"Benvingut a la p\u00e0gina web de Carrocerias Maser (carroceriasmaser.com) A continuaci\u00f3, exposem les condicions d\u2019\u00fas d\u2019aquesta p\u00e0gina web. La navegaci\u00f3 per aquesta p\u00e0gina web us atorga el paper d\u2019usuari i, per tant, accepta les cl\u00e0usules detallades en aquest document. 1- IDENTIFICACI\u00d3 De conformitat amb all\u00f2 que disposa l\u2019article 10 de la Llei 34\/2002, d\u201911 de [&hellip;]\" \/>\n<meta property=\"og:url\" content=\"https:\/\/carroceriasmaser.com\/ca\/avis-legal\/\" \/>\n<meta property=\"og:site_name\" content=\"Carrocerias Maser\" \/>\n<meta property=\"article:modified_time\" content=\"2022-12-14T18:01:36+00:00\" \/>\n<meta name=\"twitter:card\" content=\"summary_large_image\" \/>\n<meta name=\"twitter:label1\" content=\"Escrit per\">\n\t<meta name=\"twitter:data1\" content=\"admin\">\n\t<meta name=\"twitter:label2\" content=\"Temps estimat de lectura\">\n\t<meta name=\"twitter:data2\" content=\"3 minuts\">\n<script type=\"application\/ld+json\" class=\"yoast-schema-graph\">{\"@context\":\"https:\/\/schema.org\",\"@graph\":[{\"@type\":\"WebSite\",\"@id\":\"https:\/\/carroceriasmaser.com\/#website\",\"url\":\"https:\/\/carroceriasmaser.com\/\",\"name\":\"Carrocer\\u00edas Maser\",\"description\":\"\",\"potentialAction\":[{\"@type\":\"SearchAction\",\"target\":\"https:\/\/carroceriasmaser.com\/?s={search_term_string}\",\"query-input\":\"required name=search_term_string\"}],\"inLanguage\":\"ca\"},{\"@type\":\"WebPage\",\"@id\":\"https:\/\/carroceriasmaser.com\/ca\/avis-legal\/#webpage\",\"url\":\"https:\/\/carroceriasmaser.com\/ca\/avis-legal\/\",\"name\":\"Av\\u00eds Legal - Carrocerias Maser\",\"isPartOf\":{\"@id\":\"https:\/\/carroceriasmaser.com\/#website\"},\"datePublished\":\"2021-03-16T08:23:31+00:00\",\"dateModified\":\"2022-12-14T18:01:36+00:00\",\"inLanguage\":\"ca\",\"potentialAction\":[{\"@type\":\"ReadAction\",\"target\":[\"https:\/\/carroceriasmaser.com\/ca\/avis-legal\/\"]}]}]}<\/script>\n<!-- \/ Yoast SEO plugin. -->","_links":{"self":[{"href":"https:\/\/carroceriasmaser.com\/ca\/wp-json\/wp\/v2\/pages\/7202"}],"collection":[{"href":"https:\/\/carroceriasmaser.com\/ca\/wp-json\/wp\/v2\/pages"}],"about":[{"href":"https:\/\/carroceriasmaser.com\/ca\/wp-json\/wp\/v2\/types\/page"}],"author":[{"embeddable":true,"href":"https:\/\/carroceriasmaser.com\/ca\/wp-json\/wp\/v2\/users\/1"}],"replies":[{"embeddable":true,"href":"https:\/\/carroceriasmaser.com\/ca\/wp-json\/wp\/v2\/comments?post=7202"}],"version-history":[{"count":3,"href":"https:\/\/carroceriasmaser.com\/ca\/wp-json\/wp\/v2\/pages\/7202\/revisions"}],"predecessor-version":[{"id":7857,"href":"https:\/\/carroceriasmaser.com\/ca\/wp-json\/wp\/v2\/pages\/7202\/revisions\/7857"}],"wp:attachment":[{"href":"https:\/\/carroceriasmaser.com\/ca\/wp-json\/wp\/v2\/media?parent=7202"}],"curies":[{"name":"wp","href":"https:\/\/api.w.org\/{rel}","templated":true}]}}