{"id":7204,"date":"2021-03-16T08:21:33","date_gmt":"2021-03-16T08:21:33","guid":{"rendered":"https:\/\/carroceriasmaser.com\/politica-de-privacidad-y-proteccion-de-datos\/"},"modified":"2022-12-14T18:46:19","modified_gmt":"2022-12-14T18:46:19","slug":"politica-de-privacitat-dades","status":"publish","type":"page","link":"https:\/\/carroceriasmaser.com\/ca\/politica-de-privacitat-dades\/","title":{"rendered":"Pol\u00edtica de privacitat"},"content":{"rendered":"<p><strong>Abast de la pol\u00edtica de protecci\u00f3 de dades personals<\/strong><\/p>\n<p>Aquesta pol\u00edtica de protecci\u00f3 de dades de car\u00e0cter personal abasta qualsevol tractament de dades que pugui produir-se en la presentaci\u00f3 dels nostres serveis presencials, en navegar o interaccionar per en la nostra p\u00e0gina web.\u00a0 Tamb\u00e9 s\u2019aplicar\u00e0 a qualsevol procediment intern de l\u2019empresa que requereixi la recollida de dades, ja sigui en formularis en format paper o qualsevol altre sistema.<\/p>\n<p>En qualsevol d\u2019aquests mitjans, vost\u00e8 pot consultar informaci\u00f3, i en alguns casos omplir formularis, contestar enquestes, participar en concursos, realitzar consultes, enviar fotografies, fer comentaris, etc. \u2026 i, per tant, proporcionar-nos informaci\u00f3 de dades de car\u00e0cter personal. Tots els tractaments estan subjectes a la nostra pol\u00edtica de privacitat.<\/p>\n<p><strong>Qui \u00e9s el Responsable del Tractament de les seves dades personals?<\/strong><\/p>\n<p>En compliment del que estableix el Reglament (UE) 2016\/679 del Parlament Europeu i del Consell de 27 d\u2019abril del 2016, i en compliment de la Llei 3\/2018, de 5 de desembre, de Protecci\u00f3 de dades personals i garantia dels drets digitals, informem, que les dades de car\u00e0cter personal que ens proporcioni seran tractades per Carrocerias Maser.<\/p>\n<p>l\u2019empresa <strong>MASER CARROCERIAS S.L,<\/strong>, amb domicili social a C\/ Canig\u00f3 8 \u2013 25141 Golm\u00e9s, i amb tel\u00e8fon 973 602 509.<\/p>\n<p>La societat es denomina <strong>Carrocerias Maser<\/strong>, amb CIF B-25492679 mail oscar@carroceriasmaser.com<\/p>\n<p><strong>Qui \u00e9s el Delegat de Protecci\u00f3 de Dades Personals?<\/strong><\/p>\n<p>El Delegat de Protecci\u00f3 de Dades Personals \u00e9s la persona encarregada de protegir el dret fonamental a la protecci\u00f3 de dades personals en <strong>Carrocerias Maser<\/strong> i s\u2019encarrega del compliment de la normativa de protecci\u00f3 de dades. Podr\u00e0 contactar amb el delegat de Protecci\u00f3 de Dades Personals en la seg\u00fcent adre\u00e7a oscar@carroceriasmaser.com<\/p>\n<p><strong>Quines Dades Personals es recullen i finalitats de les mateixes?<\/strong><\/p>\n<p><em><u>On line:<\/u><\/em><u> <\/u><\/p>\n<table border=\"1\" width=\"643\" cellspacing=\"3\" cellpadding=\"2\">\n<thead>\n<tr>\n<th width=\"87\"><strong>Apartat<\/strong><\/th>\n<th width=\"100\"><strong>Dades <\/strong><\/th>\n<th width=\"119\">Responsable<\/th>\n<th width=\"157\"><strong>Finalitat i legitimaci\u00f3<\/strong><\/th>\n<th width=\"140\"><strong>Destinataris<\/strong><\/th>\n<\/tr>\n<\/thead>\n<tbody>\n<tr>\n<td width=\"87\"><\/td>\n<td width=\"100\"><\/td>\n<td width=\"119\"><\/td>\n<td width=\"157\"><\/td>\n<td width=\"140\"><\/td>\n<\/tr>\n<tr>\n<td width=\"87\"><\/td>\n<td width=\"100\"><\/td>\n<td width=\"119\"><\/td>\n<td width=\"157\"><\/td>\n<td width=\"140\"><\/td>\n<\/tr>\n<tr>\n<td width=\"87\"><strong>Contacte<\/strong><\/td>\n<td width=\"100\">Nom i cognoms, tel\u00e8fon, mail i poblaci\u00f3<\/td>\n<td width=\"119\"><strong>Carrocerias Maser<\/strong><\/td>\n<td width=\"157\">Gestionar la seva petici\u00f3, legitimat amb el dret leg\u00edtim.<\/td>\n<td width=\"140\"><strong>Carrocerias Maser<\/strong><\/td>\n<\/tr>\n<tr>\n<td width=\"87\"><\/td>\n<td width=\"100\"><\/td>\n<td width=\"119\"><\/td>\n<td width=\"157\"><\/td>\n<td width=\"140\"><\/td>\n<\/tr>\n<tr>\n<td width=\"87\"><\/td>\n<td width=\"100\"><\/td>\n<td width=\"119\"><\/td>\n<td width=\"157\"><\/td>\n<td width=\"140\"><\/td>\n<\/tr>\n<\/tbody>\n<\/table>\n<p>Si dins d\u2019un servei concret es precisa el tractament de dades sensibles sempre ser\u00e0 sota el marc del compliment d\u2019una llei o es requerir\u00e0 el seu consentiment expr\u00e9s.<\/p>\n<p>El seu consentiment pot ser revocat en qualsevol moment.<\/p>\n<p><strong>Carrocerias Maser <\/strong>utilitza eines per analitzar perfils, comportaments o prefer\u00e8ncies dels usuaris i posteriorment realitzar campanyes dirigides en funci\u00f3 d\u2019aquestes dades.<\/p>\n<p><strong>Per quina ra\u00f3 utilitzem les seves dades personals?<\/strong><\/p>\n<p>A continuaci\u00f3 us expliquem la base legal que ens permet tractar les seves dades personals.<\/p>\n<ol>\n<li>En compliment d\u2019una relaci\u00f3 contractual.<\/li>\n<li>Quan ens dona el seu consentiment.<\/li>\n<li>Per inter\u00e8s leg\u00edtim de <strong>Carrocerias Maser<\/strong> en promocionar serveis, productes i iniciatives que puguin interessar.<\/li>\n<li>Compliment d\u2019obligacions imposades per llei.<\/li>\n<\/ol>\n<p>Els recordem que pot revocar el seu consentiment en qualsevol moment a la seg\u00fcent adre\u00e7a: oscar@carroceriasmaser.com<\/p>\n<p><strong>Publicacions de fotos o v\u00eddeos a la p\u00e0gina WEB o a les xarxes socials<\/strong><\/p>\n<p>Per a la publicaci\u00f3 de fotografies o v\u00eddeos dels nostres treballadors, clients, usuaris o menors a la web o xarxes socials, igual que per recopilar dades per realitzar un concurs o tractar qualsevol altra dada personal, pr\u00e8viament obtenim el consentiment previ, expl\u00edcit, indiscutible i informat del titular que, en el cas dels menors de 14 anys, s\u2019atorga pels pares o tutors legals.<\/p>\n<p>El tractament d\u2019aquestes fotos, acata el principi de proporcionalitat, \u00e9s a dir, nom\u00e9s es tracten estrictament per a la finalitat per a la qual s\u2019ha prestat el consentiment.<\/p>\n<p><strong>Dades no pertinents<\/strong><\/p>\n<p><strong>Carrocerias Maser<\/strong> adverteix a l\u2019usuari que, llevat l\u2019exist\u00e8ncia d\u2019una representaci\u00f3 legalment constitu\u00efda, cap usuari pot utilitzar la identitat d\u2019una altra persona i comunicar les seves dades personals, de manera que l\u2019usuari en tot moment haur\u00e0 de tenir en compte que nom\u00e9s pot proporcionar dades personals corresponents a la seva pr\u00f2pia identitat i que aquestes siguin adequades, pertinents, actuals, exactes i veritables.<\/p>\n<p><strong>Quan temps conservarem les seves dades?<\/strong><\/p>\n<p><strong>Carrocerias Maser<\/strong> guarda les seves Dades Personals mentre sigui necessari per a la fi per al qual van ser recopilats. Si la directriu \u00e9s diferent de la indicada en aquesta pol\u00edtica es detallar\u00e0 en el document pertinent.<\/p>\n<p>En el cas de la borsa de treball, les seves dades es conservaran un any si el perfil s\u00b4adequa a les nostres necessitats, en cas contrari es destruiran.<\/p>\n<p><strong>A qui comunicarem les seves dades?<\/strong><\/p>\n<p><strong>Carrocerias Maser <\/strong>nom\u00e9s cedir\u00e0 les seves dades en aquells serveis en els qu\u00e8 s\u2019indica i en els casos previstos per una llei.<br \/>\nNo es realitzaran transfer\u00e8ncies internacionals de les seves dades personals.<\/p>\n<p>En el cas de les xarxes socials, tota la informaci\u00f3 i continguts publicats per l\u2019usuari seran objecte de comunicaci\u00f3 i compartits amb la resta dels usuaris que consultin aquesta xarxa social, per la pr\u00f2pia naturalesa del servei.<\/p>\n<p><strong>Mesures de seguretat<\/strong><\/p>\n<p><strong>Carrocerias Maser<\/strong> assegura l\u2019absoluta confidencialitat i privacitat de les dades personals recollides i per aix\u00f2 s\u2019han adoptat mesures essencials de seguretat per evitar l\u2019alteraci\u00f3, p\u00e8rdua, tractament o acc\u00e9s no autoritzat i garantir aix\u00ed la seva integritat i seguretat.<\/p>\n<p>L\u2019Usuari es compromet a fer un \u00fas diligent i a no posar a la disposici\u00f3 de tercers el seu nom d\u2019usuari i contrasenya, aix\u00ed mateix es compromet a informar a l\u2019empresa de qualsevol robatori, p\u00e8rdua o risc d\u2019acc\u00e9s de tercers al seu usuari.<\/p>\n<p><strong>Quins s\u00f3n els seus drets quan ens facilita les seves dades personals?<\/strong><\/p>\n<table border=\"1\" width=\"643\" cellspacing=\"3\" cellpadding=\"2\">\n<thead>\n<tr>\n<th width=\"104\"><strong>Dret<\/strong><\/th>\n<th width=\"326\"><strong>Contingut<\/strong><\/th>\n<th width=\"187\"><strong>Canal d\u2019atenci\u00f3<\/strong><\/th>\n<\/tr>\n<\/thead>\n<tbody>\n<tr>\n<td width=\"104\"><strong>Acc\u00e9s<\/strong><\/td>\n<td width=\"326\">Podr\u00e0 consultar les dades personals gestionades per <strong>Carrocerias Maser<\/strong><\/td>\n<td rowspan=\"6\" width=\"187\"><a href=\"oscar@carroceriasmaser.com\">oscar@carroceriasmaser.com<\/a><\/td>\n<\/tr>\n<tr>\n<td width=\"104\"><strong>Rectificaci\u00f3<\/strong><\/td>\n<td width=\"326\">Podr\u00e0 modificar les seves dades personals quan aquestes siguin inexactes.<\/td>\n<\/tr>\n<tr>\n<td width=\"104\"><strong>Supressi\u00f3<\/strong><\/td>\n<td width=\"326\">Podr\u00e0 sol\u00b7licitar l\u2019eliminaci\u00f3 de les seves dades personals.<\/td>\n<\/tr>\n<tr>\n<td width=\"104\"><strong>Oposici\u00f3<\/strong><\/td>\n<td width=\"326\">Podr\u00e0 sol\u00b7licitar que no es tractin les seves dades personals.<\/td>\n<\/tr>\n<tr>\n<td width=\"104\"><strong>Limitaci\u00f3 del tractament<\/strong><\/td>\n<td width=\"326\">Podr\u00e0 sol\u00b7licitar la limitaci\u00f3 al tractament de les dades personals en els seg\u00fcents casos:<\/p>\n<ul>\n<li>\u2013 Mentre es comprova la impugnaci\u00f3 de l\u2019exactitud de les seves dades.<\/li>\n<li>Quan <strong>Carrocerias Maser<\/strong> no necessita tractar les seves dades, per\u00f2 vost\u00e8 les necessita per a l\u2019exercici o defensa de reclamacions.<\/li>\n<\/ul>\n<\/td>\n<\/tr>\n<tr>\n<td width=\"104\"><strong>Portabilitat<\/strong><\/td>\n<td width=\"326\">Podr\u00e0 rebre en format electr\u00f2nic les dades que ens ha facilitat en format electr\u00f2nic.<\/td>\n<\/tr>\n<tr>\n<td colspan=\"3\" width=\"631\">Si considera que no hem tractat les seves dades personals d\u2019acord amb la normativa, podeu contactar amb el Delegat de Protecci\u00f3 de Dades a l\u2019adre\u00e7a oscar@carroceriasmaser.com<br \/>\nSi vol , podr\u00e0 presentar una reclamaci\u00f3 a l\u2019Ag\u00e8ncia Espanyola de Protecci\u00f3 de Dades (<a href=\"http:\/\/www.agpd.es\/\">www.agpd.es<\/a>).<\/td>\n<\/tr>\n<tr>\n<td colspan=\"3\" width=\"631\">Per exercir els seus drets, cal que acompanyi la seva sol\u00b7licitud amb una c\u00f2pia del seu DNI o document que acrediti la seva identitat.<\/td>\n<\/tr>\n<tr>\n<td colspan=\"3\" width=\"631\">L\u2019exercici del drets \u00e9s gratu\u00eft.<\/td>\n<\/tr>\n<\/tbody>\n<\/table>\n<p>&nbsp;<\/p>\n","protected":false},"excerpt":{"rendered":"<p>Abast de la pol\u00edtica de protecci\u00f3 de dades personals Aquesta pol\u00edtica de protecci\u00f3 de dades de car\u00e0cter personal abasta qualsevol tractament de dades que pugui produir-se en la presentaci\u00f3 dels nostres serveis presencials, en navegar o interaccionar per en la nostra p\u00e0gina web.\u00a0 Tamb\u00e9 s\u2019aplicar\u00e0 a qualsevol procediment intern de l\u2019empresa que requereixi la recollida [&hellip;]<\/p>\n","protected":false},"author":1,"featured_media":0,"parent":0,"menu_order":0,"comment_status":"closed","ping_status":"closed","template":"","meta":[],"yoast_head":"<!-- This site is optimized with the Yoast SEO plugin v15.3 - https:\/\/yoast.com\/wordpress\/plugins\/seo\/ -->\n<title>Pol\u00edtica de privacitat - Carrocerias Maser<\/title>\n<meta name=\"robots\" content=\"index, follow, max-snippet:-1, max-image-preview:large, max-video-preview:-1\" \/>\n<link rel=\"canonical\" href=\"https:\/\/carroceriasmaser.com\/ca\/politica-de-privacitat-dades\/\" \/>\n<meta property=\"og:locale\" content=\"ca_ES\" \/>\n<meta property=\"og:type\" content=\"article\" \/>\n<meta property=\"og:title\" content=\"Pol\u00edtica de privacitat - Carrocerias Maser\" \/>\n<meta property=\"og:description\" content=\"Abast de la pol\u00edtica de protecci\u00f3 de dades personals Aquesta pol\u00edtica de protecci\u00f3 de dades de car\u00e0cter personal abasta qualsevol tractament de dades que pugui produir-se en la presentaci\u00f3 dels nostres serveis presencials, en navegar o interaccionar per en la nostra p\u00e0gina web.\u00a0 Tamb\u00e9 s\u2019aplicar\u00e0 a qualsevol procediment intern de l\u2019empresa que requereixi la recollida [&hellip;]\" \/>\n<meta property=\"og:url\" content=\"https:\/\/carroceriasmaser.com\/ca\/politica-de-privacitat-dades\/\" \/>\n<meta property=\"og:site_name\" content=\"Carrocerias Maser\" \/>\n<meta property=\"article:modified_time\" content=\"2022-12-14T18:46:19+00:00\" \/>\n<meta name=\"twitter:card\" content=\"summary_large_image\" \/>\n<meta name=\"twitter:label1\" content=\"Escrit per\">\n\t<meta name=\"twitter:data1\" content=\"admin\">\n\t<meta name=\"twitter:label2\" content=\"Temps estimat de lectura\">\n\t<meta name=\"twitter:data2\" content=\"4 minuts\">\n<script type=\"application\/ld+json\" class=\"yoast-schema-graph\">{\"@context\":\"https:\/\/schema.org\",\"@graph\":[{\"@type\":\"WebSite\",\"@id\":\"https:\/\/carroceriasmaser.com\/#website\",\"url\":\"https:\/\/carroceriasmaser.com\/\",\"name\":\"Carrocer\\u00edas Maser\",\"description\":\"\",\"potentialAction\":[{\"@type\":\"SearchAction\",\"target\":\"https:\/\/carroceriasmaser.com\/?s={search_term_string}\",\"query-input\":\"required name=search_term_string\"}],\"inLanguage\":\"ca\"},{\"@type\":\"WebPage\",\"@id\":\"https:\/\/carroceriasmaser.com\/ca\/politica-de-privacitat-dades\/#webpage\",\"url\":\"https:\/\/carroceriasmaser.com\/ca\/politica-de-privacitat-dades\/\",\"name\":\"Pol\\u00edtica de privacitat - Carrocerias Maser\",\"isPartOf\":{\"@id\":\"https:\/\/carroceriasmaser.com\/#website\"},\"datePublished\":\"2021-03-16T08:21:33+00:00\",\"dateModified\":\"2022-12-14T18:46:19+00:00\",\"inLanguage\":\"ca\",\"potentialAction\":[{\"@type\":\"ReadAction\",\"target\":[\"https:\/\/carroceriasmaser.com\/ca\/politica-de-privacitat-dades\/\"]}]}]}<\/script>\n<!-- \/ Yoast SEO plugin. -->","_links":{"self":[{"href":"https:\/\/carroceriasmaser.com\/ca\/wp-json\/wp\/v2\/pages\/7204"}],"collection":[{"href":"https:\/\/carroceriasmaser.com\/ca\/wp-json\/wp\/v2\/pages"}],"about":[{"href":"https:\/\/carroceriasmaser.com\/ca\/wp-json\/wp\/v2\/types\/page"}],"author":[{"embeddable":true,"href":"https:\/\/carroceriasmaser.com\/ca\/wp-json\/wp\/v2\/users\/1"}],"replies":[{"embeddable":true,"href":"https:\/\/carroceriasmaser.com\/ca\/wp-json\/wp\/v2\/comments?post=7204"}],"version-history":[{"count":4,"href":"https:\/\/carroceriasmaser.com\/ca\/wp-json\/wp\/v2\/pages\/7204\/revisions"}],"predecessor-version":[{"id":7870,"href":"https:\/\/carroceriasmaser.com\/ca\/wp-json\/wp\/v2\/pages\/7204\/revisions\/7870"}],"wp:attachment":[{"href":"https:\/\/carroceriasmaser.com\/ca\/wp-json\/wp\/v2\/media?parent=7204"}],"curies":[{"name":"wp","href":"https:\/\/api.w.org\/{rel}","templated":true}]}}