{"id":7206,"date":"2021-03-10T15:27:01","date_gmt":"2021-03-10T15:27:01","guid":{"rendered":"https:\/\/carroceriasmaser.com\/politica-de-cookies\/"},"modified":"2022-12-14T20:49:36","modified_gmt":"2022-12-14T20:49:36","slug":"politica-de-cookies-cat","status":"publish","type":"page","link":"https:\/\/carroceriasmaser.com\/ca\/politica-de-cookies-cat\/","title":{"rendered":"Politica de cookies"},"content":{"rendered":"<p><strong>POL\u00cdTICA DE COOKIES<\/strong><\/p>\n<p>Aquest web utilitza tant galetes temporals de sessi\u00f3 com galetes permanents. Les galetes de sessi\u00f3 emmagatzemen dades \u00fanicament mentre l\u2019usuari accedeix a la web i les galetes permanents emmagatzemen les dades al terminal perqu\u00e8 s\u2019hi pugui accedir i utilitzar-les en m\u00e9s d\u2019una sessi\u00f3.<\/p>\n<p>Segons la finalitat per a la qual es tractin les dades obtingudes a trav\u00e9s de les galetes, la web pot utilitzar:<\/p>\n<p><strong>\u2018Cookies\u2019 t\u00e8cniques<br \/>\n<\/strong><br \/>\nPermeten a l\u2019usuari la navegaci\u00f3 a trav\u00e9s de la p\u00e0gina web o aplicaci\u00f3 i la utilitzaci\u00f3 de les diferents opcions o serveis existents. Per exemple, controlar el tr\u00e0nsit i la comunicaci\u00f3 de dades, identificar la sessi\u00f3, accedir a les parts web d\u2019acc\u00e9s restringit, recordar els elements que integren una comanda, fer la sol\u00b7licitud d\u2019inscripci\u00f3 o participaci\u00f3 en un esdeveniment, utilitzar elements de seguretat durant la navegaci\u00f3 i emmagatzemar continguts per a la difusi\u00f3 de v\u00eddeos o so.<\/p>\n<p><strong>\u2018Cookies\u2019 de personalitzaci\u00f3<br \/>\n<\/strong><br \/>\nPermeten a l\u2019usuari accedir al servei amb algunes caracter\u00edstiques de car\u00e0cter general predefinides al terminal o que ell mateix defineixi. Per exemple, l\u2019idioma, el tipus de navegador mitjan\u00e7ant el qual accediu al servei, el disseny de continguts seleccionat, la geolocalitzaci\u00f3 del terminal i la configuraci\u00f3 regional des d\u2019on s\u2019accedeix al servei.<\/p>\n<p><strong>\u2018Cookies\u2019 d\u2019an\u00e0lisi estad\u00edstica<br \/>\n<\/strong><br \/>\nPermeten fer el seguiment i l\u2019an\u00e0lisi del comportament dels usuaris als llocs web. La informaci\u00f3 recollida mitjan\u00e7ant aquest tipus de cookies s\u2019utilitza en el mesurament de l\u2019activitat dels llocs web, l\u2019aplicaci\u00f3 o la plataforma, i per a l\u2019elaboraci\u00f3 de perfils de navegaci\u00f3 dels usuaris d\u2019aquests llocs per introduir millores en el servei en funci\u00f3 de les dades \u00fas que fan els usuaris.<\/p>\n<p><strong>\u2018Cookies\u2019 de tercers<\/strong><\/p>\n<p>En algunes p\u00e0gines web es poden instal\u00b7lar cookies de tercers que permeten gestionar i millorar els serveis oferts, com ara serveis estad\u00edstics de Google Analytics i Comscore.<\/p>\n<p>Com administrar \u2018cookies\u2019 al navegador?<\/p>\n<p>L\u2019usuari t\u00e9 l\u2019opci\u00f3 de permetre, bloquejar o eliminar les cookies instal\u00b7lades al vostre equip mitjan\u00e7ant la configuraci\u00f3 de les opcions del navegador al terminal:<\/p>\n<p>Per ajustar els permisos relacionats amb les galetes al navegador Google Chrome:<\/p>\n<p>Feu clic al men\u00fa situat a la barra d\u2019eines.<br \/>\nSeleccioneu \u00abConfiguraci\u00f3\u00bb.<br \/>\nFer clic a \u201cMostrar opcions avan\u00e7ades\u201d.<br \/>\nA la secci\u00f3 \u201cPrivadesa\u201d, feu clic al bot\u00f3 \u201cConfiguraci\u00f3 del contingut\u201d.<br \/>\nA la secci\u00f3 de cookies, es poden configurar les opcions.<\/p>\n<p>Per ajustar els permisos relacionats amb les galetes al navegador Mozilla Firefox:<\/p>\n<p>A la part superior de la finestra del Firefox, feu clic al men\u00fa \u201cEines\u201d.<br \/>\nSeleccionar \u201cOpcions\u201d.<br \/>\nSeleccionar el panell \u201cPrivadesa\u201d.<br \/>\nA l\u2019opci\u00f3 Firefox, podreu escollir \u201cUtilitzar una configuraci\u00f3 personalitzada per a l\u2019historial per configurar les opcions\u201d.<\/p>\n<p>Per ajustar els permisos relacionats amb les cookies al navegador Internet Explorer 9*:<\/p>\n<p>A la part superior de la finestra dInternet Explorer, fer clic al men\u00fa \u201cEines\u201d.<br \/>\nSeleccioneu la pestanya \u201cSeguretat\u201d i utilitzeu l\u2019opci\u00f3 \u201cEliminar l\u2019historial d\u2019exploraci\u00f3\u201d per eliminar les galetes. Activar la casella galetes i, a continuaci\u00f3, fer clic a \u201cEliminar\u201d.<br \/>\nSeleccionar la pestanya \u201cSeguretat\u201d i accedir a \u201cConfiguraci\u00f3\u201d. Moure el control lliscant totalment cap amunt per bloquejar totes les galetes o totalment cap avall per permetre totes les galetes. Despr\u00e9s d\u2019aix\u00f2, feu clic a \u201cD\u2019acord\u201d.<br \/>\n*M\u00e9s informaci\u00f3 sobre Internet Explorer 9<\/p>\n<p>En cas de bloquejar l\u2019\u00fas de cookies al vostre navegador, \u00e9s possible que alguns serveis o funcionalitats de la p\u00e0gina web no estiguin disponibles.<br \/>\nEn alguns navegadors es poden configurar regles espec\u00edfiques per administrar cookies per a llocs web, cosa que ofereix un control m\u00e9s prec\u00eds sobre la privadesa. Aix\u00f2 vol dir que es poden inhabilitar cookies de tots els llocs, excepte d\u2019aquells en qu\u00e8 es confi\u00ef.<\/p>\n<p>&nbsp;<\/p>\n<div>\n<div>\n<h3>Google Analytics<\/h3>\n<p>Estad\u00edstiques<\/p>\n<p><label class=\"cmplz_consent_per_service_label\" for=\"cmplz_service_google-analytics\"><span class=\"screen-reader-text\">Consent to service google-analytics<\/span><\/label><\/p>\n<\/div>\n<\/div>\n<div class=\"cmplz-service-description\">\n<h4>\u00das<\/h4>\n<p>Utilitzem Google Analytics per a website statistics. <a href=\"https:\/\/cookiedatabase.org\/service\/google-analytics\/\" target=\"_blank\" rel=\"noopener noreferrer nofollow\">Saber m\u00e9s<\/a><\/p>\n<\/div>\n<div class=\"cmplz-sharing-data\">\n<h4>Compartici\u00f3 de dades<\/h4>\n<p><span class=\"HwtZe\" lang=\"es\"><span class=\"jCAhz ChMk0b\"><span class=\"ryNqvb\">Para m\u00e1s informaci\u00f3n, lea por favor la<\/span><\/span><\/span> <span class=\"HwtZe\" lang=\"es\"><span class=\"jCAhz ChMk0b\"><span class=\"ryNqvb\"><a href=\"https:\/\/policies.google.com\/privacy\">pol\u00edtica de privacidad de Google Analytics<\/a>.<\/span><\/span><\/span><\/p>\n<\/div>\n<p>&nbsp;<\/p>\n<div>\n<div>\n<h3>WPML<\/h3>\n<p>Funcional<\/p>\n<p><label class=\"cmplz_consent_per_service_label\" for=\"cmplz_service_wpml\"><span class=\"screen-reader-text\">Consent to service wpml<\/span><\/label><\/p>\n<\/div>\n<\/div>\n<div class=\"cmplz-service-description\">\n<h4>Uso<\/h4>\n<p>Utilitzem WPML per a locale management. <a href=\"https:\/\/cookiedatabase.org\/service\/wpml\/\" target=\"_blank\" rel=\"noopener noreferrer nofollow\">Saber m\u00e1s<\/a><\/p>\n<\/div>\n<div class=\"cmplz-sharing-data\">\n<h4>Compartici\u00f3 de dades<\/h4>\n<p>Aquestes dades no s\u00f3n compartides amb tercers.<\/p>\n<\/div>\n<div>\n<div>\n<h3><\/h3>\n<h3>Google Fonts<\/h3>\n<p>M\u00e0rqueting\/Seguiment<\/p>\n<p><label class=\"cmplz_consent_per_service_label\" for=\"cmplz_service_google-fonts\"><span class=\"screen-reader-text\">Consent to service google-fonts<\/span><\/label><\/p>\n<\/div>\n<\/div>\n<div class=\"cmplz-service-description\">\n<h4>\u00das<\/h4>\n<p>Utilitzem Google Fonts per a display of webfonts. <a href=\"https:\/\/cookiedatabase.org\/service\/google-fonts\/\" target=\"_blank\" rel=\"noopener noreferrer nofollow\">Saber m\u00e9s<\/a><\/p>\n<\/div>\n<div class=\"cmplz-sharing-data\">\n<h4>Compartici\u00f3 de dades<\/h4>\n<p>Per a m\u00e9s informaci\u00f3, llegiu si us plau la <a href=\"https:\/\/policies.google.com\/privacy\" target=\"_blank\" rel=\"noopener noreferrer nofollow\">pol\u00edtica de privacitat de Google Fonts<\/a>.<\/p>\n<\/div>\n<p>&nbsp;<\/p>\n","protected":false},"excerpt":{"rendered":"<p>POL\u00cdTICA DE COOKIES Aquest web utilitza tant galetes temporals de sessi\u00f3 com galetes permanents. Les galetes de sessi\u00f3 emmagatzemen dades \u00fanicament mentre l\u2019usuari accedeix a la web i les galetes permanents emmagatzemen les dades al terminal perqu\u00e8 s\u2019hi pugui accedir i utilitzar-les en m\u00e9s d\u2019una sessi\u00f3. Segons la finalitat per a la qual es tractin [&hellip;]<\/p>\n","protected":false},"author":1,"featured_media":0,"parent":0,"menu_order":0,"comment_status":"closed","ping_status":"closed","template":"","meta":[],"yoast_head":"<!-- This site is optimized with the Yoast SEO plugin v15.3 - https:\/\/yoast.com\/wordpress\/plugins\/seo\/ -->\n<title>Politica de cookies - Carrocerias Maser<\/title>\n<meta name=\"robots\" content=\"index, follow, max-snippet:-1, max-image-preview:large, max-video-preview:-1\" \/>\n<link rel=\"canonical\" href=\"https:\/\/carroceriasmaser.com\/ca\/politica-de-cookies-cat\/\" \/>\n<meta property=\"og:locale\" content=\"ca_ES\" \/>\n<meta property=\"og:type\" content=\"article\" \/>\n<meta property=\"og:title\" content=\"Politica de cookies - Carrocerias Maser\" \/>\n<meta property=\"og:description\" content=\"POL\u00cdTICA DE COOKIES Aquest web utilitza tant galetes temporals de sessi\u00f3 com galetes permanents. Les galetes de sessi\u00f3 emmagatzemen dades \u00fanicament mentre l\u2019usuari accedeix a la web i les galetes permanents emmagatzemen les dades al terminal perqu\u00e8 s\u2019hi pugui accedir i utilitzar-les en m\u00e9s d\u2019una sessi\u00f3. Segons la finalitat per a la qual es tractin [&hellip;]\" \/>\n<meta property=\"og:url\" content=\"https:\/\/carroceriasmaser.com\/ca\/politica-de-cookies-cat\/\" \/>\n<meta property=\"og:site_name\" content=\"Carrocerias Maser\" \/>\n<meta property=\"article:modified_time\" content=\"2022-12-14T20:49:36+00:00\" \/>\n<meta name=\"twitter:card\" content=\"summary_large_image\" \/>\n<meta name=\"twitter:label1\" content=\"Escrit per\">\n\t<meta name=\"twitter:data1\" content=\"admin\">\n\t<meta name=\"twitter:label2\" content=\"Temps estimat de lectura\">\n\t<meta name=\"twitter:data2\" content=\"3 minuts\">\n<script type=\"application\/ld+json\" class=\"yoast-schema-graph\">{\"@context\":\"https:\/\/schema.org\",\"@graph\":[{\"@type\":\"WebSite\",\"@id\":\"https:\/\/carroceriasmaser.com\/#website\",\"url\":\"https:\/\/carroceriasmaser.com\/\",\"name\":\"Carrocer\\u00edas Maser\",\"description\":\"\",\"potentialAction\":[{\"@type\":\"SearchAction\",\"target\":\"https:\/\/carroceriasmaser.com\/?s={search_term_string}\",\"query-input\":\"required name=search_term_string\"}],\"inLanguage\":\"ca\"},{\"@type\":\"WebPage\",\"@id\":\"https:\/\/carroceriasmaser.com\/ca\/politica-de-cookies-cat\/#webpage\",\"url\":\"https:\/\/carroceriasmaser.com\/ca\/politica-de-cookies-cat\/\",\"name\":\"Politica de cookies - Carrocerias Maser\",\"isPartOf\":{\"@id\":\"https:\/\/carroceriasmaser.com\/#website\"},\"datePublished\":\"2021-03-10T15:27:01+00:00\",\"dateModified\":\"2022-12-14T20:49:36+00:00\",\"inLanguage\":\"ca\",\"potentialAction\":[{\"@type\":\"ReadAction\",\"target\":[\"https:\/\/carroceriasmaser.com\/ca\/politica-de-cookies-cat\/\"]}]}]}<\/script>\n<!-- \/ Yoast SEO plugin. -->","_links":{"self":[{"href":"https:\/\/carroceriasmaser.com\/ca\/wp-json\/wp\/v2\/pages\/7206"}],"collection":[{"href":"https:\/\/carroceriasmaser.com\/ca\/wp-json\/wp\/v2\/pages"}],"about":[{"href":"https:\/\/carroceriasmaser.com\/ca\/wp-json\/wp\/v2\/types\/page"}],"author":[{"embeddable":true,"href":"https:\/\/carroceriasmaser.com\/ca\/wp-json\/wp\/v2\/users\/1"}],"replies":[{"embeddable":true,"href":"https:\/\/carroceriasmaser.com\/ca\/wp-json\/wp\/v2\/comments?post=7206"}],"version-history":[{"count":4,"href":"https:\/\/carroceriasmaser.com\/ca\/wp-json\/wp\/v2\/pages\/7206\/revisions"}],"predecessor-version":[{"id":7894,"href":"https:\/\/carroceriasmaser.com\/ca\/wp-json\/wp\/v2\/pages\/7206\/revisions\/7894"}],"wp:attachment":[{"href":"https:\/\/carroceriasmaser.com\/ca\/wp-json\/wp\/v2\/media?parent=7206"}],"curies":[{"name":"wp","href":"https:\/\/api.w.org\/{rel}","templated":true}]}}