{"id":7691,"date":"2016-01-30T10:24:11","date_gmt":"2016-01-30T10:24:11","guid":{"rendered":"https:\/\/carroceriasmaser.com\/home-creative-agency\/"},"modified":"2026-02-03T13:38:10","modified_gmt":"2026-02-03T13:38:10","slug":"home-creative-agency","status":"publish","type":"page","link":"https:\/\/carroceriasmaser.com\/de\/","title":{"rendered":"Home"},"content":{"rendered":"<p>[vc_row row_style=&#8220;full-width&#8220; padding_size=&#8220;no-padding&#8220;][vc_column padding_size=&#8220;no-padding&#8220;][rev_slider_vc alias=&#8220;carrocerias-maser-11&#8243;][\/vc_column][\/vc_row][vc_row overlap=&#8220;bottom&#8220; overlap_distance=&#8220;0&#8243; overlap_index=&#8220;50&#8243; padding_size=&#8220;l-padding&#8220; css=&#8220;.vc_custom_1445754657417{padding-bottom: 0px !important;}&#8220;][vc_column overlap=&#8220;bottom&#8220; overlap_distance=&#8220;95px&#8220; overlap_index=&#8220;50&#8243; width=&#8220;1\/3&#8243;][vc_row_inner][vc_column_inner offset=&#8220;vc_hidden-sm vc_hidden-xs&#8220;][vc_empty_space height=&#8220;0&#8243;][\/vc_column_inner][\/vc_row_inner][wyde_heading title_tag=&#8220;h4&#8243; style=&#8220;2&#8243; text_align=&#8220;left&#8220; title=&#8220;Wer sind wir?&#8220; subheading=&#8220;Maser Carrocer\u00edas&#8220;][vc_empty_space height=&#8220;20px&#8220;][vc_column_text]<strong>MASER CARROCERIAS S.L.<\/strong> ist ein <strong>Unternehmen, das sich auf den Bau von<\/strong><br \/>\n<strong>Aluminiumanh\u00e4ngern und -sattelaufliegern f\u00fcr den Transport von lebenden Tieren<\/strong><br \/>\nspezialisiert hat.<\/p>\n<p>Dank unserer mehr als 35-j\u00e4hrigen Erfahrung in diesem Sektor ist <strong>MASER<\/strong><br \/>\n<strong>CARROCERIAS S.L. zu einer nationalen Referenz im Bereich der Tiertransporte <\/strong>geworden.[\/vc_column_text][vc_empty_space height=&#8220;25px&#8220;][wyde_button title=&#8220;Weiterlesen&#8220; link=&#8220;url:https%3A%2F%2Fcarroceriasmaser.com%2Fde%2Fdas-unternehmen%2F|title:La%20Empresa&#8220;][vc_empty_space height=&#8220;150px&#8220;][\/vc_column][vc_column padding_size=&#8220;no-padding&#8220; width=&#8220;2\/3&#8243;][vc_empty_space height=&#8220;80px&#8220;][vc_single_image img_size=&#8220;overlap-fullwidth&#8220; alignment=&#8220;center&#8220; image=&#8220;6944&#8243;][\/vc_column][\/vc_row][vc_row padding_size=&#8220;no-padding&#8220; background_overlay=&#8220;color&#8220; overlay_color=&#8220;#000000&#8243; overlay_opacity=&#8220;0.2&#8243; parallax=&#8220;parallax&#8220; bg_image_url=&#8220;https:\/\/carroceriasmaser.com\/wp-content\/uploads\/2020\/11\/carroceria-transporte-animal-maser-150&#215;150.jpg&#8220; background_image=&#8220;6779&#8243;][vc_column width=&#8220;1\/3&#8243; offset=&#8220;vc_hidden-sm vc_hidden-xs&#8220;][\/vc_column][vc_column overlap=&#8220;bottom&#8220; overlap_distance=&#8220;100px&#8220; overlap_index=&#8220;50&#8243; width=&#8220;2\/3&#8243;][vc_row_inner background_color=&#8220;#ffffff&#8220; css=&#8220;.vc_custom_1445753439968{padding-top: 30px !important;padding-right: 15px !important;padding-bottom: 30px !important;padding-left: 15px !important;}&#8220;][vc_column_inner width=&#8220;1\/2&#8243;][vc_single_image alignment=&#8220;center&#8220; image=&#8220;7953&#8243;][\/vc_column_inner][vc_column_inner overlap=&#8220;right&#8220; overlap_distance=&#8220;0&#8243; overlap_index=&#8220;50&#8243; width=&#8220;1\/2&#8243;][wyde_heading style=&#8220;6&#8243; text_align=&#8220;left&#8220; title=&#8220;Konstruktion von Karosserien f\u00fcr Tiertransporte&#8220;][vc_empty_space height=&#8220;15px&#8220;][vc_column_text]Unsere <strong>Karosserien<\/strong> werden nach den besten Qualit\u00e4tsstandards gefertigt, um eine <strong>lange Lebensdauer des Fahrzeugs<\/strong> und ein hohes Ma\u00df an Robustheit und Zuverl\u00e4ssigkeit im Einsatz zu gew\u00e4hrleisten.<\/p>\n<ul>\n<li>Wir verwenden die <strong>besten Legierungen<\/strong> f\u00fcr Peripherieger\u00e4te und Aluminiumbleche.<\/li>\n<li><strong>Hydraulische Technologie<\/strong> in der Hebeb\u00fchne, die f\u00fcr Robustheit im Be- und Entladeprozess<br \/>\nsorgt.<\/li>\n<li>Wir bauen <strong>redudante Elemente<\/strong> in die kritischsten Teile ein, um Ausf\u00e4lle im Falle von<br \/>\nPannen zu vermeiden.<\/li>\n<li>Verwendung <strong>hochwertiger Markenkomponenten<\/strong>.<\/li>\n<\/ul>\n<p>[\/vc_column_text][vc_empty_space height=&#8220;15px&#8220;][wyde_link_button size=&#8220;large&#8220; title=&#8220;Sehen Sie mehr&#8220; link=&#8220;url:https%3A%2F%2Fcarroceriasmaser.com%2Fde%2Fwir-stellen-karosserien-her%2F|title:Fabricaci%C3%B3n%20de%20Carrocer%C3%ADas&#8220; color=&#8220;#ffffff&#8220; bg_color=&#8220;#000000&#8243; css=&#8220;.vc_custom_1668531320222{background-color: #000000 !important;}&#8220; icon=&#8220;fa fa-sign-in&#8220;][\/vc_column_inner][\/vc_row_inner][\/vc_column][\/vc_row][vc_row padding_size=&#8220;no-padding&#8220;][vc_column offset=&#8220;vc_hidden-sm vc_hidden-xs&#8220;][vc_empty_space height=&#8220;180px&#8220;][\/vc_column][\/vc_row][vc_row row_style=&#8220;full-width&#8220; equal_height=&#8220;true&#8220; vertical_align=&#8220;bottom&#8220; padding_size=&#8220;no-padding&#8220;][vc_column padding_size=&#8220;no-padding&#8220; width=&#8220;1\/2&#8243;][vc_single_image alignment=&#8220;center&#8220; image=&#8220;6984&#8243;][\/vc_column][vc_column width=&#8220;1\/2&#8243; css=&#8220;.vc_custom_1445754246192{padding-right: 2% !important;padding-left: 2% !important;}&#8220;][vc_row_inner][vc_column_inner width=&#8220;5\/6&#8243;][vc_column_text][\/vc_column_text][wyde_heading title_tag=&#8220;h4&#8243; style=&#8220;2&#8243; text_align=&#8220;left&#8220; title=&#8220;Dienstleistungen&#8220;][vc_empty_space height=&#8220;20px&#8220;][vc_column_text]<\/p>\n<ul type=\"disc\">\n<li class=\"x_x_MsoListParagraphCxSpFirst\">Wir beraten Sie bei der Wahl der Karosserie, die am besten zu Ihrem Transportbedarf passt.<\/li>\n<li class=\"x_x_MsoListParagraphCxSpMiddle\">Wir helfen Ihnen, einen K\u00e4ufer f\u00fcr Ihren gebrauchten K\u00e4fig zu finden.<\/li>\n<li class=\"x_x_MsoListParagraphCxSpLast\">Wir bieten Ihnen einen Wartungsservice f\u00fcr Ihre K\u00e4figflotte von au\u00dfergew\u00f6hnlicher<br \/>\nQualit\u00e4t.<\/li>\n<\/ul>\n<p>[\/vc_column_text][\/vc_column_inner][vc_column_inner width=&#8220;1\/6&#8243; offset=&#8220;vc_hidden-md vc_hidden-sm vc_hidden-xs&#8220;][\/vc_column_inner][\/vc_row_inner][\/vc_column][\/vc_row][vc_row text_style=&#8220;light&#8220; padding_size=&#8220;no-padding&#8220;][vc_column offset=&#8220;vc_hidden-sm vc_hidden-xs&#8220;][vc_empty_space height=&#8220;130px&#8220;][\/vc_column][\/vc_row][vc_row background_overlay=&#8220;color&#8220; overlay_color=&#8220;#000000&#8243; overlay_opacity=&#8220;0.3&#8243; parallax=&#8220;parallax&#8220; bg_image_url=&#8220;https:\/\/carroceriasmaser.com\/wp-content\/uploads\/2021\/01\/carroceria-transporte-animal-maser-3-150&#215;150.jpg&#8220; background_image=&#8220;6839&#8243;][vc_column overlap=&#8220;top&#8220; overlap_distance=&#8220;145px&#8220; overlap_index=&#8220;50&#8243; text_align=&#8220;center&#8220;][wyde_heading style=&#8220;4&#8243;][vc_custom_heading text=&#8220;Brauchen Sie eine Karosserie f\u00fcr Ihren Transport?&#8220; font_container=&#8220;tag:h2|font_size:58px|text_align:center|color:%23ffffff|line_height:60px&#8220; google_fonts=&#8220;font_family:Montserrat%3Aregular%2C700|font_style:700%20bold%20regular%3A700%3Anormal&#8220;][vc_empty_space][wyde_button title=&#8220;Kontaktieren Sie Uns&#8220; size=&#8220;large&#8220; link=&#8220;url:https%3A%2F%2Fcarroceriasmaser.com%2Fde%2Fkontakt%2F|title:Contacto&#8220; color=&#8220;#ffffff&#8220; bg_color=&#8220;#d13030&#8243; css=&#8220;.vc_custom_1668532291854{background-color: #000000 !important;}&#8220;][\/vc_column][\/vc_row][vc_row overlap=&#8220;top&#8220; overlap_index=&#8220;50&#8243; padding_size=&#8220;no-padding&#8220;][vc_column padding_size=&#8220;no-padding&#8220;][vc_row_inner padding_size=&#8220;no-padding&#8220;][vc_column_inner padding_size=&#8220;no-padding&#8220; offset=&#8220;vc_hidden-lg vc_hidden-md&#8220;][vc_empty_space height=&#8220;40px&#8220;][\/vc_column_inner][\/vc_row_inner][vc_row_inner overlap=&#8220;top&#8220; overlap_distance=&#8220;95px&#8220; overlap_index=&#8220;50&#8243; padding_size=&#8220;no-padding&#8220; background_color=&#8220;#ffffff&#8220; css=&#8220;.vc_custom_1457006069918{padding: 30px !important;}&#8220;][vc_column_inner padding_size=&#8220;no-padding&#8220;][wyde_portfolio_grid view=&#8220;photoset&#8220; columns=&#8220;3&#8243; title=&#8220;Konfigurationen&#8220; subtitle=&#8220;ENTWICKELT IN CARROCERIAS MASER&#8220;][vc_empty_space height=&#8220;5px&#8220;][\/vc_column_inner][\/vc_row_inner][vc_empty_space height=&#8220;70px&#8220;][vc_column_text]<\/p>\n<h2 style=\"text-align: center;\"><strong>Anh\u00e4nger und Sattelauflieger f\u00fcr den Tiertransport.<\/strong><\/h2>\n<p>[\/vc_column_text][vc_empty_space][vc_single_image image=&#8220;7261&#8243;][\/vc_column][\/vc_row][vc_row row_style=&#8220;full-screen&#8220; padding_size=&#8220;no-padding&#8220; background_style=&#8220;contain&#8220; background_position=&#8220;center bottom&#8220; background_image=&#8220;6986&#8243; bg_image_url=&#8220;https:\/\/carroceriasmaser.com\/wp-content\/uploads\/2021\/03\/maser-carrocerias-6-150&#215;150.jpg&#8220;][vc_column css=&#8220;.vc_custom_1457065870216{padding-top: 30px !important;padding-right: 30px !important;padding-bottom: 30px !important;padding-left: 30px !important;}&#8220;][vc_empty_space height=&#8220;0&#8243;][vc_row_inner][vc_column_inner text_align=&#8220;center&#8220;][wyde_heading style=&#8220;4&#8243; title=&#8220;Wir fertigen&#8220;][vc_custom_heading text=&#8220;die Karosserie nach Ihren&#8220; font_container=&#8220;tag:h4|font_size:70px|text_align:center|line_height:80px&#8220; google_fonts=&#8220;font_family:Montserrat%3Aregular%2C700|font_style:400%20regular%3A400%3Anormal&#8220; text_transform=&#8220;lowercase&#8220;][vc_custom_heading text=&#8220;Transportbed\u00fcrfnissen&#8220; font_container=&#8220;tag:h2|font_size:105px|text_align:center|color:%23ff0008|line_height:105px&#8220; google_fonts=&#8220;font_family:Montserrat%3Aregular%2C700|font_style:700%20bold%20regular%3A700%3Anormal&#8220; text_transform=&#8220;uppercase&#8220;][wyde_button title=&#8220;Reden wir dar\u00fcber?&#8220; size=&#8220;large&#8220; link=&#8220;url:https%3A%2F%2Fcarroceriasmaser.com%2Fde%2Fkontakt%2F|title:Contacto&#8220; color=&#8220;#ffffff&#8220; bg_color=&#8220;#ff0008&#8243; css=&#8220;.vc_custom_1668532371726{background-color: #000000 !important;}&#8220;][vc_empty_space height=&#8220;100px&#8220;][\/vc_column_inner][\/vc_row_inner][vc_empty_space height=&#8220;100px&#8220;][vc_row_inner padding_size=&#8220;no-padding&#8220;][vc_column_inner padding_size=&#8220;no-padding&#8220; offset=&#8220;vc_hidden-sm vc_hidden-xs&#8220;][vc_empty_space height=&#8220;5px&#8220;][\/vc_column_inner][\/vc_row_inner][\/vc_column][\/vc_row][vc_row row_style=&#8220;full-width&#8220; padding_size=&#8220;no-padding&#8220; background_color=&#8220;#000000&#8243;][vc_column][vc_empty_space height=&#8220;125px&#8220;][vc_single_image alignment=&#8220;center&#8220; image=&#8220;7943&#8243;][vc_empty_space height=&#8220;125px&#8220;][\/vc_column][\/vc_row]<\/p>\n","protected":false},"excerpt":{"rendered":"<p>[vc_row row_style=&#8220;full-width&#8220; padding_size=&#8220;no-padding&#8220;][vc_column padding_size=&#8220;no-padding&#8220;][rev_slider_vc alias=&#8220;carrocerias-maser-11&#8243;][\/vc_column][\/vc_row][vc_row overlap=&#8220;bottom&#8220; overlap_distance=&#8220;0&#8243; overlap_index=&#8220;50&#8243; padding_size=&#8220;l-padding&#8220; css=&#8220;.vc_custom_1445754657417{padding-bottom: 0px !important;}&#8220;][vc_column overlap=&#8220;bottom&#8220; overlap_distance=&#8220;95px&#8220; overlap_index=&#8220;50&#8243; width=&#8220;1\/3&#8243;][vc_row_inner][vc_column_inner offset=&#8220;vc_hidden-sm vc_hidden-xs&#8220;][vc_empty_space height=&#8220;0&#8243;][\/vc_column_inner][\/vc_row_inner][wyde_heading title_tag=&#8220;h4&#8243; style=&#8220;2&#8243; text_align=&#8220;left&#8220; title=&#8220;Wer sind wir?&#8220; subheading=&#8220;Maser Carrocer\u00edas&#8220;][vc_empty_space height=&#8220;20px&#8220;][vc_column_text]MASER CARROCERIAS S.L. ist ein Unternehmen, das sich auf den Bau von Aluminiumanh\u00e4ngern und -sattelaufliegern f\u00fcr den Transport von lebenden Tieren spezialisiert hat. Dank unserer mehr als 35-j\u00e4hrigen [&hellip;]<\/p>\n","protected":false},"author":1,"featured_media":0,"parent":0,"menu_order":0,"comment_status":"closed","ping_status":"closed","template":"","meta":[],"yoast_head":"<!-- This site is optimized with the Yoast SEO plugin v15.3 - https:\/\/yoast.com\/wordpress\/plugins\/seo\/ -->\n<title>Carrocer\u00edas Maser - Fabricaci\u00f3n de remolques para transporte animal<\/title>\n<meta name=\"description\" content=\"Construcci\u00f3n de remolques y semi-remolques de aluminio para el transporte de animales vivos. Fabricaci\u00f3n de carrocer\u00edas. Jaulas ganaderas.\" \/>\n<meta name=\"robots\" content=\"index, follow, max-snippet:-1, max-image-preview:large, max-video-preview:-1\" \/>\n<link rel=\"canonical\" href=\"https:\/\/carroceriasmaser.com\/de\/\" \/>\n<meta property=\"og:locale\" content=\"de_DE\" \/>\n<meta property=\"og:type\" content=\"article\" \/>\n<meta property=\"og:title\" content=\"Carrocer\u00edas Maser - Fabricaci\u00f3n de remolques para transporte animal\" \/>\n<meta property=\"og:description\" content=\"Construcci\u00f3n de remolques y semi-remolques de aluminio para el transporte de animales vivos. Fabricaci\u00f3n de carrocer\u00edas. Jaulas ganaderas.\" \/>\n<meta property=\"og:url\" content=\"https:\/\/carroceriasmaser.com\/de\/\" \/>\n<meta property=\"og:site_name\" content=\"Carrocerias Maser\" \/>\n<meta property=\"article:modified_time\" content=\"2026-02-03T13:38:10+00:00\" \/>\n<meta name=\"twitter:card\" content=\"summary_large_image\" \/>\n<meta name=\"twitter:label1\" content=\"Verfasst von\">\n\t<meta name=\"twitter:data1\" content=\"admin\">\n\t<meta name=\"twitter:label2\" content=\"Gesch\u00e4tzte Lesezeit\">\n\t<meta name=\"twitter:data2\" content=\"4\u00a0Minuten\">\n<script type=\"application\/ld+json\" class=\"yoast-schema-graph\">{\"@context\":\"https:\/\/schema.org\",\"@graph\":[{\"@type\":\"WebSite\",\"@id\":\"https:\/\/carroceriasmaser.com\/#website\",\"url\":\"https:\/\/carroceriasmaser.com\/\",\"name\":\"Carrocer\\u00edas Maser\",\"description\":\"\",\"potentialAction\":[{\"@type\":\"SearchAction\",\"target\":\"https:\/\/carroceriasmaser.com\/?s={search_term_string}\",\"query-input\":\"required name=search_term_string\"}],\"inLanguage\":\"de\"},{\"@type\":\"WebPage\",\"@id\":\"https:\/\/carroceriasmaser.com\/de\/#webpage\",\"url\":\"https:\/\/carroceriasmaser.com\/de\/\",\"name\":\"Carrocer\\u00edas Maser - Fabricaci\\u00f3n de remolques para transporte animal\",\"isPartOf\":{\"@id\":\"https:\/\/carroceriasmaser.com\/#website\"},\"datePublished\":\"2016-01-30T10:24:11+00:00\",\"dateModified\":\"2026-02-03T13:38:10+00:00\",\"description\":\"Construcci\\u00f3n de remolques y semi-remolques de aluminio para el transporte de animales vivos. Fabricaci\\u00f3n de carrocer\\u00edas. Jaulas ganaderas.\",\"inLanguage\":\"de\",\"potentialAction\":[{\"@type\":\"ReadAction\",\"target\":[\"https:\/\/carroceriasmaser.com\/de\/\"]}]}]}<\/script>\n<!-- \/ Yoast SEO plugin. -->","_links":{"self":[{"href":"https:\/\/carroceriasmaser.com\/de\/wp-json\/wp\/v2\/pages\/7691"}],"collection":[{"href":"https:\/\/carroceriasmaser.com\/de\/wp-json\/wp\/v2\/pages"}],"about":[{"href":"https:\/\/carroceriasmaser.com\/de\/wp-json\/wp\/v2\/types\/page"}],"author":[{"embeddable":true,"href":"https:\/\/carroceriasmaser.com\/de\/wp-json\/wp\/v2\/users\/1"}],"replies":[{"embeddable":true,"href":"https:\/\/carroceriasmaser.com\/de\/wp-json\/wp\/v2\/comments?post=7691"}],"version-history":[{"count":9,"href":"https:\/\/carroceriasmaser.com\/de\/wp-json\/wp\/v2\/pages\/7691\/revisions"}],"predecessor-version":[{"id":7972,"href":"https:\/\/carroceriasmaser.com\/de\/wp-json\/wp\/v2\/pages\/7691\/revisions\/7972"}],"wp:attachment":[{"href":"https:\/\/carroceriasmaser.com\/de\/wp-json\/wp\/v2\/media?parent=7691"}],"curies":[{"name":"wp","href":"https:\/\/api.w.org\/{rel}","templated":true}]}}