{"id":7693,"date":"2016-01-22T14:16:25","date_gmt":"2016-01-22T14:16:25","guid":{"rendered":"https:\/\/carroceriasmaser.com\/empresa\/"},"modified":"2022-11-15T11:14:03","modified_gmt":"2022-11-15T11:14:03","slug":"das-unternehmen","status":"publish","type":"page","link":"https:\/\/carroceriasmaser.com\/de\/das-unternehmen\/","title":{"rendered":"Das Unternehmen"},"content":{"rendered":"<p>[vc_row css=&#8220;.vc_custom_1450857573067{padding-top: 60px !important;}&#8220;][vc_column width=&#8220;1\/2&#8243;][vc_single_image image=&#8220;6875&#8243;][\/vc_column][vc_column overlap=&#8220;left&#8220; overlap_distance=&#8220;0&#8243; overlap_index=&#8220;50&#8243; width=&#8220;1\/2&#8243;][wyde_heading text_align=&#8220;left&#8220; title=&#8220;Maser Carrocerias&#8220;][vc_empty_space][vc_column_text]Ist ein Unternehmen, <strong>das sich auf den Bau von Aluminiumanh\u00e4ngern und -sattelaufliegern f\u00fcr den Transport von lebenden Tieren<\/strong> spezialisiert hat.<\/p>\n<p>Dank unserer mehr als 35-j\u00e4hrigen Erfahrung in diesem Sektor ist <strong>MASER<\/strong><br \/>\n<strong>CARROCERIAS S.L. zu einer nationalen Referenz im Bereich der Tiertransporte <\/strong>geworden.<\/p>\n<p>&nbsp;<\/p>\n<p><strong>GESCHICHTE<\/strong><\/p>\n<p>MASER CARROCERIAS S.L. wurde 1985 gegr\u00fcndet, als Pere Mayoral und Juli\u00e0 Serra eine Partnerschaft eingingen, um gemeinsam mit der <strong>Herstellung von Karosserien f\u00fcr den Schweinetransport zu beginnen.<\/strong><\/p>\n<p>Im Laufe all dieser Jahre hat sich das Unternehmen gem\u00e4\u00df den <strong>Werten seiner Gr\u00fcnder<\/strong>, die auch heute noch Bestand haben, deutlich weiterentwickelt:<\/p>\n<ul>\n<li><strong>N\u00e4he zu unseren Kunden<\/strong><\/li>\n<li><strong>Praktibilit\u00e4t<\/strong><\/li>\n<li><strong>Ehrlichkeit<\/strong><\/li>\n<li><strong>Au\u03b2ergew\u00f6hnlicher Service<\/strong><\/li>\n<\/ul>\n<p>Seit 2018 ist die Leitung von <strong>MASER CARROCERIAS S.L.<\/strong> in die H\u00e4nde der zweiten Generation von Partnern \u00fcbergegangen, wodurch eine neue Phase eingeleitet wurde, <strong>in der in der Professionalit\u00e4t und kontinuierliche Verbesserung der Prozesse<\/strong> die zentralen S\u00e4ulen unseres Unternehmens sind, um <strong>unseren Kunden<\/strong> die besten Karosserien und den <strong>besten Service<\/strong> zu bieten.[\/vc_column_text][vc_empty_space][\/vc_column][\/vc_row]<\/p>\n","protected":false},"excerpt":{"rendered":"<p>[vc_row css=&#8220;.vc_custom_1450857573067{padding-top: 60px !important;}&#8220;][vc_column width=&#8220;1\/2&#8243;][vc_single_image image=&#8220;6875&#8243;][\/vc_column][vc_column overlap=&#8220;left&#8220; overlap_distance=&#8220;0&#8243; overlap_index=&#8220;50&#8243; width=&#8220;1\/2&#8243;][wyde_heading text_align=&#8220;left&#8220; title=&#8220;Maser Carrocerias&#8220;][vc_empty_space][vc_column_text]Ist ein Unternehmen, das sich auf den Bau von Aluminiumanh\u00e4ngern und -sattelaufliegern f\u00fcr den Transport von lebenden Tieren spezialisiert hat. Dank unserer mehr als 35-j\u00e4hrigen Erfahrung in diesem Sektor ist MASER CARROCERIAS S.L. zu einer nationalen Referenz im Bereich der Tiertransporte geworden. &nbsp; [&hellip;]<\/p>\n","protected":false},"author":1,"featured_media":0,"parent":0,"menu_order":0,"comment_status":"closed","ping_status":"closed","template":"","meta":[],"yoast_head":"<!-- This site is optimized with the Yoast SEO plugin v15.3 - https:\/\/yoast.com\/wordpress\/plugins\/seo\/ -->\n<title>Das Unternehmen - Carrocerias Maser<\/title>\n<meta name=\"robots\" content=\"index, follow, max-snippet:-1, max-image-preview:large, max-video-preview:-1\" \/>\n<link rel=\"canonical\" href=\"https:\/\/carroceriasmaser.com\/de\/das-unternehmen\/\" \/>\n<meta property=\"og:locale\" content=\"de_DE\" \/>\n<meta property=\"og:type\" content=\"article\" \/>\n<meta property=\"og:title\" content=\"Das Unternehmen - Carrocerias Maser\" \/>\n<meta property=\"og:description\" content=\"[vc_row css=&#8220;.vc_custom_1450857573067{padding-top: 60px !important;}&#8220;][vc_column width=&#8220;1\/2&#8243;][vc_single_image image=&#8220;6875&#8243;][\/vc_column][vc_column overlap=&#8220;left&#8220; overlap_distance=&#8220;0&#8243; overlap_index=&#8220;50&#8243; width=&#8220;1\/2&#8243;][wyde_heading text_align=&#8220;left&#8220; title=&#8220;Maser Carrocerias&#8220;][vc_empty_space][vc_column_text]Ist ein Unternehmen, das sich auf den Bau von Aluminiumanh\u00e4ngern und -sattelaufliegern f\u00fcr den Transport von lebenden Tieren spezialisiert hat. Dank unserer mehr als 35-j\u00e4hrigen Erfahrung in diesem Sektor ist MASER CARROCERIAS S.L. zu einer nationalen Referenz im Bereich der Tiertransporte geworden. &nbsp; [&hellip;]\" \/>\n<meta property=\"og:url\" content=\"https:\/\/carroceriasmaser.com\/de\/das-unternehmen\/\" \/>\n<meta property=\"og:site_name\" content=\"Carrocerias Maser\" \/>\n<meta property=\"article:modified_time\" content=\"2022-11-15T11:14:03+00:00\" \/>\n<meta name=\"twitter:card\" content=\"summary_large_image\" \/>\n<meta name=\"twitter:label1\" content=\"Verfasst von\">\n\t<meta name=\"twitter:data1\" content=\"admin\">\n\t<meta name=\"twitter:label2\" content=\"Gesch\u00e4tzte Lesezeit\">\n\t<meta name=\"twitter:data2\" content=\"1\u00a0Minute\">\n<script type=\"application\/ld+json\" class=\"yoast-schema-graph\">{\"@context\":\"https:\/\/schema.org\",\"@graph\":[{\"@type\":\"WebSite\",\"@id\":\"https:\/\/carroceriasmaser.com\/#website\",\"url\":\"https:\/\/carroceriasmaser.com\/\",\"name\":\"Carrocer\\u00edas Maser\",\"description\":\"\",\"potentialAction\":[{\"@type\":\"SearchAction\",\"target\":\"https:\/\/carroceriasmaser.com\/?s={search_term_string}\",\"query-input\":\"required name=search_term_string\"}],\"inLanguage\":\"de\"},{\"@type\":\"WebPage\",\"@id\":\"https:\/\/carroceriasmaser.com\/de\/das-unternehmen\/#webpage\",\"url\":\"https:\/\/carroceriasmaser.com\/de\/das-unternehmen\/\",\"name\":\"Das Unternehmen - Carrocerias Maser\",\"isPartOf\":{\"@id\":\"https:\/\/carroceriasmaser.com\/#website\"},\"datePublished\":\"2016-01-22T14:16:25+00:00\",\"dateModified\":\"2022-11-15T11:14:03+00:00\",\"inLanguage\":\"de\",\"potentialAction\":[{\"@type\":\"ReadAction\",\"target\":[\"https:\/\/carroceriasmaser.com\/de\/das-unternehmen\/\"]}]}]}<\/script>\n<!-- \/ Yoast SEO plugin. -->","_links":{"self":[{"href":"https:\/\/carroceriasmaser.com\/de\/wp-json\/wp\/v2\/pages\/7693"}],"collection":[{"href":"https:\/\/carroceriasmaser.com\/de\/wp-json\/wp\/v2\/pages"}],"about":[{"href":"https:\/\/carroceriasmaser.com\/de\/wp-json\/wp\/v2\/types\/page"}],"author":[{"embeddable":true,"href":"https:\/\/carroceriasmaser.com\/de\/wp-json\/wp\/v2\/users\/1"}],"replies":[{"embeddable":true,"href":"https:\/\/carroceriasmaser.com\/de\/wp-json\/wp\/v2\/comments?post=7693"}],"version-history":[{"count":4,"href":"https:\/\/carroceriasmaser.com\/de\/wp-json\/wp\/v2\/pages\/7693\/revisions"}],"predecessor-version":[{"id":7699,"href":"https:\/\/carroceriasmaser.com\/de\/wp-json\/wp\/v2\/pages\/7693\/revisions\/7699"}],"wp:attachment":[{"href":"https:\/\/carroceriasmaser.com\/de\/wp-json\/wp\/v2\/media?parent=7693"}],"curies":[{"name":"wp","href":"https:\/\/api.w.org\/{rel}","templated":true}]}}