{"id":7700,"date":"2016-01-19T05:58:28","date_gmt":"2016-01-19T05:58:28","guid":{"rendered":"https:\/\/carroceriasmaser.com\/contacto\/"},"modified":"2022-11-29T11:12:18","modified_gmt":"2022-11-29T11:12:18","slug":"kontakt","status":"publish","type":"page","link":"https:\/\/carroceriasmaser.com\/de\/kontakt\/","title":{"rendered":"Kontakt"},"content":{"rendered":"<p>[vc_row row_style=&#8220;full-width&#8220; padding_size=&#8220;no-padding&#8220; css=&#8220;.vc_custom_1453186395223{padding-top: 0px !important;}&#8220;][vc_column overlap=&#8220;right&#8220; overlap_distance=&#8220;80px&#8220; overlap_index=&#8220;500&#8243; width=&#8220;1\/3&#8243;][vc_row_inner overlap=&#8220;top&#8220; overlap_distance=&#8220;100px&#8220; overlap_index=&#8220;50&#8243;][vc_column_inner width=&#8220;1\/6&#8243; offset=&#8220;vc_hidden-md vc_hidden-sm vc_hidden-xs&#8220;][\/vc_column_inner][vc_column_inner padding_size=&#8220;s-padding&#8220; width=&#8220;5\/6&#8243; background_color=&#8220;#000000&#8243;][vc_custom_heading text=&#8220;Kontakt&#8220; font_container=&#8220;tag:h4|text_align:left|color:%23ffffff&#8220; google_fonts=&#8220;font_family:Playfair%20Display%3Aregular%2Citalic%2C700%2C700italic%2C900%2C900italic|font_style:700%20bold%20regular%3A700%3Anormal&#8220;][vc_empty_space height=&#8220;80px&#8220;][vc_custom_heading text=&#8220;Senden Sie uns eine Nachricht oder fordern Sie weitere Informationen an und wir werden uns<br \/>\nso schnell wie m\u00f6glich bei Ihnen melden.&#8220; font_container=&#8220;tag:div|font_size:16px|text_align:left|color:%23999999|line_height:28px&#8220; google_fonts=&#8220;font_family:Montserrat%3Aregular%2C700|font_style:400%20regular%3A400%3Anormal&#8220; letter_spacing=&#8220;2px&#8220;][\/vc_column_inner][\/vc_row_inner][vc_row_inner overlap=&#8220;left&#8220; overlap_distance=&#8220;80px&#8220; overlap_index=&#8220;50&#8243;][vc_column_inner width=&#8220;1\/6&#8243; offset=&#8220;vc_hidden-md vc_hidden-sm vc_hidden-xs&#8220;][\/vc_column_inner][vc_column_inner width=&#8220;2\/3&#8243; css=&#8220;.vc_custom_1453202391096{padding-right: 2% !important;padding-left: 2% !important;}&#8220;][vc_column_text]<\/p>\n<h5>Kontaktinformationen<\/h5>\n<p>[\/vc_column_text][vc_column_text]Sie k\u00f6nnen Kontakt mit uns aufnehmen oder uns Ihre Anfrage f\u00fcr ein Angebot, Ihre Fragen oder weitere Informationen \u00fcber Projekte oder Dienstleistungen schicken.[\/vc_column_text][vc_empty_space][vc_column_text]Canig\u00f3, 18<br \/>\nT. 00 34 <span role=\"link\" aria-label=\"Llamar al n\u00famero de tel\u00e9fono 973 60 25 09\">973 60 25 09<\/span><br \/>\n25241 Golm\u00e9s (Lleida)<br \/>\n<a href=\"mailto:oscar@carroceriasmaser.com\">oscar@carroceriasmaser.com<\/a>[\/vc_column_text][\/vc_column_inner][vc_column_inner width=&#8220;1\/6&#8243; offset=&#8220;vc_hidden-md vc_hidden-sm vc_hidden-xs&#8220;][\/vc_column_inner][\/vc_row_inner][\/vc_column][vc_column padding_size=&#8220;no-padding&#8220; width=&#8220;2\/3&#8243;][vc_row_inner overlap=&#8220;left&#8220; overlap_distance=&#8220;15px&#8220; overlap_index=&#8220;100&#8243;][vc_column_inner][vc_single_image image=&#8220;7235&#8243;][vc_empty_space][\/vc_column_inner][vc_column_inner width=&#8220;1\/2&#8243; offset=&#8220;vc_hidden-md vc_hidden-sm vc_hidden-xs&#8220;]<div role=\"form\" class=\"wpcf7\" id=\"wpcf7-f7852-o1\" lang=\"es-ES\" dir=\"ltr\">\n<div class=\"screen-reader-response\"><p role=\"status\" aria-live=\"polite\" aria-atomic=\"true\"><\/p> <ul><\/ul><\/div>\n<form action=\"\/de\/wp-json\/wp\/v2\/pages\/7700#wpcf7-f7852-o1\" method=\"post\" class=\"wpcf7-form init\" novalidate=\"novalidate\" data-status=\"init\">\n<div style=\"display: none;\">\n<input type=\"hidden\" name=\"_wpcf7\" value=\"7852\" \/>\n<input type=\"hidden\" name=\"_wpcf7_version\" value=\"5.4.1\" \/>\n<input type=\"hidden\" name=\"_wpcf7_locale\" value=\"es_ES\" \/>\n<input type=\"hidden\" name=\"_wpcf7_unit_tag\" value=\"wpcf7-f7852-o1\" \/>\n<input type=\"hidden\" name=\"_wpcf7_container_post\" value=\"0\" \/>\n<input type=\"hidden\" name=\"_wpcf7_posted_data_hash\" value=\"\" \/>\n<input type=\"hidden\" name=\"_wpcf7_recaptcha_response\" value=\"\" \/>\n<\/div>\n<p><label> Vor-und Nachname *<br \/>\n    <span class=\"wpcf7-form-control-wrap your-name\"><input type=\"text\" name=\"your-name\" value=\"\" size=\"40\" class=\"wpcf7-form-control wpcf7-text wpcf7-validates-as-required\" aria-required=\"true\" aria-invalid=\"false\" \/><\/span> <\/label><\/p>\n<p><label> E-Mail*<br \/>\n    <span class=\"wpcf7-form-control-wrap your-email\"><input type=\"email\" name=\"your-email\" value=\"\" size=\"40\" class=\"wpcf7-form-control wpcf7-text wpcf7-email wpcf7-validates-as-required wpcf7-validates-as-email\" aria-required=\"true\" aria-invalid=\"false\" \/><\/span> <\/label><\/p>\n<p><label> Betreff*<br \/>\n    <span class=\"wpcf7-form-control-wrap your-subject\"><input type=\"text\" name=\"your-subject\" value=\"\" size=\"40\" class=\"wpcf7-form-control wpcf7-text wpcf7-validates-as-required\" aria-required=\"true\" aria-invalid=\"false\" \/><\/span> <\/label><\/p>\n<p><label> Nachricht (fakultativ)<br \/>\n    <span class=\"wpcf7-form-control-wrap your-message\"><textarea name=\"your-message\" cols=\"40\" rows=\"10\" class=\"wpcf7-form-control wpcf7-textarea\" aria-invalid=\"false\"><\/textarea><\/span> <\/label><\/p>\n<p><input type=\"submit\" value=\"Senden\" class=\"wpcf7-form-control wpcf7-submit\" \/><\/p>\n<div class=\"wpcf7-response-output\" aria-hidden=\"true\"><\/div><\/form><\/div>[\/vc_column_inner][vc_column_inner width=&#8220;1\/2&#8243;][\/vc_column_inner][\/vc_row_inner][\/vc_column][\/vc_row][vc_row padding_size=&#8220;m-padding&#8220;][vc_column][\/vc_column][\/vc_row]<\/p>\n","protected":false},"excerpt":{"rendered":"<p>[vc_row row_style=&#8220;full-width&#8220; padding_size=&#8220;no-padding&#8220; css=&#8220;.vc_custom_1453186395223{padding-top: 0px !important;}&#8220;][vc_column overlap=&#8220;right&#8220; overlap_distance=&#8220;80px&#8220; overlap_index=&#8220;500&#8243; width=&#8220;1\/3&#8243;][vc_row_inner overlap=&#8220;top&#8220; overlap_distance=&#8220;100px&#8220; overlap_index=&#8220;50&#8243;][vc_column_inner width=&#8220;1\/6&#8243; offset=&#8220;vc_hidden-md vc_hidden-sm vc_hidden-xs&#8220;][\/vc_column_inner][vc_column_inner padding_size=&#8220;s-padding&#8220; width=&#8220;5\/6&#8243; background_color=&#8220;#000000&#8243;][vc_custom_heading text=&#8220;Kontakt&#8220; font_container=&#8220;tag:h4|text_align:left|color:%23ffffff&#8220; google_fonts=&#8220;font_family:Playfair%20Display%3Aregular%2Citalic%2C700%2C700italic%2C900%2C900italic|font_style:700%20bold%20regular%3A700%3Anormal&#8220;][vc_empty_space height=&#8220;80px&#8220;][vc_custom_heading text=&#8220;Senden Sie uns eine Nachricht oder fordern Sie weitere Informationen an und wir werden uns so schnell wie m\u00f6glich bei Ihnen melden.&#8220; font_container=&#8220;tag:div|font_size:16px|text_align:left|color:%23999999|line_height:28px&#8220; google_fonts=&#8220;font_family:Montserrat%3Aregular%2C700|font_style:400%20regular%3A400%3Anormal&#8220; letter_spacing=&#8220;2px&#8220;][\/vc_column_inner][\/vc_row_inner][vc_row_inner overlap=&#8220;left&#8220; overlap_distance=&#8220;80px&#8220; overlap_index=&#8220;50&#8243;][vc_column_inner width=&#8220;1\/6&#8243; offset=&#8220;vc_hidden-md vc_hidden-sm [&hellip;]<\/p>\n","protected":false},"author":1,"featured_media":0,"parent":0,"menu_order":0,"comment_status":"closed","ping_status":"closed","template":"","meta":[],"yoast_head":"<!-- This site is optimized with the Yoast SEO plugin v15.3 - https:\/\/yoast.com\/wordpress\/plugins\/seo\/ -->\n<title>Kontakt - Carrocerias Maser<\/title>\n<meta name=\"description\" content=\"Contacto de Carrocerias Maser\" \/>\n<meta name=\"robots\" content=\"index, follow, max-snippet:-1, max-image-preview:large, max-video-preview:-1\" \/>\n<link rel=\"canonical\" href=\"https:\/\/carroceriasmaser.com\/de\/kontakt\/\" \/>\n<meta property=\"og:locale\" content=\"de_DE\" \/>\n<meta property=\"og:type\" content=\"article\" \/>\n<meta property=\"og:title\" content=\"Kontakt - Carrocerias Maser\" \/>\n<meta property=\"og:description\" content=\"Contacto de Carrocerias Maser\" \/>\n<meta property=\"og:url\" content=\"https:\/\/carroceriasmaser.com\/de\/kontakt\/\" \/>\n<meta property=\"og:site_name\" content=\"Carrocerias Maser\" \/>\n<meta property=\"article:modified_time\" content=\"2022-11-29T11:12:18+00:00\" \/>\n<meta name=\"twitter:card\" content=\"summary_large_image\" \/>\n<meta name=\"twitter:label1\" content=\"Verfasst von\">\n\t<meta name=\"twitter:data1\" content=\"admin\">\n\t<meta name=\"twitter:label2\" content=\"Gesch\u00e4tzte Lesezeit\">\n\t<meta name=\"twitter:data2\" content=\"1\u00a0Minute\">\n<script type=\"application\/ld+json\" class=\"yoast-schema-graph\">{\"@context\":\"https:\/\/schema.org\",\"@graph\":[{\"@type\":\"WebSite\",\"@id\":\"https:\/\/carroceriasmaser.com\/#website\",\"url\":\"https:\/\/carroceriasmaser.com\/\",\"name\":\"Carrocer\\u00edas Maser\",\"description\":\"\",\"potentialAction\":[{\"@type\":\"SearchAction\",\"target\":\"https:\/\/carroceriasmaser.com\/?s={search_term_string}\",\"query-input\":\"required name=search_term_string\"}],\"inLanguage\":\"de\"},{\"@type\":\"WebPage\",\"@id\":\"https:\/\/carroceriasmaser.com\/de\/kontakt\/#webpage\",\"url\":\"https:\/\/carroceriasmaser.com\/de\/kontakt\/\",\"name\":\"Kontakt - Carrocerias Maser\",\"isPartOf\":{\"@id\":\"https:\/\/carroceriasmaser.com\/#website\"},\"datePublished\":\"2016-01-19T05:58:28+00:00\",\"dateModified\":\"2022-11-29T11:12:18+00:00\",\"description\":\"Contacto de Carrocerias Maser\",\"inLanguage\":\"de\",\"potentialAction\":[{\"@type\":\"ReadAction\",\"target\":[\"https:\/\/carroceriasmaser.com\/de\/kontakt\/\"]}]}]}<\/script>\n<!-- \/ Yoast SEO plugin. -->","_links":{"self":[{"href":"https:\/\/carroceriasmaser.com\/de\/wp-json\/wp\/v2\/pages\/7700"}],"collection":[{"href":"https:\/\/carroceriasmaser.com\/de\/wp-json\/wp\/v2\/pages"}],"about":[{"href":"https:\/\/carroceriasmaser.com\/de\/wp-json\/wp\/v2\/types\/page"}],"author":[{"embeddable":true,"href":"https:\/\/carroceriasmaser.com\/de\/wp-json\/wp\/v2\/users\/1"}],"replies":[{"embeddable":true,"href":"https:\/\/carroceriasmaser.com\/de\/wp-json\/wp\/v2\/comments?post=7700"}],"version-history":[{"count":3,"href":"https:\/\/carroceriasmaser.com\/de\/wp-json\/wp\/v2\/pages\/7700\/revisions"}],"predecessor-version":[{"id":7853,"href":"https:\/\/carroceriasmaser.com\/de\/wp-json\/wp\/v2\/pages\/7700\/revisions\/7853"}],"wp:attachment":[{"href":"https:\/\/carroceriasmaser.com\/de\/wp-json\/wp\/v2\/media?parent=7700"}],"curies":[{"name":"wp","href":"https:\/\/api.w.org\/{rel}","templated":true}]}}