{"id":7705,"date":"2016-01-17T09:54:27","date_gmt":"2016-01-17T09:54:27","guid":{"rendered":"https:\/\/carroceriasmaser.com\/fabricacion-carrocerias\/"},"modified":"2022-11-15T11:45:24","modified_gmt":"2022-11-15T11:45:24","slug":"wir-stellen-karosserien-her","status":"publish","type":"page","link":"https:\/\/carroceriasmaser.com\/de\/wir-stellen-karosserien-her\/","title":{"rendered":"Wir Stellen Karosserien Her"},"content":{"rendered":"<p>[vc_row row_style=&#8220;full-width&#8220; background_color=&#8220;#f7f7f7&#8243; css=&#8220;.vc_custom_1450862670407{padding-top: 0px !important;}&#8220;][vc_column css=&#8220;.vc_custom_1450867366075{padding-top: 0px !important;padding-bottom: 0px !important;}&#8220;][vc_row_inner][vc_column_inner offset=&#8220;vc_hidden-lg&#8220;][vc_empty_space height=&#8220;50px&#8220;][\/vc_column_inner][\/vc_row_inner][vc_row_inner padding_size=&#8220;no-padding&#8220;][vc_column_inner overlap=&#8220;top&#8220; overlap_distance=&#8220;80px&#8220; overlap_index=&#8220;100&#8243;][wyde_heading style=&#8220;4&#8243; title=&#8220;Unsere Karosserien werden nach den h\u00f6chsten Qualit\u00e4tsstandards hergestellt.&#8220;][vc_empty_space][vc_column_text]<\/p>\n<h3><\/h3>\n<h3><\/h3>\n<h3 style=\"text-align: center;\">Um eine lange Lebensdauer des Fahrzeugs und ein hohes Ma\u00df an Robustheit und<br \/>\nZuverl\u00e4ssigkeit im Einsatz zu gew\u00e4hrleisten:<\/h3>\n<p>[\/vc_column_text][vc_empty_space][\/vc_column_inner][\/vc_row_inner][vc_row_inner equal_height=&#8220;true&#8220; vertical_align=&#8220;middle&#8220;][vc_column_inner overlap=&#8220;right&#8220; overlap_distance=&#8220;0&#8243; overlap_index=&#8220;100&#8243; text_align=&#8220;right&#8220; width_sm=&#8220;1\/1&#8243; offset=&#8220;vc_col-lg-4 vc_col-md-12&#8243;][wyde_heading style=&#8220;6&#8243; text_align=&#8220;right&#8220; title=&#8220;QUALIT\u00c4T&#8220;][vc_column_text]Wir verwenden stets die <strong>besten Legierungen<\/strong> f\u00fcr Aluminiumprofile und -bleche, um eine hohe Widerstandsf\u00e4higkeit der Strukturen unter Nennbetriebsbedingungen der Karosserie zu gew\u00e4hrleisten.[\/vc_column_text][vc_empty_space height=&#8220;50px&#8220;][wyde_heading style=&#8220;6&#8243; text_align=&#8220;right&#8220; title=&#8220;L\u00d6SUNGEN&#8220;][vc_column_text]Wir bauen <strong>redundante Elemente<\/strong> in die kritischsten Teile des hydraulischen Systems ein, das die Ladeplattform steuert, um Ausf\u00e4lle im Falle einer Panne zu vermeiden.[\/vc_column_text][vc_empty_space height=&#8220;50px&#8220;][\/vc_column_inner][vc_column_inner width_sm=&#8220;1\/1&#8243; offset=&#8220;vc_col-lg-4 vc_col-md-12&#8243;][vc_single_image alignment=&#8220;center&#8220; image=&#8220;6909&#8243;][\/vc_column_inner][vc_column_inner width_sm=&#8220;1\/1&#8243; offset=&#8220;vc_col-lg-4 vc_col-md-12&#8243;][vc_empty_space height=&#8220;70px&#8220;][wyde_heading style=&#8220;6&#8243; text_align=&#8220;left&#8220; title=&#8220;TECHNOLOGIE&#8220;][vc_column_text]Wir verwenden in unserer Hebeb\u00fchne eine <strong>hydraulische Technologie<\/strong>, die dem Beund Entladevorgang des Fahrzeugs Robustheit verleiht und in der Lage ist, bei jedem Ladezyklus bis zu 1200 kg zu bewegen.[\/vc_column_text][vc_empty_space height=&#8220;50px&#8220;][wyde_heading style=&#8220;6&#8243; text_align=&#8220;left&#8220; title=&#8220;GARANTIE&#8220;][vc_column_text]F\u00fcr die verschiedenen Systeme unserer Karosserie verwenden wir <strong>hochwertige Markenkomponenten<\/strong>: Wasserkreislauf, Seitenabdeckungen, Hydrauliksystem, Ladefl\u00e4che.[\/vc_column_text][\/vc_column_inner][\/vc_row_inner][\/vc_column][\/vc_row][vc_row][vc_column][wyde_heading title=&#8220;ZAHLREICHE OPTIONEN&#8220;][vc_empty_space][vc_column_text]<\/p>\n<h3 style=\"text-align: center;\">Alle unsere Projekte beginnen mit einem Grundentwurf, die wir letztlich an die<br \/>\nBed\u00fcrfnisse unserer Kunden anpassen.<\/h3>\n<p>&nbsp;<\/p>\n<div id=\"tw-target-text-container\" class=\"tw-ta-container hide-focus-ring tw-nfl\" style=\"text-align: center;\" tabindex=\"0\">\n<ul>\n<li id=\"tw-target-text\" class=\"tw-data-text tw-text-large XcVN5d tw-ta\" dir=\"ltr\" style=\"text-align: left;\" data-placeholder=\"Traducci\u00f3n\">Anordnung der inneren G\u00e4nge: zentral, seitlich, geteilt,<\/li>\n<li class=\"tw-data-text tw-text-large XcVN5d tw-ta\" dir=\"ltr\" style=\"text-align: left;\" data-placeholder=\"Traducci\u00f3n\">Anzahl der Stockwerke und H\u00f6hen<\/li>\n<li class=\"tw-data-text tw-text-large XcVN5d tw-ta\" dir=\"ltr\" style=\"text-align: left;\" data-placeholder=\"Traducci\u00f3n\">Anzahl der Kompartimente<\/li>\n<li class=\"tw-data-text tw-text-large XcVN5d tw-ta\" dir=\"ltr\" style=\"text-align: left;\" data-placeholder=\"Traducci\u00f3n\">System der seitlichen Abdeckung<\/li>\n<li class=\"tw-data-text tw-text-large XcVN5d tw-ta\" dir=\"ltr\" style=\"text-align: left;\" data-placeholder=\"Traducci\u00f3n\">Wasserversorgungssystem: Duschen und Tr\u00e4nken<\/li>\n<li class=\"tw-data-text tw-text-large XcVN5d tw-ta\" dir=\"ltr\" style=\"text-align: left;\" data-placeholder=\"Traducci\u00f3n\">System der Zwangsbel\u00fcftung<\/li>\n<li class=\"tw-data-text tw-text-large XcVN5d tw-ta\" dir=\"ltr\" style=\"text-align: left;\" data-placeholder=\"Traducci\u00f3n\">Steuerungssysteme f\u00fcr Hebeb\u00fchnen: Seitenstangen oder Fernsteuerung<\/li>\n<\/ul>\n<p>&nbsp;<\/p>\n<p><em>Alle unsere Einrichtungen erf\u00fcllen die Anforderungen der Tierschutzverordnung (EG)<br \/>\n1\/2005.<\/em><\/p>\n<\/div>\n<p>[\/vc_column_text][vc_empty_space][vc_single_image image=&#8220;6964&#8243;][vc_empty_space][vc_empty_space][wyde_heading title=&#8220;KUNDENDIENST NACH DEM VERKAUF&#8220;][vc_empty_space][vc_column_text]<\/p>\n<h3><\/h3>\n<h3 style=\"text-align: center;\">MASER CARROCERIAS S.L. bietet einen After-Sales-Service an, der von Fachleuten mit<br \/>\ngro\u00dfer Erfahrung in der Branche durchgef\u00fchrt wird und die Qualit\u00e4t und Schnelligkeit<br \/>\nbei der Ausf\u00fchrung der Arbeiten garantiert.<\/h3>\n<p>[\/vc_column_text][\/vc_column][\/vc_row][vc_row][vc_column][\/vc_column][\/vc_row]<\/p>\n","protected":false},"excerpt":{"rendered":"<p>[vc_row row_style=&#8220;full-width&#8220; background_color=&#8220;#f7f7f7&#8243; css=&#8220;.vc_custom_1450862670407{padding-top: 0px !important;}&#8220;][vc_column css=&#8220;.vc_custom_1450867366075{padding-top: 0px !important;padding-bottom: 0px !important;}&#8220;][vc_row_inner][vc_column_inner offset=&#8220;vc_hidden-lg&#8220;][vc_empty_space height=&#8220;50px&#8220;][\/vc_column_inner][\/vc_row_inner][vc_row_inner padding_size=&#8220;no-padding&#8220;][vc_column_inner overlap=&#8220;top&#8220; overlap_distance=&#8220;80px&#8220; overlap_index=&#8220;100&#8243;][wyde_heading style=&#8220;4&#8243; title=&#8220;Unsere Karosserien werden nach den h\u00f6chsten Qualit\u00e4tsstandards hergestellt.&#8220;][vc_empty_space][vc_column_text] Um eine lange Lebensdauer des Fahrzeugs und ein hohes Ma\u00df an Robustheit und Zuverl\u00e4ssigkeit im Einsatz zu gew\u00e4hrleisten: [\/vc_column_text][vc_empty_space][\/vc_column_inner][\/vc_row_inner][vc_row_inner equal_height=&#8220;true&#8220; vertical_align=&#8220;middle&#8220;][vc_column_inner overlap=&#8220;right&#8220; overlap_distance=&#8220;0&#8243; overlap_index=&#8220;100&#8243; text_align=&#8220;right&#8220; width_sm=&#8220;1\/1&#8243; offset=&#8220;vc_col-lg-4 vc_col-md-12&#8243;][wyde_heading style=&#8220;6&#8243; [&hellip;]<\/p>\n","protected":false},"author":1,"featured_media":0,"parent":0,"menu_order":0,"comment_status":"closed","ping_status":"closed","template":"","meta":[],"yoast_head":"<!-- This site is optimized with the Yoast SEO plugin v15.3 - https:\/\/yoast.com\/wordpress\/plugins\/seo\/ -->\n<title>Wir Stellen Karosserien Her - Carrocerias Maser<\/title>\n<meta name=\"description\" content=\"Fabricaci\u00f3n de carrocer\u00edas para el transporte de animales vivos, con calidad, tecnolog\u00eda, soluciones y garant\u00eda, para nuestros clientes.\" \/>\n<meta name=\"robots\" content=\"index, follow, max-snippet:-1, max-image-preview:large, max-video-preview:-1\" \/>\n<link rel=\"canonical\" href=\"https:\/\/carroceriasmaser.com\/de\/wir-stellen-karosserien-her\/\" \/>\n<meta property=\"og:locale\" content=\"de_DE\" \/>\n<meta property=\"og:type\" content=\"article\" \/>\n<meta property=\"og:title\" content=\"Wir Stellen Karosserien Her - Carrocerias Maser\" \/>\n<meta property=\"og:description\" content=\"Fabricaci\u00f3n de carrocer\u00edas para el transporte de animales vivos, con calidad, tecnolog\u00eda, soluciones y garant\u00eda, para nuestros clientes.\" \/>\n<meta property=\"og:url\" content=\"https:\/\/carroceriasmaser.com\/de\/wir-stellen-karosserien-her\/\" \/>\n<meta property=\"og:site_name\" content=\"Carrocerias Maser\" \/>\n<meta property=\"article:modified_time\" content=\"2022-11-15T11:45:24+00:00\" \/>\n<meta name=\"twitter:card\" content=\"summary_large_image\" \/>\n<meta name=\"twitter:label1\" content=\"Verfasst von\">\n\t<meta name=\"twitter:data1\" content=\"admin\">\n\t<meta name=\"twitter:label2\" content=\"Gesch\u00e4tzte Lesezeit\">\n\t<meta name=\"twitter:data2\" content=\"2\u00a0Minuten\">\n<script type=\"application\/ld+json\" class=\"yoast-schema-graph\">{\"@context\":\"https:\/\/schema.org\",\"@graph\":[{\"@type\":\"WebSite\",\"@id\":\"https:\/\/carroceriasmaser.com\/#website\",\"url\":\"https:\/\/carroceriasmaser.com\/\",\"name\":\"Carrocer\\u00edas Maser\",\"description\":\"\",\"potentialAction\":[{\"@type\":\"SearchAction\",\"target\":\"https:\/\/carroceriasmaser.com\/?s={search_term_string}\",\"query-input\":\"required name=search_term_string\"}],\"inLanguage\":\"de\"},{\"@type\":\"WebPage\",\"@id\":\"https:\/\/carroceriasmaser.com\/de\/wir-stellen-karosserien-her\/#webpage\",\"url\":\"https:\/\/carroceriasmaser.com\/de\/wir-stellen-karosserien-her\/\",\"name\":\"Wir Stellen Karosserien Her - Carrocerias Maser\",\"isPartOf\":{\"@id\":\"https:\/\/carroceriasmaser.com\/#website\"},\"datePublished\":\"2016-01-17T09:54:27+00:00\",\"dateModified\":\"2022-11-15T11:45:24+00:00\",\"description\":\"Fabricaci\\u00f3n de carrocer\\u00edas para el transporte de animales vivos, con calidad, tecnolog\\u00eda, soluciones y garant\\u00eda, para nuestros clientes.\",\"inLanguage\":\"de\",\"potentialAction\":[{\"@type\":\"ReadAction\",\"target\":[\"https:\/\/carroceriasmaser.com\/de\/wir-stellen-karosserien-her\/\"]}]}]}<\/script>\n<!-- \/ Yoast SEO plugin. -->","_links":{"self":[{"href":"https:\/\/carroceriasmaser.com\/de\/wp-json\/wp\/v2\/pages\/7705"}],"collection":[{"href":"https:\/\/carroceriasmaser.com\/de\/wp-json\/wp\/v2\/pages"}],"about":[{"href":"https:\/\/carroceriasmaser.com\/de\/wp-json\/wp\/v2\/types\/page"}],"author":[{"embeddable":true,"href":"https:\/\/carroceriasmaser.com\/de\/wp-json\/wp\/v2\/users\/1"}],"replies":[{"embeddable":true,"href":"https:\/\/carroceriasmaser.com\/de\/wp-json\/wp\/v2\/comments?post=7705"}],"version-history":[{"count":10,"href":"https:\/\/carroceriasmaser.com\/de\/wp-json\/wp\/v2\/pages\/7705\/revisions"}],"predecessor-version":[{"id":7721,"href":"https:\/\/carroceriasmaser.com\/de\/wp-json\/wp\/v2\/pages\/7705\/revisions\/7721"}],"wp:attachment":[{"href":"https:\/\/carroceriasmaser.com\/de\/wp-json\/wp\/v2\/media?parent=7705"}],"curies":[{"name":"wp","href":"https:\/\/api.w.org\/{rel}","templated":true}]}}