{"id":7865,"date":"2021-03-16T08:23:31","date_gmt":"2021-03-16T08:23:31","guid":{"rendered":"https:\/\/carroceriasmaser.com\/aviso-legal\/"},"modified":"2022-12-14T18:29:26","modified_gmt":"2022-12-14T18:29:26","slug":"impressum","status":"publish","type":"page","link":"https:\/\/carroceriasmaser.com\/de\/impressum\/","title":{"rendered":"Impressum"},"content":{"rendered":"<div class=\"lRu31\"><span class=\"HwtZe\" lang=\"de\"><span class=\"jCAhz ChMk0b\"><span class=\"ryNqvb\">Willkommen auf der Website von Carrocerias Maser (carroceriasmaser.com)<\/span><\/span> <\/span><\/div>\n<div><\/div>\n<div class=\"lRu31\"><span class=\"HwtZe\" lang=\"de\"><span class=\"jCAhz ChMk0b\"><span class=\"ryNqvb\">Als n\u00e4chstes legen wir die Nutzungsbedingungen dieser Website fest.<\/span><\/span> <span class=\"jCAhz ChMk0b\"><span class=\"ryNqvb\">Durch das Durchsuchen dieser Webseite \u00fcbernehmen Sie die Rolle des Benutzers und akzeptieren daher die in diesem Dokument aufgef\u00fchrten Klauseln.<\/span><\/span> <\/span><\/div>\n<div><\/div>\n<div class=\"lRu31\"><span class=\"HwtZe\" lang=\"de\"><span class=\"jCAhz ChMk0b\"><span class=\"ryNqvb\">1- IDENTIFIZIERUNG<\/span><\/span> <\/span><\/div>\n<div><\/div>\n<div class=\"lRu31\"><span class=\"HwtZe\" lang=\"de\"><span class=\"jCAhz ChMk0b\"><span class=\"ryNqvb\">In \u00dcbereinstimmung mit den Bestimmungen von Artikel 10 des Gesetzes 34\/2002 vom 11. Juli \u00fcber die Dienste der Informationsgesellschaft und den elektronischen Handel wird berichtet, dass carroceriasmaser.com eine Domain der Firma MASER CARROCERIAS S.L. mit Sitz in C\/ Canig\u00f3 ist 8 \u2013 25141 Golm\u00e9s, und unter der Telefonnummer 973 602 509.<\/span><\/span> <\/span><\/div>\n<div><\/div>\n<div class=\"lRu31\"><span class=\"HwtZe\" lang=\"de\"><span class=\"jCAhz ChMk0b\"><span class=\"ryNqvb\">Das Unternehmen hei\u00dft Carrocerias Maser, mit CIF B-25492679<\/span><\/span> <\/span><\/div>\n<div><\/div>\n<div class=\"lRu31\"><span class=\"HwtZe\" lang=\"de\"><span class=\"jCAhz ChMk0b\"><span class=\"ryNqvb\">2- NUTZUNGSREGELN<\/span><\/span> <\/span><\/div>\n<div><\/div>\n<div class=\"lRu31\"><span class=\"HwtZe\" lang=\"de\"><span class=\"jCAhz ChMk0b\"><span class=\"ryNqvb\">Der Benutzer verpflichtet sich, die Website sowie die Inhalte und Dienste in \u00dcbereinstimmung mit den jeweils geltenden Gesetzen, den allgemein anerkannten Sitten und Gebr\u00e4uchen und der \u00f6ffentlichen Ordnung angemessen und rechtm\u00e4\u00dfig zu nutzen.<\/span><\/span> <\/span><\/div>\n<div><\/div>\n<div class=\"lRu31\"><span class=\"HwtZe\" lang=\"de\"><span class=\"jCAhz ChMk0b\"><span class=\"ryNqvb\">Es ist Ihrerseits untersagt, Handlungen vorzunehmen, die zu \u00c4nderungen des Inhalts dieser Website oder zu einer Fehlfunktion derselben f\u00fchren k\u00f6nnten, einschlie\u00dflich des Einschleusens von Viren oder \u00c4hnlichem.<\/span><\/span> <\/span><\/div>\n<div><\/div>\n<div class=\"lRu31\"><span class=\"HwtZe\" lang=\"de\"><span class=\"jCAhz ChMk0b\"><span class=\"ryNqvb\">3- GEISTIGES EIGENTUM<\/span><\/span> <\/span><\/div>\n<div><\/div>\n<div class=\"lRu31\"><span class=\"HwtZe\" lang=\"de\"><span class=\"jCAhz ChMk0b\"><span class=\"ryNqvb\">Die Webseiten und die darin enthaltenen Informationen oder Elemente umfassen Texte, Dokumente, Fotografien, Zeichnungen, grafische Darstellungen, Datenbanken, Videos sowie Logos, Marken, Handelsnummern oder andere Unterscheidungsmerkmale und sind durch geistige Eigentumsrechte oder gewerbliche Schutzrechte gesch\u00fctzt Carrocerias Maser oder die Unternehmen seiner Gruppe sind Inhaber von rechtm\u00e4\u00dfigen Lizenzen.<\/span><\/span> <\/span><\/div>\n<div><\/div>\n<div class=\"lRu31\"><span class=\"HwtZe\" lang=\"de\"><span class=\"jCAhz ChMk0b\"><span class=\"ryNqvb\">Jede Art der Verwertung, einschlie\u00dflich jeglicher Art der Vervielf\u00e4ltigung, Verbreitung, Weitergabe an Dritte, \u00f6ffentliche Wiedergabe und Umwandlung, durch jegliche Art von Tr\u00e4ger und Medium, ohne vorherige und ausdr\u00fcckliche Genehmigung, ist untersagt.<\/span><\/span><\/span><\/div>\n<div><\/div>\n<div><span class=\"HwtZe\" lang=\"de\"><span class=\"jCAhz ChMk0b\"><span class=\"ryNqvb\">4- VERANTWORTUNG<\/span><\/span> <\/span><\/div>\n<div><\/div>\n<div><span class=\"HwtZe\" lang=\"de\"><span class=\"jCAhz ChMk0b\"><span class=\"ryNqvb\">Unsere Absicht ist es, eine Website mit kontinuierlichem Betrieb und maximaler Qualit\u00e4t anzubieten.<\/span><\/span> <\/span><\/div>\n<div><\/div>\n<div><span class=\"HwtZe\" lang=\"de\"><span class=\"jCAhz ChMk0b\"><span class=\"ryNqvb\">Wir weisen Sie jedoch darauf hin, dass wir den kontinuierlichen Zugriff nicht garantieren k\u00f6nnen und dass die Seiten durch Faktoren oder Umst\u00e4nde, die au\u00dferhalb unserer Kontrolle liegen, blockiert oder unterbrochen werden k\u00f6nnen.<\/span><\/span> <\/span><\/div>\n<div><\/div>\n<div><span class=\"HwtZe\" lang=\"de\"><span class=\"jCAhz ChMk0b\"><span class=\"ryNqvb\">Carrocerias Maser ist nicht verantwortlich f\u00fcr Informationen und andere Inhalte, die in Bereiche oder Webseiten Dritter integriert sind, auf die \u00fcber Links und Hyperlinks zugegriffen werden kann.<\/span><\/span> <\/span><\/div>\n<div><\/div>\n<div><span class=\"HwtZe\" lang=\"de\"><span class=\"jCAhz ChMk0b\"><span class=\"ryNqvb\">Carrocerias Maser ist nicht verantwortlich f\u00fcr Sch\u00e4den, die unter anderem entstehen k\u00f6nnten aus: St\u00f6rungen, Unterbrechungen, Ausf\u00e4llen, Auslassungen, Telefonausf\u00e4llen, Verz\u00f6gerungen, Blockaden oder Unterbrechungen im Betrieb des elektronischen Systems, verursacht durch M\u00e4ngel, \u00dcberlastungen und Fehler in den Leitungen und Telekommunikationsnetze.<\/span><\/span> <span class=\"jCAhz ChMk0b\"><span class=\"ryNqvb\">Illegale Eingriffe durch die Verwendung von Schadprogrammen jeglicher Art und \u00fcber jegliche Kommunikationsmittel.<\/span><\/span> <\/span><\/div>\n<div><\/div>\n<div><span class=\"HwtZe\" lang=\"de\"><span class=\"jCAhz ChMk0b\"><span class=\"ryNqvb\">Unsachgem\u00e4\u00dfe oder unangemessene Nutzung der Website.<\/span><\/span> <span class=\"jCAhz ChMk0b\"><span class=\"ryNqvb\">Fehler, die durch eine Fehlfunktion des Browsers oder durch die Verwendung nicht aktualisierter Versionen entstehen.<\/span><\/span> <span class=\"jCAhz ChMk0b\"><span class=\"ryNqvb\">F\u00fcr den Fall, dass der Nutzer durch eine rechtswidrige oder fehlerhafte Nutzung dieser Website Sch\u00e4den und Verluste verursacht, k\u00f6nnen diese geltend gemacht werden.<\/span><\/span> <span class=\"jCAhz ChMk0b\"><span class=\"ryNqvb\">Ebenso muss der Benutzer f\u00fcr alle Sch\u00e4den und Vorurteile aufkommen, die sich aus der Verwendung von Robots, Spidern oder \u00e4hnlichen Tools zur Abfrage oder Extraktion von Daten seinerseits oder aus einer anderen Handlung seinerseits ergeben, die den Betrieb der Website unzumutbar belastet Website-Web.<\/span><\/span> <\/span><\/div>\n<div><\/div>\n<div><span class=\"HwtZe\" lang=\"de\"><span class=\"jCAhz ChMk0b\"><span class=\"ryNqvb\">5 \u2013 VERWENDUNG VON COOKIES<\/span><\/span> <\/span><\/div>\n<div><\/div>\n<div><span class=\"HwtZe\" lang=\"de\"><span class=\"jCAhz ChMk0b\"><span class=\"ryNqvb\">Carrocerias Maser verwendet \u00fcber seine Website Cookies, wenn der Benutzer navigiert.<\/span><\/span> <span class=\"jCAhz ChMk0b\"><span class=\"ryNqvb\">Cookies werden nur einem anonymen Benutzer und seinem Computer zugeordnet und liefern keine Hinweise, die R\u00fcckschl\u00fcsse auf die Nummer und den Nachnamen des Benutzers zulassen.<\/span><\/span> <span class=\"jCAhz ChMk0b\"><span class=\"ryNqvb\">Der Benutzer hat die M\u00f6glichkeit, die Erzeugung von Cookies zu verhindern, indem er die entsprechende Option in seinem Browser ausw\u00e4hlt.<\/span><\/span> <span class=\"jCAhz ChMk0b\"><span class=\"ryNqvb\">Siehe die Cookie-Richtlinie.<\/span><\/span> <\/span><\/div>\n<div><\/div>\n<div><span class=\"HwtZe\" lang=\"de\"><span class=\"jCAhz ChMk0b\"><span class=\"ryNqvb\">6- GESETZGEBUNG<\/span><\/span> <\/span><\/div>\n<div><\/div>\n<div><span class=\"HwtZe\" lang=\"de\"><span class=\"jCAhz ChMk0b\"><span class=\"ryNqvb\">Alle Streitigkeiten, die sich ergeben oder mit der Nutzung der Website zusammenh\u00e4ngen, unterliegen der nicht ausschlie\u00dflichen Zust\u00e4ndigkeit der spanischen Gerichte und Gerichtsh\u00f6fe.<\/span><\/span><\/span><\/div>\n<div class=\"UdTY9 WdefRb\" aria-hidden=\"true\" data-location=\"2\">\n<div class=\"kO6q6e\"><\/div>\n<\/div>\n<div class=\"VO9ucd\">\n<div class=\"aJIq1d\" data-language-code=\"de\" data-language-name=\"alem\u00e1n\" data-text=\"Willkommen auf der Website von Carrocerias Maser (carroceriasmaser.com)\n\nAls n\u00e4chstes legen wir die Nutzungsbedingungen dieser Website fest. Durch das Durchsuchen dieser Webseite \u00fcbernehmen Sie die Rolle des Benutzers und akzeptieren daher die in diesem Dokument aufgef\u00fchrten Klauseln.\n\n1- IDENTIFIZIERUNG\n\nIn \u00dcbereinstimmung mit den Bestimmungen von Artikel 10 des Gesetzes 34\/2002 vom 11. Juli \u00fcber die Dienste der Informationsgesellschaft und den elektronischen Handel wird berichtet, dass carroceriasmaser.com eine Domain der Firma MASER CARROCERIAS S.L. mit Sitz in C\/ Canig\u00f3 ist 8 \u2013 25141 Golm\u00e9s, und unter der Telefonnummer 973 602 509.\n\nDas Unternehmen hei\u00dft Carrocerias Maser, mit CIF B-25492679\n\n2- NUTZUNGSREGELN\n\nDer Benutzer verpflichtet sich, die Website sowie die Inhalte und Dienste in \u00dcbereinstimmung mit den jeweils geltenden Gesetzen, den allgemein anerkannten Sitten und Gebr\u00e4uchen und der \u00f6ffentlichen Ordnung angemessen und rechtm\u00e4\u00dfig zu nutzen.\n\nEs ist Ihrerseits untersagt, Handlungen vorzunehmen, die zu \u00c4nderungen des Inhalts dieser Website oder zu einer Fehlfunktion derselben f\u00fchren k\u00f6nnten, einschlie\u00dflich des Einschleusens von Viren oder \u00c4hnlichem.\n\n3- GEISTIGES EIGENTUM\n\nDie Webseiten und die darin enthaltenen Informationen oder Elemente umfassen Texte, Dokumente, Fotografien, Zeichnungen, grafische Darstellungen, Datenbanken, Videos sowie Logos, Marken, Handelsnummern oder andere Unterscheidungsmerkmale und sind durch geistige Eigentumsrechte oder gewerbliche Schutzrechte gesch\u00fctzt Carrocerias Maser oder die Unternehmen seiner Gruppe sind Inhaber von rechtm\u00e4\u00dfigen Lizenzen.\n\nJede Art der Verwertung, einschlie\u00dflich jeglicher Art der Vervielf\u00e4ltigung, Verbreitung, Weitergabe an Dritte, \u00f6ffentliche Wiedergabe und Umwandlung, durch jegliche Art von Tr\u00e4ger und Medium, ohne vorherige und ausdr\u00fcckliche Genehmigung, ist untersagt.\" data-crosslingual-hint=\"\" data-location=\"2\" data-enable-toggle-playback-speed=\"true\"><\/p>\n<div class=\"m0Qfkd\"><\/div>\n<\/div>\n<\/div>\n<div class=\"ySES5\"><\/div>\n<div class=\"ySES5\"><\/div>\n","protected":false},"excerpt":{"rendered":"<p>Willkommen auf der Website von Carrocerias Maser (carroceriasmaser.com) Als n\u00e4chstes legen wir die Nutzungsbedingungen dieser Website fest. Durch das Durchsuchen dieser Webseite \u00fcbernehmen Sie die Rolle des Benutzers und akzeptieren daher die in diesem Dokument aufgef\u00fchrten Klauseln. 1- IDENTIFIZIERUNG In \u00dcbereinstimmung mit den Bestimmungen von Artikel 10 des Gesetzes 34\/2002 vom 11. Juli \u00fcber die [&hellip;]<\/p>\n","protected":false},"author":1,"featured_media":0,"parent":0,"menu_order":0,"comment_status":"closed","ping_status":"closed","template":"","meta":[],"yoast_head":"<!-- This site is optimized with the Yoast SEO plugin v15.3 - https:\/\/yoast.com\/wordpress\/plugins\/seo\/ -->\n<title>Impressum - Carrocerias Maser<\/title>\n<meta name=\"robots\" content=\"index, follow, max-snippet:-1, max-image-preview:large, max-video-preview:-1\" \/>\n<link rel=\"canonical\" href=\"https:\/\/carroceriasmaser.com\/de\/impressum\/\" \/>\n<meta property=\"og:locale\" content=\"de_DE\" \/>\n<meta property=\"og:type\" content=\"article\" \/>\n<meta property=\"og:title\" content=\"Impressum - Carrocerias Maser\" \/>\n<meta property=\"og:description\" content=\"Willkommen auf der Website von Carrocerias Maser (carroceriasmaser.com) Als n\u00e4chstes legen wir die Nutzungsbedingungen dieser Website fest. Durch das Durchsuchen dieser Webseite \u00fcbernehmen Sie die Rolle des Benutzers und akzeptieren daher die in diesem Dokument aufgef\u00fchrten Klauseln. 1- IDENTIFIZIERUNG In \u00dcbereinstimmung mit den Bestimmungen von Artikel 10 des Gesetzes 34\/2002 vom 11. Juli \u00fcber die [&hellip;]\" \/>\n<meta property=\"og:url\" content=\"https:\/\/carroceriasmaser.com\/de\/impressum\/\" \/>\n<meta property=\"og:site_name\" content=\"Carrocerias Maser\" \/>\n<meta property=\"article:modified_time\" content=\"2022-12-14T18:29:26+00:00\" \/>\n<meta name=\"twitter:card\" content=\"summary_large_image\" \/>\n<meta name=\"twitter:label1\" content=\"Verfasst von\">\n\t<meta name=\"twitter:data1\" content=\"admin\">\n\t<meta name=\"twitter:label2\" content=\"Gesch\u00e4tzte Lesezeit\">\n\t<meta name=\"twitter:data2\" content=\"2\u00a0Minuten\">\n<script type=\"application\/ld+json\" class=\"yoast-schema-graph\">{\"@context\":\"https:\/\/schema.org\",\"@graph\":[{\"@type\":\"WebSite\",\"@id\":\"https:\/\/carroceriasmaser.com\/#website\",\"url\":\"https:\/\/carroceriasmaser.com\/\",\"name\":\"Carrocer\\u00edas Maser\",\"description\":\"\",\"potentialAction\":[{\"@type\":\"SearchAction\",\"target\":\"https:\/\/carroceriasmaser.com\/?s={search_term_string}\",\"query-input\":\"required name=search_term_string\"}],\"inLanguage\":\"de\"},{\"@type\":\"WebPage\",\"@id\":\"https:\/\/carroceriasmaser.com\/de\/impressum\/#webpage\",\"url\":\"https:\/\/carroceriasmaser.com\/de\/impressum\/\",\"name\":\"Impressum - Carrocerias Maser\",\"isPartOf\":{\"@id\":\"https:\/\/carroceriasmaser.com\/#website\"},\"datePublished\":\"2021-03-16T08:23:31+00:00\",\"dateModified\":\"2022-12-14T18:29:26+00:00\",\"inLanguage\":\"de\",\"potentialAction\":[{\"@type\":\"ReadAction\",\"target\":[\"https:\/\/carroceriasmaser.com\/de\/impressum\/\"]}]}]}<\/script>\n<!-- \/ Yoast SEO plugin. -->","_links":{"self":[{"href":"https:\/\/carroceriasmaser.com\/de\/wp-json\/wp\/v2\/pages\/7865"}],"collection":[{"href":"https:\/\/carroceriasmaser.com\/de\/wp-json\/wp\/v2\/pages"}],"about":[{"href":"https:\/\/carroceriasmaser.com\/de\/wp-json\/wp\/v2\/types\/page"}],"author":[{"embeddable":true,"href":"https:\/\/carroceriasmaser.com\/de\/wp-json\/wp\/v2\/users\/1"}],"replies":[{"embeddable":true,"href":"https:\/\/carroceriasmaser.com\/de\/wp-json\/wp\/v2\/comments?post=7865"}],"version-history":[{"count":1,"href":"https:\/\/carroceriasmaser.com\/de\/wp-json\/wp\/v2\/pages\/7865\/revisions"}],"predecessor-version":[{"id":7867,"href":"https:\/\/carroceriasmaser.com\/de\/wp-json\/wp\/v2\/pages\/7865\/revisions\/7867"}],"wp:attachment":[{"href":"https:\/\/carroceriasmaser.com\/de\/wp-json\/wp\/v2\/media?parent=7865"}],"curies":[{"name":"wp","href":"https:\/\/api.w.org\/{rel}","templated":true}]}}