{"id":7882,"date":"2021-03-16T08:21:33","date_gmt":"2021-03-16T08:21:33","guid":{"rendered":"https:\/\/carroceriasmaser.com\/politica-de-privacidad-y-proteccion-de-datos\/"},"modified":"2022-12-14T20:15:49","modified_gmt":"2022-12-14T20:15:49","slug":"datenschutz-bestimmungen","status":"publish","type":"page","link":"https:\/\/carroceriasmaser.com\/de\/datenschutz-bestimmungen\/","title":{"rendered":"Datenschutz-Bestimmungen"},"content":{"rendered":"<p><strong><span class=\"HwtZe\" lang=\"es\"><span class=\"jCAhz ChMk0b\"><span class=\"ryNqvb\"><span class=\"HwtZe\" lang=\"de\">Geltungsbereich der Datenschutzrichtlinie<\/span><\/span><\/span> <\/span><\/strong><\/p>\r\n<p><span class=\"HwtZe\" lang=\"es\"><span class=\"jCAhz ChMk0b\"><span class=\"ryNqvb\"><span class=\"HwtZe\" lang=\"de\">Diese Richtlinie zum Schutz personenbezogener Daten deckt alle Datenverarbeitungen ab, die bei der Pr\u00e4sentation unserer pers\u00f6nlichen Dienste, beim Surfen oder Interagieren auf unserer Website auftreten k\u00f6nnen. Sie gilt auch f\u00fcr alle internen Unternehmensverfahren, die eine Datenerfassung erfordern, sei es in Papierform oder in einem anderen System.<\/span><\/span><\/span> <\/span><\/p>\r\n<p><span class=\"HwtZe\" lang=\"es\"><span class=\"jCAhz ChMk0b\"><span class=\"ryNqvb\"><span class=\"HwtZe\" lang=\"de\">In jedem dieser Medien k\u00f6nnen Sie Informationen abrufen und in einigen F\u00e4llen Formulare ausf\u00fcllen, Umfragen beantworten, an Wettbewerben teilnehmen, Anfragen stellen, Fotos senden, Kommentare abgeben usw. \u2026 und stellen uns daher personenbezogene Daten zur Verf\u00fcgung. Alle Behandlungen unterliegen unserer Datenschutzerkl\u00e4rung.<\/span><\/span><\/span> <\/span><\/p>\r\n<p><strong><span class=\"HwtZe\" lang=\"es\"><span class=\"jCAhz ChMk0b\"><span class=\"ryNqvb\"><span class=\"HwtZe\" lang=\"de\">Wer ist der Verantwortliche f\u00fcr Ihre personenbezogenen Daten?<\/span><\/span><\/span> <\/span><\/strong><\/p>\r\n<p><span class=\"HwtZe\" lang=\"es\"><span class=\"jCAhz ChMk0b\"><span class=\"ryNqvb\"><span class=\"HwtZe\" lang=\"de\">In \u00dcbereinstimmung mit den Bestimmungen der Verordnung (EU) 2016\/679 des Europ\u00e4ischen Parlaments und des Rates vom 27. April 2016 und in \u00dcbereinstimmung mit dem Gesetz 3\/2018 vom 5. Dezember, Schutz personenbezogener Daten und Gew\u00e4hrleistung digitaler Rechte, Wir informieren Sie, dass die von Ihnen bereitgestellten personenbezogenen Daten von Carrocerias Maser verarbeitet werden.<\/span><\/span><\/span> <\/span><\/p>\r\n<p><span class=\"HwtZe\" lang=\"es\"><span class=\"jCAhz ChMk0b\"><span class=\"ryNqvb\"><span class=\"HwtZe\" lang=\"de\">die Firma MASER CARROCERIAS S.L, mit Sitz in C\/ Canig\u00f3 8 \u2013 25141 Golm\u00e9s, und mit der Telefonnummer 973 602 509.<\/span><\/span><\/span> <\/span><\/p>\r\n<p><span class=\"HwtZe\" lang=\"es\"><span class=\"jCAhz ChMk0b\"><span class=\"ryNqvb\"><span class=\"HwtZe\" lang=\"de\">Das Unternehmen hei\u00dft Carrocerias Maser, mit CIF B-25492679, E-Mail oscar@carroceriasmaser.com<\/span><\/span><\/span> <\/span><\/p>\r\n<p><strong><span class=\"HwtZe\" lang=\"es\"><span class=\"jCAhz ChMk0b\"><span class=\"ryNqvb\"><span class=\"HwtZe\" lang=\"de\">Wer ist der Datenschutzbeauftragte?<\/span><\/span><\/span> <\/span><\/strong><\/p>\r\n<p><span class=\"HwtZe\" lang=\"es\"><span class=\"jCAhz ChMk0b\"><span class=\"ryNqvb\"><span class=\"HwtZe\" lang=\"de\">Der Datenschutzbeauftragte ist die f\u00fcr den Schutz des Grundrechts auf Schutz personenbezogener Daten in Carrocerias Maser zust\u00e4ndige Person und f\u00fcr die Einhaltung der Datenschutzbestimmungen verantwortlich. Sie k\u00f6nnen den Datenschutzbeauftragten unter der folgenden Adresse kontaktieren: oscar@carroceriasmaser.com<\/span><\/span><\/span> <\/span><\/p>\r\n<p><span class=\"HwtZe\" lang=\"es\"><span class=\"jCAhz ChMk0b\"><span class=\"ryNqvb\"><span class=\"HwtZe\" lang=\"de\">Welche personenbezogenen Daten werden erhoben und zu welchen Zwecken? Online: Abschnitt Daten Verantwortlicher Zweck und Legitimation Empf\u00e4nger<\/span><\/span><\/span> <\/span><\/p>\r\n<p><em><u>On line:<\/u><\/em><u> <\/u><\/p>\r\n<table border=\"1\" width=\"643\" cellspacing=\"3\" cellpadding=\"2\">\r\n<thead>\r\n<tr>\r\n<th width=\"87\"><span class=\"HwtZe\" lang=\"de\"><span class=\"jCAhz ChMk0b\"><span class=\"ryNqvb\">Auseinander gerissen<\/span><\/span><\/span><\/th>\r\n<th width=\"100\"><span class=\"HwtZe\" lang=\"de\"><span class=\"jCAhz ChMk0b\"><span class=\"ryNqvb\">Daten<\/span><\/span><\/span><\/th>\r\n<th width=\"119\"><span class=\"HwtZe\" lang=\"de\"><span class=\"jCAhz ChMk0b\"><span class=\"ryNqvb\">Verantwortlich<\/span><\/span><\/span><\/th>\r\n<th width=\"157\"><span class=\"HwtZe\" lang=\"de\"><span class=\"jCAhz ChMk0b\"><span class=\"ryNqvb\">Zweck und Legitimit\u00e4t<\/span><\/span><\/span><\/th>\r\n<th width=\"140\"><span class=\"HwtZe\" lang=\"de\"><span class=\"jCAhz ChMk0b\"><span class=\"ryNqvb\">Empf\u00e4nger<\/span><\/span><\/span><\/th>\r\n<\/tr>\r\n<\/thead>\r\n<tbody>\r\n<tr>\r\n<td width=\"87\">\u00a0<\/td>\r\n<td width=\"100\">\u00a0<\/td>\r\n<td width=\"119\">\u00a0<\/td>\r\n<td width=\"157\">\u00a0<\/td>\r\n<td width=\"140\">\u00a0<\/td>\r\n<\/tr>\r\n<tr>\r\n<td width=\"87\">\u00a0<\/td>\r\n<td width=\"100\">\u00a0<\/td>\r\n<td width=\"119\">\u00a0<\/td>\r\n<td width=\"157\">\u00a0<\/td>\r\n<td width=\"140\">\u00a0<\/td>\r\n<\/tr>\r\n<tr>\r\n<td width=\"87\"><span class=\"HwtZe\" lang=\"de\"><span class=\"jCAhz ChMk0b\"><span class=\"ryNqvb\">Kontakt<\/span><\/span><\/span><\/td>\r\n<td width=\"100\"><span class=\"HwtZe\" lang=\"de\"><span class=\"jCAhz ChMk0b\"><span class=\"ryNqvb\">Vor- und Nachname, Telefon, E-Mail und Ort<\/span><\/span><\/span><\/td>\r\n<td width=\"119\"><strong>Carrocerias Maser<\/strong><\/td>\r\n<td width=\"157\"><span class=\"HwtZe\" lang=\"de\"><span class=\"jCAhz ChMk0b\"><span class=\"ryNqvb\">Verwalten Sie Ihre Anfrage, legitimiert mit legitimem Recht.<\/span><\/span><\/span><\/td>\r\n<td width=\"140\"><strong>Carrocerias Maser<\/strong><\/td>\r\n<\/tr>\r\n<tr>\r\n<td width=\"87\">\u00a0<\/td>\r\n<td width=\"100\">\u00a0<\/td>\r\n<td width=\"119\">\u00a0<\/td>\r\n<td width=\"157\">\u00a0<\/td>\r\n<td width=\"140\">\u00a0<\/td>\r\n<\/tr>\r\n<tr>\r\n<td width=\"87\">\u00a0<\/td>\r\n<td width=\"100\">\u00a0<\/td>\r\n<td width=\"119\">\u00a0<\/td>\r\n<td width=\"157\">\u00a0<\/td>\r\n<td width=\"140\">\u00a0<\/td>\r\n<\/tr>\r\n<\/tbody>\r\n<\/table>\r\n<p><span class=\"HwtZe\" lang=\"es\"><span class=\"jCAhz ChMk0b\"><span class=\"ryNqvb\"><span class=\"HwtZe\" lang=\"de\">Wenn die Verarbeitung sensibler Daten innerhalb eines bestimmten Dienstes erforderlich ist, erfolgt dies immer im Rahmen der Einhaltung eines Gesetzes oder Ihrer ausdr\u00fccklichen Zustimmung.<\/span><\/span><\/span> <\/span><\/p>\r\n<p><span class=\"HwtZe\" lang=\"es\"><span class=\"jCAhz ChMk0b\"><span class=\"ryNqvb\"><span class=\"HwtZe\" lang=\"de\">Ihre Einwilligung kann jederzeit widerrufen werden.<\/span><\/span><\/span> <\/span><\/p>\r\n<p><span class=\"HwtZe\" lang=\"es\"><span class=\"jCAhz ChMk0b\"><span class=\"ryNqvb\"><span class=\"HwtZe\" lang=\"de\">Carrocerias Maser verwendet Tools, um Benutzerprofile, Verhaltensweisen oder Vorlieben zu analysieren und anschlie\u00dfend auf der Grundlage dieser Daten gezielte Kampagnen durchzuf\u00fchren.<\/span><\/span><\/span><\/span><\/p>\r\n<p><span class=\"HwtZe\" lang=\"es\"> <span class=\"jCAhz ChMk0b\"><span class=\"ryNqvb\"><span class=\"HwtZe\" lang=\"de\">Warum verwenden wir Ihre personenbezogenen Daten? Nachfolgend erl\u00e4utern wir die Rechtsgrundlagen, die uns die Verarbeitung Ihrer personenbezogenen Daten erlauben.<\/span><\/span><\/span><\/span><\/p>\r\n<ol>\r\n<li><span class=\"HwtZe\" lang=\"de\"><span class=\"jCAhz ChMk0b\"><span class=\"ryNqvb\">In \u00dcbereinstimmung mit einem Vertragsverh\u00e4ltnis.<\/span><\/span> <\/span><\/li>\r\n<li><span class=\"HwtZe\" lang=\"de\"><span class=\"jCAhz ChMk0b\"><span class=\"ryNqvb\">Wenn Sie uns Ihre Zustimmung geben.<\/span><\/span><\/span><\/li>\r\n<li><span class=\"HwtZe\" lang=\"de\"> <span class=\"jCAhz ChMk0b\"><span class=\"ryNqvb\">Aufgrund des berechtigten Interesses von Carrocerias Maser, Dienstleistungen, Produkte und Initiativen zu f\u00f6rdern, die Sie interessieren k\u00f6nnten.<\/span><\/span> <\/span><\/li>\r\n<li><span class=\"HwtZe\" lang=\"de\"><span class=\"jCAhz ChMk0b\"><span class=\"ryNqvb\">Einhaltung gesetzlicher Verpflichtungen.<\/span><\/span><\/span><\/li>\r\n<\/ol>\r\n<p><span class=\"HwtZe\" lang=\"es\"><span class=\"jCAhz ChMk0b\"><span class=\"ryNqvb\"><span class=\"HwtZe\" lang=\"de\">Wir erinnern Sie daran, dass Sie Ihre Einwilligung jederzeit unter folgender Adresse widerrufen k\u00f6nnen: oscar@carroceriasmaser.com<\/span><\/span><\/span><\/span><\/p>\r\n<p><strong><span class=\"HwtZe\" lang=\"es\"><span class=\"jCAhz ChMk0b\"><span class=\"ryNqvb\"><span class=\"HwtZe\" lang=\"de\">Ver\u00f6ffentlichungen von Fotos oder Videos auf der WEB-Seite oder in sozialen Netzwerken<\/span><\/span><\/span> <\/span><\/strong><\/p>\r\n<p><span class=\"HwtZe\" lang=\"es\"><span class=\"jCAhz ChMk0b\"><span class=\"ryNqvb\"><span class=\"HwtZe\" lang=\"de\">F\u00fcr die Ver\u00f6ffentlichung von Fotos oder Videos unserer Mitarbeiter, Kunden, Benutzer oder Minderj\u00e4hrigen im Internet oder in sozialen Netzwerken sowie f\u00fcr die Erhebung von Daten zur Durchf\u00fchrung eines Wettbewerbs oder zur Verarbeitung anderer personenbezogener Daten holen wir zuvor die ausdr\u00fcckliche, unbestreitbare vorherige Zustimmung ein und vom Eigent\u00fcmer dar\u00fcber informiert, dass sie bei Minderj\u00e4hrigen unter 14 Jahren von den Eltern oder Erziehungsberechtigten erteilt wird.<\/span><\/span><\/span> <\/span><\/p>\r\n<p><span class=\"HwtZe\" lang=\"es\"><span class=\"jCAhz ChMk0b\"><span class=\"ryNqvb\"><span class=\"HwtZe\" lang=\"de\">Die Behandlung dieser Fotos entspricht dem Grundsatz der Verh\u00e4ltnism\u00e4\u00dfigkeit, d. h. sie werden nur streng f\u00fcr den Zweck behandelt, f\u00fcr den die Einwilligung erteilt wurde.<\/span><\/span><\/span> <\/span><\/p>\r\n<p><span class=\"HwtZe\" lang=\"es\"><strong><span class=\"jCAhz ChMk0b\"><span class=\"ryNqvb\"><span class=\"HwtZe\" lang=\"de\">Daten nicht relevant<\/span><\/span><\/span><\/strong> <\/span><\/p>\r\n<p><span class=\"HwtZe\" lang=\"es\"><span class=\"jCAhz ChMk0b\"><span class=\"ryNqvb\"><span class=\"HwtZe\" lang=\"de\">Carrocerias Maser weist den Benutzer darauf hin, dass abgesehen vom Bestehen einer rechtsg\u00fcltigen Vertretung kein Benutzer die Identit\u00e4t einer anderen Person verwenden und deren pers\u00f6nliche Daten mitteilen kann, sodass der Benutzer jederzeit ber\u00fccksichtigen muss, dass er nur entsprechende pers\u00f6nliche Daten angeben kann . ihrer eigenen Identit\u00e4t entsprechen und dass sie angemessen, sachdienlich, aktuell, genau und wahrheitsgem\u00e4\u00df sind.<\/span><\/span><\/span> <\/span><\/p>\r\n<p><span class=\"HwtZe\" lang=\"es\"><strong><span class=\"jCAhz ChMk0b\"><span class=\"ryNqvb\"><span class=\"HwtZe\" lang=\"de\">Wie lange werden wir Ihre Daten aufbewahren?<\/span><\/span><\/span><\/strong><\/span><\/p>\r\n<p><span class=\"HwtZe\" lang=\"es\"> <span class=\"jCAhz ChMk0b\"><span class=\"ryNqvb\"><span class=\"HwtZe\" lang=\"de\">Carrocerias Maser speichert Ihre personenbezogenen Daten so lange, wie es f\u00fcr den Zweck, f\u00fcr den sie erhoben wurden, erforderlich ist. Wenn die Richtlinie von der in dieser Richtlinie angegebenen abweicht, wird dies im entsprechenden Dokument detailliert beschrieben. Im Falle des Stellenmarktes werden Ihre Daten ein Jahr lang aufbewahrt, wenn das Profil unseren Anforderungen entspricht, andernfalls werden sie vernichtet.<\/span><\/span><\/span><\/span><\/p>\r\n<p><strong><span class=\"HwtZe\" lang=\"es\"><span class=\"jCAhz ChMk0b\"><span class=\"ryNqvb\"><span class=\"HwtZe\" lang=\"de\">An wen werden wir Ihre Daten weitergeben?<\/span><\/span><\/span> <\/span><\/strong><\/p>\r\n<p><span class=\"HwtZe\" lang=\"es\"><span class=\"jCAhz ChMk0b\"><span class=\"ryNqvb\"><span class=\"HwtZe\" lang=\"de\">Carrocerias Maser \u00fcbertr\u00e4gt Ihre Daten nur in den Diensten, in denen dies angegeben ist, und in den gesetzlich vorgesehenen F\u00e4llen.<\/span><\/span><\/span> <\/span><\/p>\r\n<p><span class=\"HwtZe\" lang=\"es\"><span class=\"jCAhz ChMk0b\"><span class=\"ryNqvb\"><span class=\"HwtZe\" lang=\"de\">Es findet keine internationale \u00dcbermittlung Ihrer personenbezogenen Daten statt. Im Falle sozialer Netzwerke werden alle vom Benutzer ver\u00f6ffentlichten Informationen und Inhalte aufgrund der Art des Dienstes mit anderen Benutzern kommuniziert und geteilt, die dieses soziale Netzwerk konsultieren.<\/span><\/span><\/span> <\/span><\/p>\r\n<p><span class=\"HwtZe\" lang=\"es\"><strong><span class=\"jCAhz ChMk0b\"><span class=\"ryNqvb\"><span class=\"HwtZe\" lang=\"de\">Sicherheitsma\u00dfnahmen<\/span><\/span><\/span> <\/strong><\/span><\/p>\r\n<p><span class=\"HwtZe\" lang=\"es\"><span class=\"jCAhz ChMk0b\"><span class=\"ryNqvb\"><span class=\"HwtZe\" lang=\"de\">Carrocerias Maser gew\u00e4hrleistet die absolute Vertraulichkeit und Vertraulichkeit der gesammelten personenbezogenen Daten, und daher wurden wesentliche Sicherheitsma\u00dfnahmen ergriffen, um \u00c4nderungen, Verlust, Behandlung oder unbefugten Zugriff zu verhindern und somit ihre Integrit\u00e4t und Sicherheit zu gew\u00e4hrleisten. Der Benutzer verpflichtet sich, seinen Benutzernamen und sein Passwort sorgf\u00e4ltig zu verwenden und Dritten nicht zug\u00e4nglich zu machen, ebenso verpflichtet er sich, das Unternehmen \u00fcber jeden Diebstahl, Verlust oder die Gefahr des Zugriffs Dritter auf seinen Benutzer zu informieren.<\/span><\/span><\/span><\/span><\/p>\r\n<p><strong><span class=\"HwtZe\" lang=\"es\"> <span class=\"jCAhz ChMk0b\"><span class=\"ryNqvb\"><span class=\"HwtZe\" lang=\"de\">Welche Rechte haben Sie, wenn Sie uns Ihre personenbezogenen Daten zur Verf\u00fcgung stellen?<\/span><\/span><\/span><\/span><\/strong><\/p>\r\n<p>&nbsp;<\/p>\r\n<table border=\"1\" width=\"643\" cellspacing=\"3\" cellpadding=\"2\">\r\n<thead>\r\n<tr>\r\n<th width=\"104\"><span class=\"HwtZe\" lang=\"de\"><span class=\"jCAhz ChMk0b\"><span class=\"ryNqvb\">Gesetz<\/span><\/span><\/span><\/th>\r\n<th width=\"326\"><span class=\"HwtZe\" lang=\"de\"><span class=\"jCAhz ChMk0b\"><span class=\"ryNqvb\">Inhalt<\/span><\/span><\/span><\/th>\r\n<th width=\"187\"><span class=\"HwtZe\" lang=\"de\"><span class=\"jCAhz ChMk0b\"><span class=\"ryNqvb\">Dienstkanal<\/span><\/span><\/span><\/th>\r\n<\/tr>\r\n<\/thead>\r\n<tbody>\r\n<tr>\r\n<td width=\"104\"><strong><span class=\"HwtZe\" lang=\"de\"><span class=\"jCAhz ChMk0b\"><span class=\"ryNqvb\">Zugang<\/span><\/span><\/span><\/strong><\/td>\r\n<td width=\"326\"><span class=\"HwtZe\" lang=\"de\"><span class=\"jCAhz ChMk0b\"><span class=\"ryNqvb\">Sie k\u00f6nnen die von Carrocerias Maser verwalteten personenbezogenen Daten einsehen<\/span><\/span><\/span><\/td>\r\n<td rowspan=\"6\" width=\"187\"><a href=\"oscar@carroceriasmaser.com\">oscar@carroceriasmaser.com<\/a><\/td>\r\n<\/tr>\r\n<tr>\r\n<td width=\"104\"><strong><span class=\"HwtZe\" lang=\"de\"><span class=\"jCAhz ChMk0b\"><span class=\"ryNqvb\">Berichtigung<\/span><\/span><\/span><\/strong><\/td>\r\n<td width=\"326\"><span class=\"HwtZe\" lang=\"de\"><span class=\"jCAhz ChMk0b\"><span class=\"ryNqvb\">Sie k\u00f6nnen Ihre personenbezogenen Daten \u00e4ndern, wenn sie unrichtig sind.<\/span><\/span><\/span><\/td>\r\n<\/tr>\r\n<tr>\r\n<td width=\"104\"><strong><span class=\"HwtZe\" lang=\"de\"><span class=\"jCAhz ChMk0b\"><span class=\"ryNqvb\">Unterdr\u00fcckung<\/span><\/span><\/span><\/strong><\/td>\r\n<td width=\"326\"><span class=\"HwtZe\" lang=\"de\"><span class=\"jCAhz ChMk0b\"><span class=\"ryNqvb\">Sie k\u00f6nnen die L\u00f6schung Ihrer personenbezogenen Daten verlangen.<\/span><\/span><\/span><\/td>\r\n<\/tr>\r\n<tr>\r\n<td width=\"104\"><strong><span class=\"HwtZe\" lang=\"de\"><span class=\"jCAhz ChMk0b\"><span class=\"ryNqvb\">Opposition<\/span><\/span><\/span><\/strong><\/td>\r\n<td width=\"326\"><span class=\"HwtZe\" lang=\"de\"><span class=\"jCAhz ChMk0b\"><span class=\"ryNqvb\">Sie k\u00f6nnen verlangen, dass Ihre personenbezogenen Daten nicht verarbeitet werden.<\/span><\/span><\/span><\/td>\r\n<\/tr>\r\n<tr>\r\n<td width=\"104\"><strong><span class=\"HwtZe\" lang=\"de\"><span class=\"jCAhz ChMk0b\"><span class=\"ryNqvb\">Einschr\u00e4nkung der Behandlung<\/span><\/span><\/span><\/strong><\/td>\r\n<td width=\"326\">\r\n<p><span class=\"HwtZe\" lang=\"es\"><span class=\"jCAhz ChMk0b\"><span class=\"ryNqvb\"><span class=\"HwtZe\" lang=\"de\">In folgenden F\u00e4llen k\u00f6nnen Sie die Einschr\u00e4nkung der Verarbeitung personenbezogener Daten verlangen:<\/span><\/span><\/span><\/span><\/p>\r\n<ul>\r\n<li>\u2013\u00a0<span class=\"HwtZe\" lang=\"de\"><span class=\"jCAhz ChMk0b\"><span class=\"ryNqvb\">W\u00e4hrend der Herausforderung wird die Richtigkeit Ihrer Daten \u00fcberpr\u00fcft.<\/span><\/span><\/span><\/li>\r\n<li><span class=\"HwtZe\" lang=\"de\"><span class=\"jCAhz ChMk0b\"><span class=\"ryNqvb\">Wenn Carrocerias Maser Ihre Daten nicht verarbeiten muss, Sie sie jedoch zur Geltendmachung oder Abwehr von Anspr\u00fcchen ben\u00f6tigen.<\/span><\/span><\/span><\/li>\r\n<\/ul>\r\n<\/td>\r\n<\/tr>\r\n<tr>\r\n<td width=\"104\"><strong><span class=\"HwtZe\" lang=\"de\"><span class=\"jCAhz ChMk0b\"><span class=\"ryNqvb\">Portabilit\u00e4t<\/span><\/span><\/span><\/strong><\/td>\r\n<td width=\"326\"><span class=\"HwtZe\" lang=\"de\"><span class=\"jCAhz ChMk0b\"><span class=\"ryNqvb\">Sie k\u00f6nnen die in elektronischem Format bereitgestellten Daten in elektronischem Format erhalten.<\/span><\/span><\/span><\/td>\r\n<\/tr>\r\n<tr>\r\n<td colspan=\"3\" width=\"631\"><span class=\"HwtZe\" lang=\"de\"><span class=\"jCAhz ChMk0b\"><span class=\"ryNqvb\">Wenn Sie der Meinung sind, dass wir Ihre personenbezogenen Daten nicht gem\u00e4\u00df den Vorschriften verarbeitet haben, k\u00f6nnen Sie sich unter oscar@carroceriasmaser.com an den Datenschutzbeauftragten wenden<\/span><\/span> <span class=\"jCAhz ChMk0b\"><span class=\"ryNqvb\">Wenn Sie m\u00f6chten, k\u00f6nnen Sie eine Beschwerde bei der spanischen Datenschutzbeh\u00f6rde einreichen<\/span><\/span><\/span>\u00a0(<a href=\"http:\/\/www.agpd.es\/\">www.agpd.es<\/a>).<\/td>\r\n<\/tr>\r\n<tr>\r\n<td colspan=\"3\" width=\"631\"><span class=\"HwtZe\" lang=\"de\"><span class=\"jCAhz ChMk0b\"><span class=\"ryNqvb\">Um Ihre Rechte auszu\u00fcben, m\u00fcssen Sie Ihrer Anfrage eine Kopie Ihres Personalausweises oder eines Dokuments zum Nachweis Ihrer Identit\u00e4t beif\u00fcgen.<\/span><\/span><\/span><\/td>\r\n<\/tr>\r\n<tr>\r\n<td colspan=\"3\" width=\"631\"><span class=\"HwtZe\" lang=\"de\"><span class=\"jCAhz ChMk0b\"><span class=\"ryNqvb\">Die Aus\u00fcbung der Rechte ist kostenlos.<\/span><\/span><\/span><\/td>\r\n<\/tr>\r\n<\/tbody>\r\n<\/table>\r\n<p>&nbsp;<\/p>\r\n","protected":false},"excerpt":{"rendered":"<p>Geltungsbereich der Datenschutzrichtlinie Diese Richtlinie zum Schutz personenbezogener Daten deckt alle Datenverarbeitungen ab, die bei der Pr\u00e4sentation unserer pers\u00f6nlichen Dienste, beim Surfen oder Interagieren auf unserer Website auftreten k\u00f6nnen. Sie gilt auch f\u00fcr alle internen Unternehmensverfahren, die eine Datenerfassung erfordern, sei es in Papierform oder in einem anderen System. In jedem dieser Medien k\u00f6nnen Sie [&hellip;]<\/p>\n","protected":false},"author":1,"featured_media":0,"parent":0,"menu_order":0,"comment_status":"closed","ping_status":"closed","template":"","meta":[],"yoast_head":"<!-- This site is optimized with the Yoast SEO plugin v15.3 - https:\/\/yoast.com\/wordpress\/plugins\/seo\/ -->\n<title>Datenschutz-Bestimmungen - Carrocerias Maser<\/title>\n<meta name=\"robots\" content=\"index, follow, max-snippet:-1, max-image-preview:large, max-video-preview:-1\" \/>\n<link rel=\"canonical\" href=\"https:\/\/carroceriasmaser.com\/de\/datenschutz-bestimmungen\/\" \/>\n<meta property=\"og:locale\" content=\"de_DE\" \/>\n<meta property=\"og:type\" content=\"article\" \/>\n<meta property=\"og:title\" content=\"Datenschutz-Bestimmungen - Carrocerias Maser\" \/>\n<meta property=\"og:description\" content=\"Geltungsbereich der Datenschutzrichtlinie Diese Richtlinie zum Schutz personenbezogener Daten deckt alle Datenverarbeitungen ab, die bei der Pr\u00e4sentation unserer pers\u00f6nlichen Dienste, beim Surfen oder Interagieren auf unserer Website auftreten k\u00f6nnen. Sie gilt auch f\u00fcr alle internen Unternehmensverfahren, die eine Datenerfassung erfordern, sei es in Papierform oder in einem anderen System. In jedem dieser Medien k\u00f6nnen Sie [&hellip;]\" \/>\n<meta property=\"og:url\" content=\"https:\/\/carroceriasmaser.com\/de\/datenschutz-bestimmungen\/\" \/>\n<meta property=\"og:site_name\" content=\"Carrocerias Maser\" \/>\n<meta property=\"article:modified_time\" content=\"2022-12-14T20:15:49+00:00\" \/>\n<meta name=\"twitter:card\" content=\"summary_large_image\" \/>\n<meta name=\"twitter:label1\" content=\"Verfasst von\">\n\t<meta name=\"twitter:data1\" content=\"admin\">\n\t<meta name=\"twitter:label2\" content=\"Gesch\u00e4tzte Lesezeit\">\n\t<meta name=\"twitter:data2\" content=\"4\u00a0Minuten\">\n<script type=\"application\/ld+json\" class=\"yoast-schema-graph\">{\"@context\":\"https:\/\/schema.org\",\"@graph\":[{\"@type\":\"WebSite\",\"@id\":\"https:\/\/carroceriasmaser.com\/#website\",\"url\":\"https:\/\/carroceriasmaser.com\/\",\"name\":\"Carrocer\\u00edas Maser\",\"description\":\"\",\"potentialAction\":[{\"@type\":\"SearchAction\",\"target\":\"https:\/\/carroceriasmaser.com\/?s={search_term_string}\",\"query-input\":\"required name=search_term_string\"}],\"inLanguage\":\"de\"},{\"@type\":\"WebPage\",\"@id\":\"https:\/\/carroceriasmaser.com\/de\/datenschutz-bestimmungen\/#webpage\",\"url\":\"https:\/\/carroceriasmaser.com\/de\/datenschutz-bestimmungen\/\",\"name\":\"Datenschutz-Bestimmungen - Carrocerias Maser\",\"isPartOf\":{\"@id\":\"https:\/\/carroceriasmaser.com\/#website\"},\"datePublished\":\"2021-03-16T08:21:33+00:00\",\"dateModified\":\"2022-12-14T20:15:49+00:00\",\"inLanguage\":\"de\",\"potentialAction\":[{\"@type\":\"ReadAction\",\"target\":[\"https:\/\/carroceriasmaser.com\/de\/datenschutz-bestimmungen\/\"]}]}]}<\/script>\n<!-- \/ Yoast SEO plugin. -->","_links":{"self":[{"href":"https:\/\/carroceriasmaser.com\/de\/wp-json\/wp\/v2\/pages\/7882"}],"collection":[{"href":"https:\/\/carroceriasmaser.com\/de\/wp-json\/wp\/v2\/pages"}],"about":[{"href":"https:\/\/carroceriasmaser.com\/de\/wp-json\/wp\/v2\/types\/page"}],"author":[{"embeddable":true,"href":"https:\/\/carroceriasmaser.com\/de\/wp-json\/wp\/v2\/users\/1"}],"replies":[{"embeddable":true,"href":"https:\/\/carroceriasmaser.com\/de\/wp-json\/wp\/v2\/comments?post=7882"}],"version-history":[{"count":2,"href":"https:\/\/carroceriasmaser.com\/de\/wp-json\/wp\/v2\/pages\/7882\/revisions"}],"predecessor-version":[{"id":7886,"href":"https:\/\/carroceriasmaser.com\/de\/wp-json\/wp\/v2\/pages\/7882\/revisions\/7886"}],"wp:attachment":[{"href":"https:\/\/carroceriasmaser.com\/de\/wp-json\/wp\/v2\/media?parent=7882"}],"curies":[{"name":"wp","href":"https:\/\/api.w.org\/{rel}","templated":true}]}}