{"id":7904,"date":"2021-03-10T15:27:01","date_gmt":"2021-03-10T15:27:01","guid":{"rendered":"https:\/\/carroceriasmaser.com\/politica-de-cookies\/"},"modified":"2022-12-19T08:16:44","modified_gmt":"2022-12-19T08:16:44","slug":"cookie-richtlinie","status":"publish","type":"page","link":"https:\/\/carroceriasmaser.com\/de\/cookie-richtlinie\/","title":{"rendered":"Cookie-Richtlinie"},"content":{"rendered":"<p><strong>COOKIES-RICHTLINIE<\/strong><\/p>\n<p><span class=\"HwtZe\" lang=\"es\"><span class=\"jCAhz ChMk0b\"><span class=\"ryNqvb\">Diese Website verwendet sowohl tempor\u00e4re Session-Cookies als auch permanente Cookies. Sitzungscookies speichern Daten nur, w\u00e4hrend der Benutzer auf das Internet zugreift, und permanente Cookies speichern die Daten im Terminal, sodass auf sie zugegriffen und sie in mehr als einer Sitzung verwendet werden k\u00f6nnen.<br \/>\n<\/span><\/span><span class=\"jCAhz ChMk0b\"><span class=\"ryNqvb\"><br \/>\nAbh\u00e4ngig von dem Zweck, f\u00fcr den die durch Cookies erhaltenen Daten verarbeitet werden, kann die Website Folgendes verwenden:<\/span><\/span><\/span><\/p>\n<p>&nbsp;<\/p>\n<p><strong>Technische Cookies<br \/>\n<\/strong><br \/>\n<span class=\"HwtZe\" lang=\"es\"><span class=\"jCAhz ChMk0b\"><span class=\"ryNqvb\">Sie erm\u00f6glichen dem Benutzer, durch die Webseite oder Anwendung zu navigieren und die verschiedenen Optionen oder bestehenden Dienste zu nutzen. Steuern Sie beispielsweise den Datenverkehr und die Datenkommunikation, identifizieren Sie die Sitzung, greifen Sie auf Webparts mit eingeschr\u00e4nktem Zugriff zu, erinnern Sie sich an die Elemente, aus denen eine Bestellung besteht, beantragen Sie die Registrierung oder Teilnahme an einer Veranstaltung, verwenden Sie Sicherheitselemente w\u00e4hrend der Navigation und speichern Sie Inhalte f\u00fcr die Verbreitung von Videos oder Ton.<br \/>\n<\/span><\/span><\/span><\/p>\n<p><strong>Personalisierungs Cookies<br \/>\n<\/strong><br \/>\n<span class=\"HwtZe\" lang=\"es\"><span class=\"jCAhz ChMk0b\"><span class=\"ryNqvb\">Sie erm\u00f6glichen dem Benutzer den Zugriff auf den Dienst mit einigen allgemeinen Merkmalen, die im Endger\u00e4t vordefiniert sind oder die er selbst definiert. Beispielsweise die Sprache, der Browsertyp, \u00fcber den Sie auf den Dienst zugreifen, das ausgew\u00e4hlte Inhaltsdesign, die Geolokalisierung des Endger\u00e4ts und die regionale Konfiguration, von der aus auf den Dienst zugegriffen wird.<br \/>\n<\/span><\/span><\/span><\/p>\n<p><strong>Statistische Analyse-Cookies<br \/>\n<\/strong><span class=\"HwtZe\" lang=\"es\"><span class=\"jCAhz ChMk0b\"><span class=\"ryNqvb\"><br \/>\nSie erm\u00f6glichen die \u00dcberwachung und Analyse des Nutzerverhaltens auf Websites. Die durch diese Art von Cookies gesammelten Informationen werden verwendet, um die Aktivit\u00e4t der Websites, der Anwendung oder der Plattform zu messen und um Navigationsprofile der Benutzer dieser Websites zu erstellen, um Verbesserungen des Dienstes auf der Grundlage der von den Benutzern verwendeten Daten einzuf\u00fchren.<\/span><\/span><\/span><\/p>\n<p>&nbsp;<\/p>\n<p><strong><span class=\"HwtZe\" lang=\"es\"><span class=\"jCAhz ChMk0b\"><span class=\"ryNqvb\"><br \/>\nCookies von Drittanbietern<\/span><\/span><\/span><\/strong><\/p>\n<p>Auf einigen Webseiten k\u00f6nnen Cookies von Drittanbietern installiert werden, die die Verwaltung und Verbesserung der angebotenen Dienste erm\u00f6glichen, wie z. B. die statistischen Dienste von Google Analytics und Comscore.<\/p>\n<p>Wie verwaltet man &#8222;Cookies&#8220; im Browser?<\/p>\n<p>Der Benutzer hat die M\u00f6glichkeit, die auf seinem Ger\u00e4t installierten Cookies zuzulassen, zu blockieren oder zu l\u00f6schen, indem er die Browseroptionen im Terminal konfiguriert:<\/p>\n<div class=\"lRu31\"><span class=\"HwtZe\" lang=\"es\"><span class=\"jCAhz ChMk0b\"><span class=\"ryNqvb\"><br \/>\nSo passen Sie die Berechtigungen f\u00fcr Cookies im Google Chrome-Browser an:<br \/>\n<\/span><\/span> <\/span><\/div>\n<div><\/div>\n<div><\/div>\n<p>Klicken Sie auf das Men\u00fc in der Symbolleiste. Einstellungen ausw\u00e4hlen&#8220;.<br \/>\nKlicken Sie auf \u201eErweiterte Optionen anzeigen\u201c.<br \/>\nKlicken Sie im Abschnitt \u201eDatenschutz\u201c auf die Schaltfl\u00e4che \u201eInhaltseinstellungen\u201c.<br \/>\nIm Abschnitt Cookies k\u00f6nnen Sie die Optionen konfigurieren.<\/p>\n<div><\/div>\n<div class=\"lRu31\"><span class=\"HwtZe\" lang=\"es\"><span class=\"jCAhz ChMk0b\"><span class=\"ryNqvb\"><br \/>\nSo passen Sie die Berechtigungen f\u00fcr Cookies im Mozilla Firefox-Browser an:<\/span><\/span> <\/span><\/div>\n<div><\/div>\n<p>Klicken Sie oben im Firefox-Fenster auf das Men\u00fc \u201eExtras\u201c.<br \/>\nOptionen w\u00e4hlen&#8220;. W\u00e4hlen Sie den Bereich \u201eDatenschutz\u201c. In der Firefox-Option k\u00f6nnen Sie \u201eBenutzerdefinierte Einstellungen f\u00fcr den Verlauf verwenden, um Optionen zu konfigurieren\u201c ausw\u00e4hlen.<\/p>\n<div><\/div>\n<div><\/div>\n<div class=\"lRu31\"><span class=\"HwtZe\" lang=\"es\"><span class=\"jCAhz ChMk0b\"><span class=\"ryNqvb\">So passen Sie die Berechtigungen f\u00fcr Cookies im Browser Internet Explorer 9* an:<\/span><\/span> <\/span><\/div>\n<div><\/div>\n<p>Klicken Sie oben im Internet Explorer-Fenster auf das Men\u00fc \u201eExtras\u201c.<br \/>\nW\u00e4hlen Sie die Registerkarte \u201eSicherheit\u201c und verwenden Sie die Option \u201eBrowserverlauf l\u00f6schen\u201c, um Cookies zu l\u00f6schen.<br \/>\nAktivieren Sie die Cookies-Box und klicken Sie dann auf \u201eL\u00f6schen\u201c. W\u00e4hlen Sie die Registerkarte \u201eSicherheit\u201c und greifen Sie auf \u201eEinstellungen\u201c zu.<br \/>\nBewegen Sie den Schieberegler ganz nach oben, um alle Cookies zu blockieren, oder ganz nach unten, um alle Cookies zuzulassen.<br \/>\nKlicken Sie danach auf \u201eOK\u201c.<\/p>\n<p>*Weitere Informationen zu Internet Explorer 9 Wenn Sie die Verwendung von Cookies in Ihrem Browser blockieren, sind m\u00f6glicherweise einige Dienste oder Funktionen der Website nicht verf\u00fcgbar.<\/p>\n<p>Einige Browser k\u00f6nnen spezifische Regeln zum Verwalten von Cookies f\u00fcr Websites festlegen, wodurch Sie den Datenschutz genauer steuern k\u00f6nnen. Dies bedeutet, dass Sie Cookies von allen Websites deaktivieren k\u00f6nnen, au\u00dfer denen, denen Sie vertrauen.<\/p>\n<p>&nbsp;<\/p>\n<div class=\"UdTY9 WdefRb\" aria-hidden=\"true\" data-location=\"2\">\n<div class=\"kO6q6e\"><\/div>\n<\/div>\n<div class=\"VO9ucd\">\n<div class=\"aJIq1d\" data-language-code=\"es\" data-language-name=\"espa\u00f1ol\" data-text=\"En algunas p\u00e1ginas web se pueden instalar cookies de terceros que permiten gestionar y mejorar los servicios ofrecidos, tales como servicios estad\u00edsticos de Google Analytics y Comscore. \u00bfC\u00f3mo administrar 'cookies' en el navegador? El usuario tiene la opci\u00f3n de permitir, bloquear o eliminar las cookies instaladas en su equipo mediante la configuraci\u00f3n de las opciones del navegador en el terminal: Para ajustar los permisos relacionados con las cookies en el navegador Google Chrome: Haga clic en el men\u00fa situado en la barra de herramientas. Seleccione \u00abConfiguraci\u00f3n\u00bb. Hacer clic en \u201cMostrar opciones avanzadas\u201d. En la secci\u00f3n \u201cPrivacidad\u201d, haga clic en el bot\u00f3n \u201cConfiguraci\u00f3n del contenido\u201d. En la secci\u00f3n de cookies, se pueden configurar las opciones. Para ajustar los permisos relacionados con las cookies en el navegador Mozilla Firefox: En la parte superior de la ventana de Firefox, haga clic en el men\u00fa \u201cHerramientas\u201d. Seleccionar \u201cOpciones\u201d. Seleccionar el panel \u201cPrivacidad\u201d. En la opci\u00f3n Firefox, podr\u00e1 elegir \u201cUtilizar una configuraci\u00f3n personalizada para el historial para configurar las opciones\u201d. Para ajustar los permisos relacionados con las cookies en el navegador Internet Explorer 9*: En la parte superior de la ventana de Internet Explorer, hacer clic en el men\u00fa \u201cHerramientas\u201d. Seleccione la pesta\u00f1a \u201cSeguridad\u201d y utilice la opci\u00f3n \u201cEliminar el historial de exploraci\u00f3n\u201d para eliminar las cookies. Activar la casilla cookies y, a continuaci\u00f3n, hacer clic en \u201cEliminar\u201d. Seleccionar la pesta\u00f1a &quot;Seguridad&quot; y acceder a &quot;Configuraci\u00f3n&quot;. Mover el control deslizante totalmente hacia arriba para bloquear todas las cookies o totalmente hacia abajo para permitir todas las cookies. Despu\u00e9s de esto, haga clic en \u201cAceptar\u201d. *M\u00e1s informaci\u00f3n sobre Internet Explorer 9 En caso de bloquear el uso de cookies en su navegador, es posible que algunos servicios o funcionalidades de la p\u00e1gina web no est\u00e9n disponibles. En algunos navegadores se pueden configurar reglas espec\u00edficas para administrar cookies para sitios web, lo que ofrece un control m\u00e1s preciso sobre la privacidad. Esto significa que se pueden inhabilitar cookies de todos los sitios, excepto aquellos en los que se conf\u00ede.\" data-crosslingual-hint=\"\" data-location=\"2\" data-enable-toggle-playback-speed=\"true\">\n<div class=\"m0Qfkd\"><\/div>\n<\/div>\n<\/div>\n<p>&nbsp;<\/p>\n<p>&nbsp;<\/p>\n<div>\n<div>\n<h3>Google Analytics<\/h3>\n<p>Statistiken<\/p>\n<p>Zustimmung zum Dienst Google-Analytics<\/p>\n<p>Verwenden<\/p>\n<p>Wir verwenden Google Analytics f\u00fcr Website-Statistiken. <a href=\"https:\/\/policies.google.com\/privacy\">Mehr wissen<\/a><\/p>\n<p>Daten\u00fcbertragung<\/p>\n<p>Diese Daten werden nicht an Dritte weitergegeben. <a href=\"https:\/\/cookiedatabase.org\/service\/google-analytics\/\">Datenschutzerkl\u00e4rung von Google Analytics.<\/a><\/p>\n<\/div>\n<\/div>\n<p>&nbsp;<\/p>\n<div>\n<div>\n<h3>WPML<\/h3>\n<p>Funktionell<\/p>\n<p>Zustimmung zum Dienst wpml<\/p>\n<p>uns<\/p>\n<p>Wir verwenden WPML f\u00fcr die lokale Verwaltung. <a href=\"https:\/\/cookiedatabase.org\/service\/wpml\/\">Mehr wissen<\/a><\/p>\n<p>Daten\u00fcbertragung<\/p>\n<p>Diese Daten werden nicht an Dritte weitergegeben<\/p>\n<\/div>\n<\/div>\n<div>\n<div>\n<h3><\/h3>\n<h3>Google Fonts<\/h3>\n<p>Marketing\/Follow-up<\/p>\n<p>Zustimmung zum Dienst Google-Fonts<\/p>\n<p>Verwenden<\/p>\n<p>Wir verwenden Google Fonts zur Darstellung von Webfonts. <a href=\"https:\/\/policies.google.com\/privacy\">Mehr wissen<\/a><\/p>\n<p>Daten\u00fcbertragung<\/p>\n<p>Weitere Informationen finden <a href=\"https:\/\/cookiedatabase.org\/service\/google-fonts\/\">Sie in der Datenschutzerkl\u00e4rung von Google Fonts.<\/a><\/p>\n<\/div>\n<\/div>\n<p>&nbsp;<\/p>\n","protected":false},"excerpt":{"rendered":"<p>COOKIES-RICHTLINIE Diese Website verwendet sowohl tempor\u00e4re Session-Cookies als auch permanente Cookies. Sitzungscookies speichern Daten nur, w\u00e4hrend der Benutzer auf das Internet zugreift, und permanente Cookies speichern die Daten im Terminal, sodass auf sie zugegriffen und sie in mehr als einer Sitzung verwendet werden k\u00f6nnen. Abh\u00e4ngig von dem Zweck, f\u00fcr den die durch Cookies erhaltenen Daten [&hellip;]<\/p>\n","protected":false},"author":1,"featured_media":0,"parent":0,"menu_order":0,"comment_status":"closed","ping_status":"closed","template":"","meta":[],"yoast_head":"<!-- This site is optimized with the Yoast SEO plugin v15.3 - https:\/\/yoast.com\/wordpress\/plugins\/seo\/ -->\n<title>Cookie-Richtlinie - Carrocerias Maser<\/title>\n<meta name=\"robots\" content=\"index, follow, max-snippet:-1, max-image-preview:large, max-video-preview:-1\" \/>\n<link rel=\"canonical\" href=\"https:\/\/carroceriasmaser.com\/de\/cookie-richtlinie\/\" \/>\n<meta property=\"og:locale\" content=\"de_DE\" \/>\n<meta property=\"og:type\" content=\"article\" \/>\n<meta property=\"og:title\" content=\"Cookie-Richtlinie - Carrocerias Maser\" \/>\n<meta property=\"og:description\" content=\"COOKIES-RICHTLINIE Diese Website verwendet sowohl tempor\u00e4re Session-Cookies als auch permanente Cookies. Sitzungscookies speichern Daten nur, w\u00e4hrend der Benutzer auf das Internet zugreift, und permanente Cookies speichern die Daten im Terminal, sodass auf sie zugegriffen und sie in mehr als einer Sitzung verwendet werden k\u00f6nnen. Abh\u00e4ngig von dem Zweck, f\u00fcr den die durch Cookies erhaltenen Daten [&hellip;]\" \/>\n<meta property=\"og:url\" content=\"https:\/\/carroceriasmaser.com\/de\/cookie-richtlinie\/\" \/>\n<meta property=\"og:site_name\" content=\"Carrocerias Maser\" \/>\n<meta property=\"article:modified_time\" content=\"2022-12-19T08:16:44+00:00\" \/>\n<meta name=\"twitter:card\" content=\"summary_large_image\" \/>\n<meta name=\"twitter:label1\" content=\"Verfasst von\">\n\t<meta name=\"twitter:data1\" content=\"admin\">\n\t<meta name=\"twitter:label2\" content=\"Gesch\u00e4tzte Lesezeit\">\n\t<meta name=\"twitter:data2\" content=\"3\u00a0Minuten\">\n<script type=\"application\/ld+json\" class=\"yoast-schema-graph\">{\"@context\":\"https:\/\/schema.org\",\"@graph\":[{\"@type\":\"WebSite\",\"@id\":\"https:\/\/carroceriasmaser.com\/#website\",\"url\":\"https:\/\/carroceriasmaser.com\/\",\"name\":\"Carrocer\\u00edas Maser\",\"description\":\"\",\"potentialAction\":[{\"@type\":\"SearchAction\",\"target\":\"https:\/\/carroceriasmaser.com\/?s={search_term_string}\",\"query-input\":\"required name=search_term_string\"}],\"inLanguage\":\"de\"},{\"@type\":\"WebPage\",\"@id\":\"https:\/\/carroceriasmaser.com\/de\/cookie-richtlinie\/#webpage\",\"url\":\"https:\/\/carroceriasmaser.com\/de\/cookie-richtlinie\/\",\"name\":\"Cookie-Richtlinie - Carrocerias Maser\",\"isPartOf\":{\"@id\":\"https:\/\/carroceriasmaser.com\/#website\"},\"datePublished\":\"2021-03-10T15:27:01+00:00\",\"dateModified\":\"2022-12-19T08:16:44+00:00\",\"inLanguage\":\"de\",\"potentialAction\":[{\"@type\":\"ReadAction\",\"target\":[\"https:\/\/carroceriasmaser.com\/de\/cookie-richtlinie\/\"]}]}]}<\/script>\n<!-- \/ Yoast SEO plugin. -->","_links":{"self":[{"href":"https:\/\/carroceriasmaser.com\/de\/wp-json\/wp\/v2\/pages\/7904"}],"collection":[{"href":"https:\/\/carroceriasmaser.com\/de\/wp-json\/wp\/v2\/pages"}],"about":[{"href":"https:\/\/carroceriasmaser.com\/de\/wp-json\/wp\/v2\/types\/page"}],"author":[{"embeddable":true,"href":"https:\/\/carroceriasmaser.com\/de\/wp-json\/wp\/v2\/users\/1"}],"replies":[{"embeddable":true,"href":"https:\/\/carroceriasmaser.com\/de\/wp-json\/wp\/v2\/comments?post=7904"}],"version-history":[{"count":2,"href":"https:\/\/carroceriasmaser.com\/de\/wp-json\/wp\/v2\/pages\/7904\/revisions"}],"predecessor-version":[{"id":7908,"href":"https:\/\/carroceriasmaser.com\/de\/wp-json\/wp\/v2\/pages\/7904\/revisions\/7908"}],"wp:attachment":[{"href":"https:\/\/carroceriasmaser.com\/de\/wp-json\/wp\/v2\/media?parent=7904"}],"curies":[{"name":"wp","href":"https:\/\/api.w.org\/{rel}","templated":true}]}}