{"id":7106,"date":"2016-01-30T10:24:11","date_gmt":"2016-01-30T10:24:11","guid":{"rendered":"https:\/\/carroceriasmaser.com\/home-creative-agency\/"},"modified":"2026-02-03T13:40:26","modified_gmt":"2026-02-03T13:40:26","slug":"home-creative-agency","status":"publish","type":"page","link":"https:\/\/carroceriasmaser.com\/en\/","title":{"rendered":"Home"},"content":{"rendered":"<p>[vc_row row_style=&#8221;full-width&#8221; padding_size=&#8221;no-padding&#8221;][vc_column padding_size=&#8221;no-padding&#8221;][rev_slider_vc alias=&#8221;carrocerias-maser-11&#8243;][\/vc_column][\/vc_row][vc_row overlap=&#8221;bottom&#8221; overlap_distance=&#8221;0&#8243; overlap_index=&#8221;50&#8243; padding_size=&#8221;l-padding&#8221; css=&#8221;.vc_custom_1445754657417{padding-bottom: 0px !important;}&#8221;][vc_column overlap=&#8221;bottom&#8221; overlap_distance=&#8221;95px&#8221; overlap_index=&#8221;50&#8243; width=&#8221;1\/3&#8243;][vc_row_inner][vc_column_inner offset=&#8221;vc_hidden-sm vc_hidden-xs&#8221;][vc_empty_space height=&#8221;0&#8243;][\/vc_column_inner][\/vc_row_inner][wyde_heading title_tag=&#8221;h4&#8243; style=&#8221;2&#8243; text_align=&#8221;left&#8221; title=&#8221;The Company&#8221; subheading=&#8221;Maser Carrocer\u00edas&#8221;][vc_empty_space height=&#8221;20px&#8221;][vc_column_text]<strong>MASER CARROCERIAS S.L.<\/strong> is a specialized <strong>company<\/strong> in the design and manufacturing of solutions for livestock transportation. <strong>The company produces customized bodies for trucks and trailers, that best match customer needs.<\/strong><\/p>\n<p>With over 35 years of experience, <strong>MASER CARROCERIAS<\/strong> is currently a leading <strong>reference within the national livestock transportation sector.<\/strong>[\/vc_column_text][vc_empty_space height=&#8221;25px&#8221;][wyde_button title=&#8221;Read more&#8221; link=&#8221;url:https%3A%2F%2Fcarroceriasmaser.com%2Fen%2Fcompany%2F|title:La%20Empresa&#8221;][vc_empty_space height=&#8221;150px&#8221;][\/vc_column][vc_column padding_size=&#8221;no-padding&#8221; width=&#8221;2\/3&#8243;][vc_empty_space height=&#8221;80px&#8221;][vc_single_image img_size=&#8221;overlap-fullwidth&#8221; alignment=&#8221;center&#8221; image=&#8221;6944&#8243;][\/vc_column][\/vc_row][vc_row padding_size=&#8221;no-padding&#8221; background_overlay=&#8221;color&#8221; overlay_color=&#8221;#000000&#8243; overlay_opacity=&#8221;0.2&#8243; parallax=&#8221;parallax&#8221; bg_image_url=&#8221;https:\/\/carroceriasmaser.com\/wp-content\/uploads\/2020\/11\/carroceria-transporte-animal-maser-150&#215;150.jpg&#8221; background_image=&#8221;6779&#8243;][vc_column width=&#8221;1\/3&#8243; offset=&#8221;vc_hidden-sm vc_hidden-xs&#8221;][\/vc_column][vc_column overlap=&#8221;bottom&#8221; overlap_distance=&#8221;100px&#8221; overlap_index=&#8221;50&#8243; width=&#8221;2\/3&#8243;][vc_row_inner background_color=&#8221;#ffffff&#8221; css=&#8221;.vc_custom_1445753439968{padding-top: 30px !important;padding-right: 15px !important;padding-bottom: 30px !important;padding-left: 15px !important;}&#8221;][vc_column_inner width=&#8221;1\/2&#8243;][vc_single_image alignment=&#8221;center&#8221; image=&#8221;7951&#8243;][\/vc_column_inner][vc_column_inner overlap=&#8221;right&#8221; overlap_distance=&#8221;0&#8243; overlap_index=&#8221;50&#8243; width=&#8221;1\/2&#8243;][wyde_heading style=&#8221;6&#8243; text_align=&#8221;left&#8221; title=&#8221;Livestock body building&#8221;][vc_empty_space height=&#8221;15px&#8221;][vc_column_text]Our <strong>vehicles<\/strong> are assembled under the best quality standards in order to ensure <strong>long lasting life of the body and to guarantee high levels of reliability:<\/strong><\/p>\n<ul>\n<li><strong>Highly resistant aluminum<\/strong> alloys are being used to manufacture the critical structure of the bodies.<\/li>\n<li><strong>Hydraulic technology<\/strong> provides sturdiness and reliability to the loading and unloading processes.<\/li>\n<li><strong>Redundant elements<\/strong> are introduced in critical systems in order to prevent downtime.<\/li>\n<li><strong>Top notch brand<\/strong> parts are being assembled in the hydraulic and electrical systems.<\/li>\n<\/ul>\n<p>[\/vc_column_text][vc_empty_space height=&#8221;15px&#8221;][wyde_link_button size=&#8221;large&#8221; title=&#8221;Read more&#8221; link=&#8221;url:https%3A%2F%2Fcarroceriasmaser.com%2Fen%2Flivestock-body-building%2F|title:Fabricaci%C3%B3n%20de%20Carrocer%C3%ADas&#8221; color=&#8221;#ffffff&#8221; bg_color=&#8221;#000000&#8243; css=&#8221;.vc_custom_1620659878102{background-color: #000000 !important;}&#8221; icon=&#8221;fa fa-sign-in&#8221;][\/vc_column_inner][\/vc_row_inner][\/vc_column][\/vc_row][vc_row padding_size=&#8221;no-padding&#8221;][vc_column offset=&#8221;vc_hidden-sm vc_hidden-xs&#8221;][vc_empty_space height=&#8221;180px&#8221;][\/vc_column][\/vc_row][vc_row row_style=&#8221;full-width&#8221; equal_height=&#8221;true&#8221; vertical_align=&#8221;bottom&#8221; padding_size=&#8221;no-padding&#8221;][vc_column padding_size=&#8221;no-padding&#8221; width=&#8221;1\/2&#8243;][vc_single_image alignment=&#8221;center&#8221; image=&#8221;6984&#8243;][\/vc_column][vc_column width=&#8221;1\/2&#8243; css=&#8221;.vc_custom_1445754246192{padding-right: 2% !important;padding-left: 2% !important;}&#8221;][vc_row_inner][vc_column_inner width=&#8221;5\/6&#8243;][vc_column_text][\/vc_column_text][wyde_heading title_tag=&#8221;h4&#8243; style=&#8221;2&#8243; text_align=&#8221;left&#8221; title=&#8221;Services&#8221;][vc_empty_space height=&#8221;20px&#8221;][vc_column_text]<\/p>\n<ul>\n<li>We provide advice to define the transportation solutions that best matches our customers needs.<\/li>\n<li>We provide support to trade used vehicles in the second hand market.<\/li>\n<li>We provide exceptional post-sales maintenance for our customers\u2019 fleets.<\/li>\n<\/ul>\n<p>[\/vc_column_text][\/vc_column_inner][vc_column_inner width=&#8221;1\/6&#8243; offset=&#8221;vc_hidden-md vc_hidden-sm vc_hidden-xs&#8221;][\/vc_column_inner][\/vc_row_inner][\/vc_column][\/vc_row][vc_row text_style=&#8221;light&#8221; padding_size=&#8221;no-padding&#8221;][vc_column offset=&#8221;vc_hidden-sm vc_hidden-xs&#8221;][vc_empty_space height=&#8221;130px&#8221;][\/vc_column][\/vc_row][vc_row background_overlay=&#8221;color&#8221; overlay_color=&#8221;#000000&#8243; overlay_opacity=&#8221;0.3&#8243; parallax=&#8221;parallax&#8221; bg_image_url=&#8221;https:\/\/carroceriasmaser.com\/wp-content\/uploads\/2021\/01\/carroceria-transporte-animal-maser-3-150&#215;150.jpg&#8221; background_image=&#8221;6839&#8243;][vc_column overlap=&#8221;top&#8221; overlap_distance=&#8221;145px&#8221; overlap_index=&#8221;50&#8243; text_align=&#8221;center&#8221;][wyde_heading style=&#8221;4&#8243;][vc_custom_heading text=&#8221;Do you need a truck body for your transport?&#8221; font_container=&#8221;tag:h2|font_size:58px|text_align:center|color:%23ffffff|line_height:60px&#8221; google_fonts=&#8221;font_family:Montserrat%3Aregular%2C700|font_style:700%20bold%20regular%3A700%3Anormal&#8221;][vc_empty_space][wyde_button title=&#8221;Contact us&#8221; size=&#8221;large&#8221; link=&#8221;url:https%3A%2F%2Fcarroceriasmaser.com%2Fen%2Fcontact%2F|title:Contacto&#8221; color=&#8221;#ffffff&#8221; bg_color=&#8221;#d13030&#8243; css=&#8221;.vc_custom_1620659894971{background-color: #000000 !important;}&#8221;][\/vc_column][\/vc_row][vc_row overlap=&#8221;top&#8221; overlap_index=&#8221;50&#8243; padding_size=&#8221;no-padding&#8221;][vc_column padding_size=&#8221;no-padding&#8221;][vc_row_inner padding_size=&#8221;no-padding&#8221;][vc_column_inner padding_size=&#8221;no-padding&#8221; offset=&#8221;vc_hidden-lg vc_hidden-md&#8221;][vc_empty_space height=&#8221;40px&#8221;][\/vc_column_inner][\/vc_row_inner][vc_row_inner overlap=&#8221;top&#8221; overlap_distance=&#8221;95px&#8221; overlap_index=&#8221;50&#8243; padding_size=&#8221;no-padding&#8221; background_color=&#8221;#ffffff&#8221; css=&#8221;.vc_custom_1457006069918{padding: 30px !important;}&#8221;][vc_column_inner padding_size=&#8221;no-padding&#8221;][wyde_portfolio_grid view=&#8221;photoset&#8221; columns=&#8221;3&#8243; title=&#8221;Configurations&#8221; subtitle=&#8221;Developed in Carrocerias Maser&#8221;][vc_empty_space height=&#8221;5px&#8221;][\/vc_column_inner][\/vc_row_inner][vc_empty_space height=&#8221;70px&#8221;][vc_column_text]<\/p>\n<h2 id=\"tw-target-text\" class=\"tw-data-text tw-text-large XcVN5d tw-ta\" dir=\"ltr\" style=\"text-align: center;\" data-placeholder=\"Traducci\u00f3n\"><span class=\"Y2IQFc\" lang=\"en\">Trailers and semi trailers for transporting animals.<\/span><\/h2>\n<h2 style=\"text-align: center;\"><strong>\u00a0<\/strong><\/h2>\n<p>[\/vc_column_text][vc_empty_space][vc_single_image image=&#8221;7261&#8243;][\/vc_column][\/vc_row][vc_row row_style=&#8221;full-screen&#8221; padding_size=&#8221;no-padding&#8221; background_style=&#8221;contain&#8221; background_position=&#8221;center bottom&#8221; background_image=&#8221;6986&#8243; bg_image_url=&#8221;https:\/\/carroceriasmaser.com\/wp-content\/uploads\/2021\/03\/maser-carrocerias-6-150&#215;150.jpg&#8221;][vc_column css=&#8221;.vc_custom_1457065870216{padding-top: 30px !important;padding-right: 30px !important;padding-bottom: 30px !important;padding-left: 30px !important;}&#8221;][vc_empty_space height=&#8221;0&#8243;][vc_row_inner][vc_column_inner text_align=&#8221;center&#8221;][wyde_heading style=&#8221;4&#8243; title=&#8221;We manufacture&#8221;][vc_custom_heading text=&#8221;the bodywork tailored to your&#8221; font_container=&#8221;tag:h4|font_size:70px|text_align:center|line_height:80px&#8221; google_fonts=&#8221;font_family:Montserrat%3Aregular%2C700|font_style:400%20regular%3A400%3Anormal&#8221; text_transform=&#8221;lowercase&#8221;][vc_custom_heading text=&#8221;transport&#8221; font_container=&#8221;tag:h2|font_size:105px|text_align:center|color:%23ff0008|line_height:105px&#8221; google_fonts=&#8221;font_family:Montserrat%3Aregular%2C700|font_style:700%20bold%20regular%3A700%3Anormal&#8221; text_transform=&#8221;uppercase&#8221;][wyde_button title=&#8221;We speak?&#8221; size=&#8221;large&#8221; link=&#8221;url:https%3A%2F%2Fcarroceriasmaser.com%2Fen%2Fcontact%2F|title:Contacto&#8221; color=&#8221;#ffffff&#8221; bg_color=&#8221;#ff0008&#8243; css=&#8221;.vc_custom_1620659911858{background-color: #000000 !important;}&#8221;][vc_empty_space height=&#8221;100px&#8221;][\/vc_column_inner][\/vc_row_inner][vc_empty_space height=&#8221;100px&#8221;][vc_row_inner padding_size=&#8221;no-padding&#8221;][vc_column_inner padding_size=&#8221;no-padding&#8221; offset=&#8221;vc_hidden-sm vc_hidden-xs&#8221;][vc_empty_space height=&#8221;5px&#8221;][\/vc_column_inner][\/vc_row_inner][\/vc_column][\/vc_row][vc_row row_style=&#8221;full-width&#8221; padding_size=&#8221;no-padding&#8221; background_color=&#8221;#000000&#8243;][vc_column][vc_empty_space height=&#8221;125px&#8221;][vc_single_image alignment=&#8221;center&#8221; image=&#8221;7941&#8243;][vc_empty_space height=&#8221;125px&#8221;][\/vc_column][\/vc_row]<\/p>\n","protected":false},"excerpt":{"rendered":"<p>[vc_row row_style=&#8221;full-width&#8221; padding_size=&#8221;no-padding&#8221;][vc_column padding_size=&#8221;no-padding&#8221;][rev_slider_vc alias=&#8221;carrocerias-maser-11&#8243;][\/vc_column][\/vc_row][vc_row overlap=&#8221;bottom&#8221; overlap_distance=&#8221;0&#8243; overlap_index=&#8221;50&#8243; padding_size=&#8221;l-padding&#8221; css=&#8221;.vc_custom_1445754657417{padding-bottom: 0px !important;}&#8221;][vc_column overlap=&#8221;bottom&#8221; overlap_distance=&#8221;95px&#8221; overlap_index=&#8221;50&#8243; width=&#8221;1\/3&#8243;][vc_row_inner][vc_column_inner offset=&#8221;vc_hidden-sm vc_hidden-xs&#8221;][vc_empty_space height=&#8221;0&#8243;][\/vc_column_inner][\/vc_row_inner][wyde_heading title_tag=&#8221;h4&#8243; style=&#8221;2&#8243; text_align=&#8221;left&#8221; title=&#8221;The Company&#8221; subheading=&#8221;Maser Carrocer\u00edas&#8221;][vc_empty_space height=&#8221;20px&#8221;][vc_column_text]MASER CARROCERIAS S.L. is a specialized company in the design and manufacturing of solutions for livestock transportation. The company produces customized bodies for trucks and trailers, that best match [&hellip;]<\/p>\n","protected":false},"author":1,"featured_media":0,"parent":0,"menu_order":0,"comment_status":"closed","ping_status":"closed","template":"","meta":[],"yoast_head":"<!-- This site is optimized with the Yoast SEO plugin v15.3 - https:\/\/yoast.com\/wordpress\/plugins\/seo\/ -->\n<title>Carrocer\u00edas Maser - Fabricaci\u00f3n de remolques para transporte animal<\/title>\n<meta name=\"description\" content=\"Construcci\u00f3n de remolques y semi-remolques de aluminio para el transporte de animales vivos. Fabricaci\u00f3n de carrocer\u00edas\" \/>\n<meta name=\"robots\" content=\"index, follow, max-snippet:-1, max-image-preview:large, max-video-preview:-1\" \/>\n<link rel=\"canonical\" href=\"https:\/\/carroceriasmaser.com\/en\/\" \/>\n<meta property=\"og:locale\" content=\"en_US\" \/>\n<meta property=\"og:type\" content=\"article\" \/>\n<meta property=\"og:title\" content=\"Carrocer\u00edas Maser - Fabricaci\u00f3n de remolques para transporte animal\" \/>\n<meta property=\"og:description\" content=\"Construcci\u00f3n de remolques y semi-remolques de aluminio para el transporte de animales vivos. Fabricaci\u00f3n de carrocer\u00edas\" \/>\n<meta property=\"og:url\" content=\"https:\/\/carroceriasmaser.com\/en\/\" \/>\n<meta property=\"og:site_name\" content=\"Carrocerias Maser\" \/>\n<meta property=\"article:modified_time\" content=\"2026-02-03T13:40:26+00:00\" \/>\n<meta name=\"twitter:card\" content=\"summary_large_image\" \/>\n<meta name=\"twitter:label1\" content=\"Written by\">\n\t<meta name=\"twitter:data1\" content=\"admin\">\n\t<meta name=\"twitter:label2\" content=\"Est. reading time\">\n\t<meta name=\"twitter:data2\" content=\"4 minutes\">\n<script type=\"application\/ld+json\" class=\"yoast-schema-graph\">{\"@context\":\"https:\/\/schema.org\",\"@graph\":[{\"@type\":\"WebSite\",\"@id\":\"https:\/\/carroceriasmaser.com\/#website\",\"url\":\"https:\/\/carroceriasmaser.com\/\",\"name\":\"Carrocer\\u00edas Maser\",\"description\":\"\",\"potentialAction\":[{\"@type\":\"SearchAction\",\"target\":\"https:\/\/carroceriasmaser.com\/?s={search_term_string}\",\"query-input\":\"required name=search_term_string\"}],\"inLanguage\":\"en-US\"},{\"@type\":\"WebPage\",\"@id\":\"https:\/\/carroceriasmaser.com\/en\/#webpage\",\"url\":\"https:\/\/carroceriasmaser.com\/en\/\",\"name\":\"Carrocer\\u00edas Maser - Fabricaci\\u00f3n de remolques para transporte animal\",\"isPartOf\":{\"@id\":\"https:\/\/carroceriasmaser.com\/#website\"},\"datePublished\":\"2016-01-30T10:24:11+00:00\",\"dateModified\":\"2026-02-03T13:40:26+00:00\",\"description\":\"Construcci\\u00f3n de remolques y semi-remolques de aluminio para el transporte de animales vivos. Fabricaci\\u00f3n de carrocer\\u00edas\",\"inLanguage\":\"en-US\",\"potentialAction\":[{\"@type\":\"ReadAction\",\"target\":[\"https:\/\/carroceriasmaser.com\/en\/\"]}]}]}<\/script>\n<!-- \/ Yoast SEO plugin. -->","_links":{"self":[{"href":"https:\/\/carroceriasmaser.com\/en\/wp-json\/wp\/v2\/pages\/7106"}],"collection":[{"href":"https:\/\/carroceriasmaser.com\/en\/wp-json\/wp\/v2\/pages"}],"about":[{"href":"https:\/\/carroceriasmaser.com\/en\/wp-json\/wp\/v2\/types\/page"}],"author":[{"embeddable":true,"href":"https:\/\/carroceriasmaser.com\/en\/wp-json\/wp\/v2\/users\/1"}],"replies":[{"embeddable":true,"href":"https:\/\/carroceriasmaser.com\/en\/wp-json\/wp\/v2\/comments?post=7106"}],"version-history":[{"count":18,"href":"https:\/\/carroceriasmaser.com\/en\/wp-json\/wp\/v2\/pages\/7106\/revisions"}],"predecessor-version":[{"id":7974,"href":"https:\/\/carroceriasmaser.com\/en\/wp-json\/wp\/v2\/pages\/7106\/revisions\/7974"}],"wp:attachment":[{"href":"https:\/\/carroceriasmaser.com\/en\/wp-json\/wp\/v2\/media?parent=7106"}],"curies":[{"name":"wp","href":"https:\/\/api.w.org\/{rel}","templated":true}]}}