{"id":7153,"date":"2016-01-17T09:54:27","date_gmt":"2016-01-17T09:54:27","guid":{"rendered":"https:\/\/carroceriasmaser.com\/fabricacion-carrocerias\/"},"modified":"2021-05-10T11:06:28","modified_gmt":"2021-05-10T11:06:28","slug":"livestock-body-building","status":"publish","type":"page","link":"https:\/\/carroceriasmaser.com\/en\/livestock-body-building\/","title":{"rendered":"Livestock body building"},"content":{"rendered":"<p>[vc_row row_style=&#8221;full-width&#8221; background_color=&#8221;#f7f7f7&#8243; css=&#8221;.vc_custom_1450862670407{padding-top: 0px !important;}&#8221;][vc_column css=&#8221;.vc_custom_1450867366075{padding-top: 0px !important;padding-bottom: 0px !important;}&#8221;][vc_row_inner][vc_column_inner offset=&#8221;vc_hidden-lg&#8221;][vc_empty_space height=&#8221;50px&#8221;][\/vc_column_inner][\/vc_row_inner][vc_row_inner padding_size=&#8221;no-padding&#8221;][vc_column_inner overlap=&#8221;top&#8221; overlap_distance=&#8221;80px&#8221; overlap_index=&#8221;100&#8243;][wyde_heading style=&#8221;4&#8243; title=&#8221;Our vehicles are assembled under the best quality standards&#8221;][vc_empty_space][vc_column_text]<\/p>\n<h3><\/h3>\n<h3><\/h3>\n<h3 style=\"text-align: center;\">In order to ensure long lasting life of the body and to guarantee high levels of reliability:<\/h3>\n<p>[\/vc_column_text][vc_empty_space][\/vc_column_inner][\/vc_row_inner][vc_row_inner equal_height=&#8221;true&#8221; vertical_align=&#8221;middle&#8221;][vc_column_inner overlap=&#8221;right&#8221; overlap_distance=&#8221;0&#8243; overlap_index=&#8221;100&#8243; text_align=&#8221;right&#8221; width_sm=&#8221;1\/1&#8243; offset=&#8221;vc_col-lg-4 vc_col-md-12&#8243;][wyde_heading style=&#8221;6&#8243; text_align=&#8221;right&#8221; title=&#8221;QUALITY&#8221;][vc_column_text]<strong>Highly resistant aluminum<\/strong> alloys are being used to manufacture the critical structure of the bodies.[\/vc_column_text][vc_empty_space height=&#8221;50px&#8221;][wyde_heading style=&#8221;6&#8243; text_align=&#8221;right&#8221; title=&#8221;SOLUTIONS&#8221;][vc_column_text]<strong>Redundant elements<\/strong> are introduced in critical systems in order to prevent downtime.[\/vc_column_text][vc_empty_space height=&#8221;50px&#8221;][\/vc_column_inner][vc_column_inner width_sm=&#8221;1\/1&#8243; offset=&#8221;vc_col-lg-4 vc_col-md-12&#8243;][vc_single_image alignment=&#8221;center&#8221; image=&#8221;6909&#8243;][\/vc_column_inner][vc_column_inner width_sm=&#8221;1\/1&#8243; offset=&#8221;vc_col-lg-4 vc_col-md-12&#8243;][vc_empty_space height=&#8221;70px&#8221;][wyde_heading style=&#8221;6&#8243; text_align=&#8221;left&#8221; title=&#8221;TECNOLOGY&#8221;][vc_column_text]<strong>Hydraulic technology<\/strong> provides sturdiness and reliability to the loading and unloading processes.[\/vc_column_text][vc_empty_space height=&#8221;50px&#8221;][wyde_heading style=&#8221;6&#8243; text_align=&#8221;left&#8221; title=&#8221;GUARANTEE&#8221;][vc_column_text]<strong>Top notch brand<\/strong> parts are being assembled in the hydraulic and electrical systems.[\/vc_column_text][\/vc_column_inner][\/vc_row_inner][\/vc_column][\/vc_row][vc_row][vc_column][wyde_heading title=&#8221;MULTIPLE OPTIONS&#8221;][vc_empty_space][vc_column_text]<\/p>\n<h3 style=\"text-align: center;\">All our projects start with a basic design, which is properly enhanced with different options according to our customer requests.<\/h3>\n<p>&nbsp;<\/p>\n<ul>\n<li>Position of internal corridor: centre, lateral, two corridors<\/li>\n<li>Number of floors and height per floor<\/li>\n<li>Number of floor compartments<\/li>\n<li>Lateral blinds<\/li>\n<li>Water supply<\/li>\n<li>Artificial ventilation system<\/li>\n<li>Elevator with remote control<\/li>\n<\/ul>\n<div id=\"tw-target-text-container\" class=\"tw-ta-container hide-focus-ring tw-nfl\" style=\"text-align: center;\" tabindex=\"0\">\n<p>&nbsp;<\/p>\n<p><em>All our bodies meet the requirements of REGULATION (CE) 1\/2005 on animal welfare.<\/em><\/p>\n<\/div>\n<p>[\/vc_column_text][vc_empty_space][vc_single_image image=&#8221;6964&#8243;][vc_empty_space][vc_empty_space][wyde_heading title=&#8221;MAINTENANCE SERVICE&#8221;][vc_empty_space][vc_column_text]<\/p>\n<h3 style=\"text-align: center;\">Our maintenance service is deliverd by expert personnel with many years of experience in the sector, which allows to promptly perform the works with the highest standards of quality.<\/h3>\n<p>[\/vc_column_text][\/vc_column][\/vc_row][vc_row][vc_column][\/vc_column][\/vc_row]<\/p>\n","protected":false},"excerpt":{"rendered":"<p>[vc_row row_style=&#8221;full-width&#8221; background_color=&#8221;#f7f7f7&#8243; css=&#8221;.vc_custom_1450862670407{padding-top: 0px !important;}&#8221;][vc_column css=&#8221;.vc_custom_1450867366075{padding-top: 0px !important;padding-bottom: 0px !important;}&#8221;][vc_row_inner][vc_column_inner offset=&#8221;vc_hidden-lg&#8221;][vc_empty_space height=&#8221;50px&#8221;][\/vc_column_inner][\/vc_row_inner][vc_row_inner padding_size=&#8221;no-padding&#8221;][vc_column_inner overlap=&#8221;top&#8221; overlap_distance=&#8221;80px&#8221; overlap_index=&#8221;100&#8243;][wyde_heading style=&#8221;4&#8243; title=&#8221;Our vehicles are assembled under the best quality standards&#8221;][vc_empty_space][vc_column_text] In order to ensure long lasting life of the body and to guarantee high levels of reliability: [\/vc_column_text][vc_empty_space][\/vc_column_inner][\/vc_row_inner][vc_row_inner equal_height=&#8221;true&#8221; vertical_align=&#8221;middle&#8221;][vc_column_inner overlap=&#8221;right&#8221; overlap_distance=&#8221;0&#8243; overlap_index=&#8221;100&#8243; text_align=&#8221;right&#8221; width_sm=&#8221;1\/1&#8243; offset=&#8221;vc_col-lg-4 vc_col-md-12&#8243;][wyde_heading style=&#8221;6&#8243; [&hellip;]<\/p>\n","protected":false},"author":1,"featured_media":0,"parent":0,"menu_order":0,"comment_status":"closed","ping_status":"closed","template":"","meta":[],"yoast_head":"<!-- This site is optimized with the Yoast SEO plugin v15.3 - https:\/\/yoast.com\/wordpress\/plugins\/seo\/ -->\n<title>Livestock body building - Carrocerias Maser<\/title>\n<meta name=\"description\" content=\"Fabricaci\u00f3n de carrocer\u00edas para el transporte de animales vivos, con calidad, tecnolog\u00eda, soluciones y garant\u00eda, para nuestros clientes.\" \/>\n<meta name=\"robots\" content=\"index, follow, max-snippet:-1, max-image-preview:large, max-video-preview:-1\" \/>\n<link rel=\"canonical\" href=\"https:\/\/carroceriasmaser.com\/en\/livestock-body-building\/\" \/>\n<meta property=\"og:locale\" content=\"en_US\" \/>\n<meta property=\"og:type\" content=\"article\" \/>\n<meta property=\"og:title\" content=\"Livestock body building - Carrocerias Maser\" \/>\n<meta property=\"og:description\" content=\"Fabricaci\u00f3n de carrocer\u00edas para el transporte de animales vivos, con calidad, tecnolog\u00eda, soluciones y garant\u00eda, para nuestros clientes.\" \/>\n<meta property=\"og:url\" content=\"https:\/\/carroceriasmaser.com\/en\/livestock-body-building\/\" \/>\n<meta property=\"og:site_name\" content=\"Carrocerias Maser\" \/>\n<meta property=\"article:modified_time\" content=\"2021-05-10T11:06:28+00:00\" \/>\n<meta name=\"twitter:card\" content=\"summary_large_image\" \/>\n<meta name=\"twitter:label1\" content=\"Written by\">\n\t<meta name=\"twitter:data1\" content=\"admin\">\n\t<meta name=\"twitter:label2\" content=\"Est. reading time\">\n\t<meta name=\"twitter:data2\" content=\"2 minutes\">\n<script type=\"application\/ld+json\" class=\"yoast-schema-graph\">{\"@context\":\"https:\/\/schema.org\",\"@graph\":[{\"@type\":\"WebSite\",\"@id\":\"https:\/\/carroceriasmaser.com\/#website\",\"url\":\"https:\/\/carroceriasmaser.com\/\",\"name\":\"Carrocer\\u00edas Maser\",\"description\":\"\",\"potentialAction\":[{\"@type\":\"SearchAction\",\"target\":\"https:\/\/carroceriasmaser.com\/?s={search_term_string}\",\"query-input\":\"required name=search_term_string\"}],\"inLanguage\":\"en-US\"},{\"@type\":\"WebPage\",\"@id\":\"https:\/\/carroceriasmaser.com\/en\/livestock-body-building\/#webpage\",\"url\":\"https:\/\/carroceriasmaser.com\/en\/livestock-body-building\/\",\"name\":\"Livestock body building - Carrocerias Maser\",\"isPartOf\":{\"@id\":\"https:\/\/carroceriasmaser.com\/#website\"},\"datePublished\":\"2016-01-17T09:54:27+00:00\",\"dateModified\":\"2021-05-10T11:06:28+00:00\",\"description\":\"Fabricaci\\u00f3n de carrocer\\u00edas para el transporte de animales vivos, con calidad, tecnolog\\u00eda, soluciones y garant\\u00eda, para nuestros clientes.\",\"inLanguage\":\"en-US\",\"potentialAction\":[{\"@type\":\"ReadAction\",\"target\":[\"https:\/\/carroceriasmaser.com\/en\/livestock-body-building\/\"]}]}]}<\/script>\n<!-- \/ Yoast SEO plugin. -->","_links":{"self":[{"href":"https:\/\/carroceriasmaser.com\/en\/wp-json\/wp\/v2\/pages\/7153"}],"collection":[{"href":"https:\/\/carroceriasmaser.com\/en\/wp-json\/wp\/v2\/pages"}],"about":[{"href":"https:\/\/carroceriasmaser.com\/en\/wp-json\/wp\/v2\/types\/page"}],"author":[{"embeddable":true,"href":"https:\/\/carroceriasmaser.com\/en\/wp-json\/wp\/v2\/users\/1"}],"replies":[{"embeddable":true,"href":"https:\/\/carroceriasmaser.com\/en\/wp-json\/wp\/v2\/comments?post=7153"}],"version-history":[{"count":7,"href":"https:\/\/carroceriasmaser.com\/en\/wp-json\/wp\/v2\/pages\/7153\/revisions"}],"predecessor-version":[{"id":7187,"href":"https:\/\/carroceriasmaser.com\/en\/wp-json\/wp\/v2\/pages\/7153\/revisions\/7187"}],"wp:attachment":[{"href":"https:\/\/carroceriasmaser.com\/en\/wp-json\/wp\/v2\/media?parent=7153"}],"curies":[{"name":"wp","href":"https:\/\/api.w.org\/{rel}","templated":true}]}}