{"id":7215,"date":"2021-03-16T08:21:33","date_gmt":"2021-03-16T08:21:33","guid":{"rendered":"https:\/\/carroceriasmaser.com\/politica-de-privacidad-y-proteccion-de-datos\/"},"modified":"2022-12-14T19:17:25","modified_gmt":"2022-12-14T19:17:25","slug":"privacy-data-protection","status":"publish","type":"page","link":"https:\/\/carroceriasmaser.com\/en\/privacy-data-protection\/","title":{"rendered":"Privacy and data protection"},"content":{"rendered":"<p><strong><span class=\"HwtZe\" lang=\"en\"><span class=\"jCAhz ChMk0b\"><span class=\"ryNqvb\">Scope of the personal data protection policy<\/span><\/span> <\/span><\/strong><\/p>\n<p><span class=\"HwtZe\" lang=\"en\"><span class=\"jCAhz ChMk0b\"><span class=\"ryNqvb\">This personal data protection policy covers any data processing that may occur in the presentation of our face-to-face services, when browsing or interacting with our website.<\/span><\/span> <span class=\"jCAhz ChMk0b\"><span class=\"ryNqvb\">It will also apply to any internal company procedure that requires the collection of data, either in paper forms or in any other system.<\/span><\/span> <\/span><\/p>\n<p><span class=\"HwtZe\" lang=\"en\"><span class=\"jCAhz ChMk0b\"><span class=\"ryNqvb\">In any of these media, you can consult information, and in some cases fill in forms, answer surveys, participate in contests, make inquiries, send photographs, make comments, etc.<\/span><\/span> <span class=\"jCAhz ChMk0b\"><span class=\"ryNqvb\">&#8230; and, therefore, provide us with personal data information.<\/span><\/span> <span class=\"jCAhz ChMk0b\"><span class=\"ryNqvb\">All treatments are subject to our privacy policy.<\/span><\/span><\/span><\/p>\n<p><strong><span class=\"HwtZe\" lang=\"en\"><span class=\"jCAhz ChMk0b\"><span class=\"ryNqvb\">Who is responsible for the treatment of your personal data?<\/span><\/span><\/span><\/strong><\/p>\n<p><span class=\"HwtZe\" lang=\"en\"> <span class=\"jCAhz ChMk0b\"><span class=\"ryNqvb\">In compliance with the provisions of Regulation (EU) 2016\/679 of the European Parliament and of the Council of April 27, 2016, and in compliance with Law 3\/2018, of December 5, on Personal Data Protection and Guarantee of<\/span><\/span> <span class=\"jCAhz ChMk0b\"><span class=\"ryNqvb\">los derechos digitales, we inform you that the personal data you provide us will be treated by Carrocerias Maser.<\/span><\/span> <\/span><\/p>\n<p><span class=\"HwtZe\" lang=\"en\"><span class=\"jCAhz ChMk0b\"><span class=\"ryNqvb\">the company MASER CARROCERIAS S.L, with registered office at C\/ Canig\u00f3 8 \u2013 25141 Golm\u00e9s, and telephone number 973 602 509.<\/span><\/span> <\/span><\/p>\n<p><span class=\"HwtZe\" lang=\"en\"><span class=\"jCAhz ChMk0b\"><span class=\"ryNqvb\">The company is called Carrocerias Maser, with CIF B-25492679 mail oscar@carroceriasmaser.com<\/span><\/span><\/span><\/p>\n<p><strong><span class=\"HwtZe\" lang=\"en\"><span class=\"jCAhz ChMk0b\"><span class=\"ryNqvb\">Who is the Personal Data Protection Officer?<\/span><\/span> <\/span><\/strong><\/p>\n<p><span class=\"HwtZe\" lang=\"en\"><span class=\"jCAhz ChMk0b\"><span class=\"ryNqvb\">The Personal Data Protection Officer is the person responsible for protecting the fundamental right to the protection of personal data at Carrocerias Maser and is responsible for compliance with the data protection regulations.<\/span><\/span> <span class=\"jCAhz ChMk0b\"><span class=\"ryNqvb\">You can contact the Personal Data Protection delegate at the following address: oscar@carroceriasmaser.com<\/span><\/span> <\/span><\/p>\n<p><strong><span class=\"HwtZe\" lang=\"en\"><span class=\"jCAhz ChMk0b\"><span class=\"ryNqvb\">What Personal Data are collected and their purposes?<\/span><\/span><\/span><\/strong><\/p>\n<p><em><u>On line:<\/u><\/em><u> <\/u><\/p>\n<table border=\"1\" width=\"643\" cellspacing=\"3\" cellpadding=\"2\">\n<thead>\n<tr>\n<th width=\"87\"><span class=\"HwtZe\" lang=\"en\"><span class=\"jCAhz ChMk0b\"><span class=\"ryNqvb\">Separated<\/span><\/span><\/span><\/th>\n<th width=\"100\"><strong>Data <\/strong><\/th>\n<th width=\"119\"><span class=\"HwtZe\" lang=\"en\"><span class=\"jCAhz ChMk0b\"><span class=\"ryNqvb\">Responsible<\/span><\/span><\/span><\/th>\n<th width=\"157\"><span class=\"HwtZe\" lang=\"en\"><span class=\"jCAhz ChMk0b\"><span class=\"ryNqvb\">Purpose and legitimacy<\/span><\/span><\/span><\/th>\n<th width=\"140\"><span class=\"HwtZe\" lang=\"en\"><span class=\"jCAhz ChMk0b\"><span class=\"ryNqvb\">Recipients<\/span><\/span><\/span><\/th>\n<\/tr>\n<\/thead>\n<tbody>\n<tr>\n<td width=\"87\"><\/td>\n<td width=\"100\"><\/td>\n<td width=\"119\"><\/td>\n<td width=\"157\"><\/td>\n<td width=\"140\"><\/td>\n<\/tr>\n<tr>\n<td width=\"87\"><\/td>\n<td width=\"100\"><\/td>\n<td width=\"119\"><\/td>\n<td width=\"157\"><\/td>\n<td width=\"140\"><\/td>\n<\/tr>\n<tr>\n<td width=\"87\"><strong>Contact<\/strong><\/td>\n<td width=\"100\"><span class=\"HwtZe\" lang=\"en\"><span class=\"jCAhz ChMk0b\"><span class=\"ryNqvb\">Name and surname, telephone, email and city<\/span><\/span><\/span><\/td>\n<td width=\"119\"><strong>Carrocerias Maser<\/strong><\/td>\n<td width=\"157\"><span class=\"HwtZe\" lang=\"en\"><span class=\"jCAhz ChMk0b\"><span class=\"ryNqvb\">Manage your request, legitimized with legitimate right.<\/span><\/span><\/span><\/td>\n<td width=\"140\"><strong>Carrocerias Maser<\/strong><\/td>\n<\/tr>\n<tr>\n<td width=\"87\"><\/td>\n<td width=\"100\"><\/td>\n<td width=\"119\"><\/td>\n<td width=\"157\"><\/td>\n<td width=\"140\"><\/td>\n<\/tr>\n<tr>\n<td width=\"87\"><\/td>\n<td width=\"100\"><\/td>\n<td width=\"119\"><\/td>\n<td width=\"157\"><\/td>\n<td width=\"140\"><\/td>\n<\/tr>\n<\/tbody>\n<\/table>\n<p><span class=\"HwtZe\" lang=\"en\"><span class=\"jCAhz ChMk0b\"><span class=\"ryNqvb\">If the processing of sensitive data is required within a specific service, it will always be within the framework of compliance with a law or your express consent will be required.<\/span><\/span> <\/span><\/p>\n<p><span class=\"HwtZe\" lang=\"en\"><span class=\"jCAhz ChMk0b\"><span class=\"ryNqvb\">Your consent can be revoked at any time.<\/span><\/span> <\/span><\/p>\n<p><span class=\"HwtZe\" lang=\"en\"><span class=\"jCAhz ChMk0b\"><span class=\"ryNqvb\">Carrocerias Maser uses tools to analyze user profiles, behaviors or preferences and subsequently carry out targeted campaigns based on this data.<\/span><\/span><\/span><\/p>\n<p><span class=\"HwtZe\" lang=\"es\"> <strong><span class=\"jCAhz ChMk0b\"><span class=\"ryNqvb\"><span class=\"HwtZe\" lang=\"en\">Why do we use your personal data? Below we explain the legal basis that allows us to process your personal data.<\/span><\/span><\/span><\/strong><\/span><\/p>\n<ol>\n<li><span class=\"HwtZe\" lang=\"en\"><span class=\"jCAhz ChMk0b\"><span class=\"ryNqvb\">In compliance with a contractual relationship.<\/span><\/span> <\/span><\/li>\n<li><span class=\"HwtZe\" lang=\"en\"><span class=\"jCAhz ChMk0b\"><span class=\"ryNqvb\">When you give us your consent.<\/span><\/span> <\/span><\/li>\n<li><span class=\"HwtZe\" lang=\"en\"><span class=\"jCAhz ChMk0b\"><span class=\"ryNqvb\">Due to the legitimate interest of Carrocerias Maser in promoting services, products and initiatives that may interest you.<\/span><\/span> <\/span><\/li>\n<li><span class=\"HwtZe\" lang=\"en\"><span class=\"jCAhz ChMk0b\"><span class=\"ryNqvb\">Compliance with obligations imposed by law.<\/span><\/span><\/span><\/li>\n<\/ol>\n<p><span class=\"HwtZe\" lang=\"es\"><span class=\"jCAhz ChMk0b\"><span class=\"ryNqvb\"><span class=\"HwtZe\" lang=\"en\">We remind you that you can revoke your consent at any time at the following address: oscar@carroceriasmaser.com<\/span><\/span><\/span><\/span><\/p>\n<p><strong><span class=\"HwtZe\" lang=\"es\"><span class=\"jCAhz ChMk0b\"><span class=\"ryNqvb\"><span class=\"HwtZe\" lang=\"en\">Publications of photos or videos on the WEB page or on social networks<\/span><\/span><\/span> <\/span><\/strong><\/p>\n<p><span class=\"HwtZe\" lang=\"en\"><span class=\"jCAhz ChMk0b\"><span class=\"ryNqvb\">For the publication of photographs or videos of our workers, clients, users or minors on the web or social networks, as well as to collect data to carry out a contest or process any other personal data, we previously obtain the prior, explicit, indisputable and<\/span><\/span> <span class=\"jCAhz ChMk0b\"><span class=\"ryNqvb\">informed by the owner that, in the case of minors under 14 years of age, it is granted by the parents or legal guardians.<\/span><\/span> <\/span><\/p>\n<p><span class=\"HwtZe\" lang=\"en\"><span class=\"jCAhz ChMk0b\"><span class=\"ryNqvb\">The treatment of these photos complies with the principle of proportionality, that is, they are only treated strictly for the purpose for which consent has been given.<\/span><\/span><\/span><\/p>\n<p><span class=\"HwtZe\" lang=\"es\"><strong><span class=\"jCAhz ChMk0b\"><span class=\"ryNqvb\"><span class=\"HwtZe\" lang=\"en\">Data not relevant<\/span><\/span><\/span><\/strong> <\/span><\/p>\n<p><span class=\"HwtZe\" lang=\"es\"><span class=\"jCAhz ChMk0b\"><span class=\"ryNqvb\"><span class=\"HwtZe\" lang=\"en\">Carrocerias Maser warns the user that, except for the existence of a legally constituted representation, no user can use the identity of another person and communicate their personal data, so the user at all times must take into account that they can only provide corresponding personal data. to their own identity and that they are adequate, pertinent, current, exact and true.<\/span><\/span><\/span> <\/span><\/p>\n<p><span class=\"HwtZe\" lang=\"es\"><strong><span class=\"jCAhz ChMk0b\"><span class=\"ryNqvb\">\u00bfCu\u00e1nto tiempo conservaremos sus datos?<\/span><\/span><\/strong><\/span><\/p>\n<p><span class=\"HwtZe\" lang=\"es\"> <span class=\"jCAhz ChMk0b\"><span class=\"ryNqvb\">Carrocerias Maser guarda sus Datos Personales mientras sea necesario para el fin para el que fueron recopilados.<\/span><\/span> <span class=\"jCAhz ChMk0b\"><span class=\"ryNqvb\">Si la directriz es distinta a la indicada en esta pol\u00edtica se detallar\u00e1 en el documento pertinente.<\/span><\/span> <span class=\"jCAhz ChMk0b\"><span class=\"ryNqvb\">En el caso de la bolsa de trabajo, sus datos se conservar\u00e1n un a\u00f1o si el perfil se adecua a nuestras necesidades, de lo contrario se destruir\u00e1n.<\/span><\/span><\/span><\/p>\n<p><strong><span class=\"HwtZe\" lang=\"es\"><span class=\"jCAhz ChMk0b\"><span class=\"ryNqvb\"><span class=\"HwtZe\" lang=\"en\">How long will we keep your data?<\/span><\/span><\/span> <\/span><\/strong><\/p>\n<p><span class=\"HwtZe\" lang=\"en\"><span class=\"jCAhz ChMk0b\"><span class=\"ryNqvb\">Carrocerias Maser will only transfer your data in those services in which it is indicated and in the cases provided by law.<\/span><\/span> <\/span><\/p>\n<p><span class=\"HwtZe\" lang=\"en\"><span class=\"jCAhz ChMk0b\"><span class=\"ryNqvb\">There will be no international transfers of your personal data.<\/span><\/span> <span class=\"jCAhz ChMk0b\"><span class=\"ryNqvb\">In the case of social networks, all the information and content published by the user will be communicated and shared with other users who consult this social network, due to the very nature of the service.<\/span><\/span><\/span><\/p>\n<p><span class=\"HwtZe\" lang=\"es\"><strong><span class=\"jCAhz ChMk0b\"><span class=\"ryNqvb\"><span class=\"HwtZe\" lang=\"en\">Security measures<\/span><\/span><\/span> <\/strong><\/span><\/p>\n<p><span class=\"HwtZe\" lang=\"es\"><span class=\"jCAhz ChMk0b\"><span class=\"ryNqvb\"><span class=\"HwtZe\" lang=\"en\">Carrocerias Maser ensures the absolute confidentiality and privacy of the personal data collected and therefore essential security measures have been adopted to prevent alteration, loss, treatment or unauthorized access and thus guarantee its integrity and security. The User undertakes to make diligent use and not make his username and password available to third parties, likewise he undertakes to inform the company of any theft, loss or risk of access by third parties to his user.<\/span><\/span><\/span><\/span><\/p>\n<p><strong><span class=\"HwtZe\" lang=\"es\"> <span class=\"jCAhz ChMk0b\"><span class=\"ryNqvb\"><span class=\"HwtZe\" lang=\"en\">What are your rights when you provide us with your personal data?<\/span><\/span><\/span><\/span><\/strong><\/p>\n<p>&nbsp;<\/p>\n<table border=\"1\" width=\"643\" cellspacing=\"3\" cellpadding=\"2\">\n<thead>\n<tr>\n<th width=\"104\"><span class=\"HwtZe\" lang=\"en\"><span class=\"jCAhz ChMk0b\"><span class=\"ryNqvb\">Law<\/span><\/span><\/span><\/th>\n<th width=\"326\"><span class=\"HwtZe\" lang=\"en\"><span class=\"jCAhz ChMk0b\"><span class=\"ryNqvb\">Contents<\/span><\/span><\/span><\/th>\n<th width=\"187\"><span class=\"HwtZe\" lang=\"en\"><span class=\"jCAhz ChMk0b\"><span class=\"ryNqvb\">Service channel<\/span><\/span><\/span><\/th>\n<\/tr>\n<\/thead>\n<tbody>\n<tr>\n<td width=\"104\"><strong><span class=\"HwtZe\" lang=\"en\"><span class=\"jCAhz ChMk0b\"><span class=\"ryNqvb\">Access<\/span><\/span><\/span><\/strong><\/td>\n<td width=\"326\"><span class=\"HwtZe\" lang=\"en\"><span class=\"jCAhz ChMk0b\"><span class=\"ryNqvb\">You can consult the personal data managed by Carrocerias Maser<\/span><\/span><\/span><\/td>\n<td rowspan=\"6\" width=\"187\"><a href=\"oscar@carroceriasmaser.com\">oscar@carroceriasmaser.com<\/a><\/td>\n<\/tr>\n<tr>\n<td width=\"104\"><strong><span class=\"HwtZe\" lang=\"en\"><span class=\"jCAhz ChMk0b\"><span class=\"ryNqvb\">Rectification<\/span><\/span><\/span><\/strong><\/td>\n<td width=\"326\"><span class=\"HwtZe\" lang=\"en\"><span class=\"jCAhz ChMk0b\"><span class=\"ryNqvb\">You can modify your personal data when they are inaccurate.<\/span><\/span><\/span><\/td>\n<\/tr>\n<tr>\n<td width=\"104\"><strong><span class=\"HwtZe\" lang=\"en\"><span class=\"jCAhz ChMk0b\"><span class=\"ryNqvb\">Suppression<\/span><\/span><\/span><\/strong><\/td>\n<td width=\"326\"><span class=\"HwtZe\" lang=\"en\"><span class=\"jCAhz ChMk0b\"><span class=\"ryNqvb\">You may request the deletion of your personal data.<\/span><\/span><\/span><\/td>\n<\/tr>\n<tr>\n<td width=\"104\"><strong><span class=\"HwtZe\" lang=\"en\"><span class=\"jCAhz ChMk0b\"><span class=\"ryNqvb\">Opposition<\/span><\/span><\/span><\/strong><\/td>\n<td width=\"326\"><span class=\"HwtZe\" lang=\"en\"><span class=\"jCAhz ChMk0b\"><span class=\"ryNqvb\">You may request that your personal data not be processed.<\/span><\/span><\/span><\/td>\n<\/tr>\n<tr>\n<td width=\"104\"><strong><span class=\"HwtZe\" lang=\"en\"><span class=\"jCAhz ChMk0b\"><span class=\"ryNqvb\">Limitation of treatment<\/span><\/span><\/span><\/strong><\/td>\n<td width=\"326\"><span class=\"HwtZe\" lang=\"es\"><span class=\"jCAhz ChMk0b\"><span class=\"ryNqvb\"><span class=\"HwtZe\" lang=\"en\">You may request the limitation of the processing of personal data in the following cases:<\/span><\/span><\/span><\/span><\/p>\n<ul>\n<li>\u2013\u00a0<span class=\"HwtZe\" lang=\"en\"><span class=\"jCAhz ChMk0b\"><span class=\"ryNqvb\">While the challenge of the accuracy of your data is verified.<\/span><\/span><\/span><\/li>\n<li><span class=\"HwtZe\" lang=\"en\"><span class=\"jCAhz ChMk0b\"><span class=\"ryNqvb\">When Carrocerias Maser does not need to process your data, but you need it to exercise or defend claims.<\/span><\/span><\/span><\/li>\n<\/ul>\n<\/td>\n<\/tr>\n<tr>\n<td width=\"104\"><strong><span class=\"HwtZe\" lang=\"en\"><span class=\"jCAhz ChMk0b\"><span class=\"ryNqvb\">Portability<\/span><\/span><\/span><\/strong><\/td>\n<td width=\"326\"><span class=\"HwtZe\" lang=\"en\"><span class=\"jCAhz ChMk0b\"><span class=\"ryNqvb\">You can receive in electronic format the data provided in electronic format.<\/span><\/span><\/span><\/td>\n<\/tr>\n<tr>\n<td colspan=\"3\" width=\"631\"><span class=\"HwtZe\" lang=\"en\"><span class=\"jCAhz ChMk0b\"><span class=\"ryNqvb\">If you consider that we have not processed your personal data in accordance with the regulations, you can contact the Data Protection Delegate at oscar@carroceriasmaser.com<\/span><\/span> <span class=\"jCAhz ChMk0b\"><span class=\"ryNqvb\">If you wish, you can submit a claim to the Spanish Agency for Data Protection<\/span><\/span><\/span> (<a href=\"http:\/\/www.agpd.es\/\">www.agpd.es<\/a>).<\/td>\n<\/tr>\n<tr>\n<td colspan=\"3\" width=\"631\"><span class=\"HwtZe\" lang=\"en\"><span class=\"jCAhz ChMk0b\"><span class=\"ryNqvb\">To exercise your rights, it is necessary that you accompany your request with a copy of your ID or document proving your identity.<\/span><\/span><\/span><\/td>\n<\/tr>\n<tr>\n<td colspan=\"3\" width=\"631\"><span class=\"HwtZe\" lang=\"en\"><span class=\"jCAhz ChMk0b\"><span class=\"ryNqvb\">The exercise of rights is free.<\/span><\/span><\/span><\/td>\n<\/tr>\n<\/tbody>\n<\/table>\n<p>&nbsp;<\/p>\n","protected":false},"excerpt":{"rendered":"<p>Scope of the personal data protection policy This personal data protection policy covers any data processing that may occur in the presentation of our face-to-face services, when browsing or interacting with our website. It will also apply to any internal company procedure that requires the collection of data, either in paper forms or in any [&hellip;]<\/p>\n","protected":false},"author":1,"featured_media":0,"parent":0,"menu_order":0,"comment_status":"closed","ping_status":"closed","template":"","meta":[],"yoast_head":"<!-- This site is optimized with the Yoast SEO plugin v15.3 - https:\/\/yoast.com\/wordpress\/plugins\/seo\/ -->\n<title>Privacy and data protection - Carrocerias Maser<\/title>\n<meta name=\"robots\" content=\"index, follow, max-snippet:-1, max-image-preview:large, max-video-preview:-1\" \/>\n<link rel=\"canonical\" href=\"https:\/\/carroceriasmaser.com\/en\/privacy-data-protection\/\" \/>\n<meta property=\"og:locale\" content=\"en_US\" \/>\n<meta property=\"og:type\" content=\"article\" \/>\n<meta property=\"og:title\" content=\"Privacy and data protection - Carrocerias Maser\" \/>\n<meta property=\"og:description\" content=\"Scope of the personal data protection policy This personal data protection policy covers any data processing that may occur in the presentation of our face-to-face services, when browsing or interacting with our website. It will also apply to any internal company procedure that requires the collection of data, either in paper forms or in any [&hellip;]\" \/>\n<meta property=\"og:url\" content=\"https:\/\/carroceriasmaser.com\/en\/privacy-data-protection\/\" \/>\n<meta property=\"og:site_name\" content=\"Carrocerias Maser\" \/>\n<meta property=\"article:modified_time\" content=\"2022-12-14T19:17:25+00:00\" \/>\n<meta name=\"twitter:card\" content=\"summary_large_image\" \/>\n<meta name=\"twitter:label1\" content=\"Written by\">\n\t<meta name=\"twitter:data1\" content=\"admin\">\n\t<meta name=\"twitter:label2\" content=\"Est. reading time\">\n\t<meta name=\"twitter:data2\" content=\"4 minutes\">\n<script type=\"application\/ld+json\" class=\"yoast-schema-graph\">{\"@context\":\"https:\/\/schema.org\",\"@graph\":[{\"@type\":\"WebSite\",\"@id\":\"https:\/\/carroceriasmaser.com\/#website\",\"url\":\"https:\/\/carroceriasmaser.com\/\",\"name\":\"Carrocer\\u00edas Maser\",\"description\":\"\",\"potentialAction\":[{\"@type\":\"SearchAction\",\"target\":\"https:\/\/carroceriasmaser.com\/?s={search_term_string}\",\"query-input\":\"required name=search_term_string\"}],\"inLanguage\":\"en-US\"},{\"@type\":\"WebPage\",\"@id\":\"https:\/\/carroceriasmaser.com\/en\/privacy-data-protection\/#webpage\",\"url\":\"https:\/\/carroceriasmaser.com\/en\/privacy-data-protection\/\",\"name\":\"Privacy and data protection - Carrocerias Maser\",\"isPartOf\":{\"@id\":\"https:\/\/carroceriasmaser.com\/#website\"},\"datePublished\":\"2021-03-16T08:21:33+00:00\",\"dateModified\":\"2022-12-14T19:17:25+00:00\",\"inLanguage\":\"en-US\",\"potentialAction\":[{\"@type\":\"ReadAction\",\"target\":[\"https:\/\/carroceriasmaser.com\/en\/privacy-data-protection\/\"]}]}]}<\/script>\n<!-- \/ Yoast SEO plugin. -->","_links":{"self":[{"href":"https:\/\/carroceriasmaser.com\/en\/wp-json\/wp\/v2\/pages\/7215"}],"collection":[{"href":"https:\/\/carroceriasmaser.com\/en\/wp-json\/wp\/v2\/pages"}],"about":[{"href":"https:\/\/carroceriasmaser.com\/en\/wp-json\/wp\/v2\/types\/page"}],"author":[{"embeddable":true,"href":"https:\/\/carroceriasmaser.com\/en\/wp-json\/wp\/v2\/users\/1"}],"replies":[{"embeddable":true,"href":"https:\/\/carroceriasmaser.com\/en\/wp-json\/wp\/v2\/comments?post=7215"}],"version-history":[{"count":4,"href":"https:\/\/carroceriasmaser.com\/en\/wp-json\/wp\/v2\/pages\/7215\/revisions"}],"predecessor-version":[{"id":7876,"href":"https:\/\/carroceriasmaser.com\/en\/wp-json\/wp\/v2\/pages\/7215\/revisions\/7876"}],"wp:attachment":[{"href":"https:\/\/carroceriasmaser.com\/en\/wp-json\/wp\/v2\/media?parent=7215"}],"curies":[{"name":"wp","href":"https:\/\/api.w.org\/{rel}","templated":true}]}}