{"id":7514,"date":"2016-01-30T10:24:11","date_gmt":"2016-01-30T10:24:11","guid":{"rendered":"https:\/\/carroceriasmaser.com\/home-creative-agency\/"},"modified":"2026-02-03T13:43:57","modified_gmt":"2026-02-03T13:43:57","slug":"home-creative-agency","status":"publish","type":"page","link":"https:\/\/carroceriasmaser.com\/fr\/","title":{"rendered":"Home"},"content":{"rendered":"<p>[vc_row row_style=\u00a0\u00bbfull-width\u00a0\u00bb padding_size=\u00a0\u00bbno-padding\u00a0\u00bb][vc_column padding_size=\u00a0\u00bbno-padding\u00a0\u00bb][rev_slider_vc alias=\u00a0\u00bbcarrocerias-maser-11&Prime;][\/vc_column][\/vc_row][vc_row overlap=\u00a0\u00bbbottom\u00a0\u00bb overlap_distance=\u00a0\u00bb0&Prime; overlap_index=\u00a0\u00bb50&Prime; padding_size=\u00a0\u00bbl-padding\u00a0\u00bb css=\u00a0\u00bb.vc_custom_1445754657417{padding-bottom: 0px !important;}\u00a0\u00bb][vc_column overlap=\u00a0\u00bbbottom\u00a0\u00bb overlap_distance=\u00a0\u00bb95px\u00a0\u00bb overlap_index=\u00a0\u00bb50&Prime; width=\u00a0\u00bb1\/3&Prime;][vc_row_inner][vc_column_inner offset=\u00a0\u00bbvc_hidden-sm vc_hidden-xs\u00a0\u00bb][vc_empty_space height=\u00a0\u00bb0&Prime;][\/vc_column_inner][\/vc_row_inner][wyde_heading title_tag=\u00a0\u00bbh4&Prime; style=\u00a0\u00bb2&Prime; text_align=\u00a0\u00bbleft\u00a0\u00bb title=\u00a0\u00bbQui sommes-nous?\u00a0\u00bb subheading=\u00a0\u00bbMaser Carrocer\u00edas\u00a0\u00bb][vc_empty_space height=\u00a0\u00bb20px\u00a0\u00bb][vc_column_text]<strong>MASER CARROCERIAS, SL<\/strong> est une <strong>entreprise<\/strong> sp\u00e9cialis\u00e9e dans la <strong>fabrication de remorques et semi-remorques en aluminium pour le transport d\u2019animaux vivants.<\/strong><\/p>\n<p>Gr\u00e2ce \u00e0 notre connaissance du secteur, forg\u00e9e tout au long de plus de 35 ans, <strong>MASER CARROCERIAS, SL<\/strong> est devenue une <strong>r\u00e9f\u00e9rence dans le secteur du transport animal au niveau national.<\/strong>[\/vc_column_text][vc_empty_space height=\u00a0\u00bb25px\u00a0\u00bb][wyde_button title=\u00a0\u00bbLire plus\u00a0\u00bb link=\u00a0\u00bburl:https%3A%2F%2Fcarroceriasmaser.com%2Ffr%2Fenterprise%2F|title:La%20Empresa\u00a0\u00bb][vc_empty_space height=\u00a0\u00bb150px\u00a0\u00bb][\/vc_column][vc_column padding_size=\u00a0\u00bbno-padding\u00a0\u00bb width=\u00a0\u00bb2\/3&Prime;][vc_empty_space height=\u00a0\u00bb80px\u00a0\u00bb][vc_single_image img_size=\u00a0\u00bboverlap-fullwidth\u00a0\u00bb alignment=\u00a0\u00bbcenter\u00a0\u00bb image=\u00a0\u00bb6944&Prime;][\/vc_column][\/vc_row][vc_row padding_size=\u00a0\u00bbno-padding\u00a0\u00bb background_overlay=\u00a0\u00bbcolor\u00a0\u00bb overlay_color=\u00a0\u00bb#000000&Prime; overlay_opacity=\u00a0\u00bb0.2&Prime; parallax=\u00a0\u00bbparallax\u00a0\u00bb bg_image_url=\u00a0\u00bbhttps:\/\/carroceriasmaser.com\/wp-content\/uploads\/2020\/11\/carroceria-transporte-animal-maser-150&#215;150.jpg\u00a0\u00bb background_image=\u00a0\u00bb6779&Prime;][vc_column width=\u00a0\u00bb1\/3&Prime; offset=\u00a0\u00bbvc_hidden-sm vc_hidden-xs\u00a0\u00bb][\/vc_column][vc_column overlap=\u00a0\u00bbbottom\u00a0\u00bb overlap_distance=\u00a0\u00bb100px\u00a0\u00bb overlap_index=\u00a0\u00bb50&Prime; width=\u00a0\u00bb2\/3&Prime;][vc_row_inner background_color=\u00a0\u00bb#ffffff\u00a0\u00bb css=\u00a0\u00bb.vc_custom_1445753439968{padding-top: 30px !important;padding-right: 15px !important;padding-bottom: 30px !important;padding-left: 15px !important;}\u00a0\u00bb][vc_column_inner width=\u00a0\u00bb1\/2&Prime;][vc_single_image alignment=\u00a0\u00bbcenter\u00a0\u00bb image=\u00a0\u00bb7952&Prime;][\/vc_column_inner][vc_column_inner overlap=\u00a0\u00bbright\u00a0\u00bb overlap_distance=\u00a0\u00bb0&Prime; overlap_index=\u00a0\u00bb50&Prime; width=\u00a0\u00bb1\/2&Prime;][wyde_heading style=\u00a0\u00bb6&Prime; text_align=\u00a0\u00bbleft\u00a0\u00bb title=\u00a0\u00bbConstruction de carrosseries pour transport animal\u00a0\u00bb][vc_empty_space height=\u00a0\u00bb15px\u00a0\u00bb][vc_column_text]Nos <strong>carrosseries<\/strong> sont fabriqu\u00e9es conform\u00e9ment aux meilleurs normes de qualit\u00e9 pour garantir une <strong>longue vie utile au v\u00e9hicule<\/strong> et une grande robustesse et fiabilit\u00e9 d\u2019usage.<\/p>\n<ul>\n<li>Nous utilisons les <strong>meilleurs alliages<\/strong> pour les profil\u00e9s et les plaques en aluminium.<\/li>\n<li><strong>Technologie hydraulique<\/strong> de la plateforme \u00e9l\u00e9vatrice qui apporte robustesse lors des processus de chargement et d\u00e9chargement.<\/li>\n<li>Nous incorporons des <strong>\u00e9l\u00e9ments redondants<\/strong> sur les parties les plus critiques, afin d\u2019\u00e9viter les mises \u00e0 l\u2019arr\u00eat en cas de panne.<\/li>\n<li>Utilisation de composants de <strong>premi\u00e8res marques<\/strong>.<\/li>\n<\/ul>\n<p>[\/vc_column_text][vc_empty_space height=\u00a0\u00bb15px\u00a0\u00bb][wyde_link_button size=\u00a0\u00bblarge\u00a0\u00bb title=\u00a0\u00bbVoir plus\u00a0\u00bb link=\u00a0\u00bburl:https%3A%2F%2Fcarroceriasmaser.com%2Ffr%2Fnous-fabriquons-des-carrosseries%2F|title:Fabricaci%C3%B3n%20de%20Carrocer%C3%ADas\u00a0\u00bb color=\u00a0\u00bb#ffffff\u00a0\u00bb bg_color=\u00a0\u00bb#000000&Prime; css=\u00a0\u00bb.vc_custom_1668240653051{background-color: #000000 !important;}\u00a0\u00bb icon=\u00a0\u00bbfa fa-sign-in\u00a0\u00bb][\/vc_column_inner][\/vc_row_inner][\/vc_column][\/vc_row][vc_row padding_size=\u00a0\u00bbno-padding\u00a0\u00bb][vc_column offset=\u00a0\u00bbvc_hidden-sm vc_hidden-xs\u00a0\u00bb][vc_empty_space height=\u00a0\u00bb180px\u00a0\u00bb][\/vc_column][\/vc_row][vc_row row_style=\u00a0\u00bbfull-width\u00a0\u00bb equal_height=\u00a0\u00bbtrue\u00a0\u00bb vertical_align=\u00a0\u00bbbottom\u00a0\u00bb padding_size=\u00a0\u00bbno-padding\u00a0\u00bb][vc_column padding_size=\u00a0\u00bbno-padding\u00a0\u00bb width=\u00a0\u00bb1\/2&Prime;][vc_single_image alignment=\u00a0\u00bbcenter\u00a0\u00bb image=\u00a0\u00bb6984&Prime;][\/vc_column][vc_column width=\u00a0\u00bb1\/2&Prime; css=\u00a0\u00bb.vc_custom_1445754246192{padding-right: 2% !important;padding-left: 2% !important;}\u00a0\u00bb][vc_row_inner][vc_column_inner width=\u00a0\u00bb5\/6&Prime;][vc_column_text][\/vc_column_text][wyde_heading title_tag=\u00a0\u00bbh4&Prime; style=\u00a0\u00bb2&Prime; text_align=\u00a0\u00bbleft\u00a0\u00bb title=\u00a0\u00bbServices\u00a0\u00bb][vc_empty_space height=\u00a0\u00bb20px\u00a0\u00bb][vc_column_text]<\/p>\n<ul type=\"disc\">\n<li class=\"x_x_MsoListParagraphCxSpFirst\">Nous vous conseillons sur le type de carrosserie le mieux adapt\u00e9 \u00e0 vos besoins de transport.<\/li>\n<li class=\"x_x_MsoListParagraphCxSpMiddle\">Nous vous aidons \u00e0 trouver un acheteur pour votre cage us\u00e9e.<\/li>\n<li class=\"x_x_MsoListParagraphCxSpLast\">Nous vous offrons un service de maintenance de votre flotte de cages d\u2019une qualit\u00e9 exceptionnelle.<\/li>\n<\/ul>\n<p>[\/vc_column_text][\/vc_column_inner][vc_column_inner width=\u00a0\u00bb1\/6&Prime; offset=\u00a0\u00bbvc_hidden-md vc_hidden-sm vc_hidden-xs\u00a0\u00bb][\/vc_column_inner][\/vc_row_inner][\/vc_column][\/vc_row][vc_row text_style=\u00a0\u00bblight\u00a0\u00bb padding_size=\u00a0\u00bbno-padding\u00a0\u00bb][vc_column offset=\u00a0\u00bbvc_hidden-sm vc_hidden-xs\u00a0\u00bb][vc_empty_space height=\u00a0\u00bb130px\u00a0\u00bb][\/vc_column][\/vc_row][vc_row background_overlay=\u00a0\u00bbcolor\u00a0\u00bb overlay_color=\u00a0\u00bb#000000&Prime; overlay_opacity=\u00a0\u00bb0.3&Prime; parallax=\u00a0\u00bbparallax\u00a0\u00bb bg_image_url=\u00a0\u00bbhttps:\/\/carroceriasmaser.com\/wp-content\/uploads\/2021\/01\/carroceria-transporte-animal-maser-3-150&#215;150.jpg\u00a0\u00bb background_image=\u00a0\u00bb6839&Prime;][vc_column overlap=\u00a0\u00bbtop\u00a0\u00bb overlap_distance=\u00a0\u00bb145px\u00a0\u00bb overlap_index=\u00a0\u00bb50&Prime; text_align=\u00a0\u00bbcenter\u00a0\u00bb][wyde_heading style=\u00a0\u00bb4&Prime;][vc_custom_heading text=\u00a0\u00bbBesoin d\u2019une carrosserie pour votre transport?\u00a0\u00bb font_container=\u00a0\u00bbtag:h2|font_size:58px|text_align:center|color:%23ffffff|line_height:60px\u00a0\u00bb google_fonts=\u00a0\u00bbfont_family:Montserrat%3Aregular%2C700|font_style:700%20bold%20regular%3A700%3Anormal\u00a0\u00bb][vc_empty_space][wyde_button title=\u00a0\u00bbContactez-nous\u00a0\u00bb size=\u00a0\u00bblarge\u00a0\u00bb link=\u00a0\u00bburl:https%3A%2F%2Fcarroceriasmaser.com%2Ffr%2Fcontact%2F|title:Contacto\u00a0\u00bb color=\u00a0\u00bb#ffffff\u00a0\u00bb bg_color=\u00a0\u00bb#d13030&Prime; css=\u00a0\u00bb.vc_custom_1668240780048{background-color: #000000 !important;}\u00a0\u00bb][\/vc_column][\/vc_row][vc_row overlap=\u00a0\u00bbtop\u00a0\u00bb overlap_index=\u00a0\u00bb50&Prime; padding_size=\u00a0\u00bbno-padding\u00a0\u00bb][vc_column padding_size=\u00a0\u00bbno-padding\u00a0\u00bb][vc_row_inner padding_size=\u00a0\u00bbno-padding\u00a0\u00bb][vc_column_inner padding_size=\u00a0\u00bbno-padding\u00a0\u00bb offset=\u00a0\u00bbvc_hidden-lg vc_hidden-md\u00a0\u00bb][vc_empty_space height=\u00a0\u00bb40px\u00a0\u00bb][\/vc_column_inner][\/vc_row_inner][vc_row_inner overlap=\u00a0\u00bbtop\u00a0\u00bb overlap_distance=\u00a0\u00bb95px\u00a0\u00bb overlap_index=\u00a0\u00bb50&Prime; padding_size=\u00a0\u00bbno-padding\u00a0\u00bb background_color=\u00a0\u00bb#ffffff\u00a0\u00bb css=\u00a0\u00bb.vc_custom_1457006069918{padding: 30px !important;}\u00a0\u00bb][vc_column_inner padding_size=\u00a0\u00bbno-padding\u00a0\u00bb][wyde_portfolio_grid view=\u00a0\u00bbphotoset\u00a0\u00bb columns=\u00a0\u00bb3&Prime; title=\u00a0\u00bbConfigurations\u00a0\u00bb subtitle=\u00a0\u00bbD\u00c9VELOPP\u00c9S PAR CARROCERIAS MASER\u00a0\u00bb][vc_empty_space height=\u00a0\u00bb5px\u00a0\u00bb][\/vc_column_inner][\/vc_row_inner][vc_empty_space height=\u00a0\u00bb70px\u00a0\u00bb][vc_column_text]<\/p>\n<h2 style=\"text-align: center;\"><strong>Remorques et semi-remorques pour le transport d\u2019animaux.<\/strong><\/h2>\n<p>[\/vc_column_text][vc_empty_space][vc_single_image image=\u00a0\u00bb7261&Prime;][\/vc_column][\/vc_row][vc_row row_style=\u00a0\u00bbfull-screen\u00a0\u00bb padding_size=\u00a0\u00bbno-padding\u00a0\u00bb background_style=\u00a0\u00bbcontain\u00a0\u00bb background_position=\u00a0\u00bbcenter bottom\u00a0\u00bb background_image=\u00a0\u00bb6986&Prime; bg_image_url=\u00a0\u00bbhttps:\/\/carroceriasmaser.com\/wp-content\/uploads\/2021\/03\/maser-carrocerias-6-150&#215;150.jpg\u00a0\u00bb][vc_column css=\u00a0\u00bb.vc_custom_1457065870216{padding-top: 30px !important;padding-right: 30px !important;padding-bottom: 30px !important;padding-left: 30px !important;}\u00a0\u00bb][vc_empty_space height=\u00a0\u00bb0&Prime;][vc_row_inner][vc_column_inner text_align=\u00a0\u00bbcenter\u00a0\u00bb][wyde_heading style=\u00a0\u00bb4&Prime; title=\u00a0\u00bbNous fabriquons\u00a0\u00bb][vc_custom_heading text=\u00a0\u00bbla carrosserie sur mesure en fonction de votre\u00a0\u00bb font_container=\u00a0\u00bbtag:h4|font_size:70px|text_align:center|line_height:80px\u00a0\u00bb google_fonts=\u00a0\u00bbfont_family:Montserrat%3Aregular%2C700|font_style:400%20regular%3A400%3Anormal\u00a0\u00bb text_transform=\u00a0\u00bblowercase\u00a0\u00bb][vc_custom_heading text=\u00a0\u00bbtransport\u00a0\u00bb font_container=\u00a0\u00bbtag:h2|font_size:105px|text_align:center|color:%23ff0008|line_height:105px\u00a0\u00bb google_fonts=\u00a0\u00bbfont_family:Montserrat%3Aregular%2C700|font_style:700%20bold%20regular%3A700%3Anormal\u00a0\u00bb text_transform=\u00a0\u00bbuppercase\u00a0\u00bb][wyde_button title=\u00a0\u00bbEt si nous parlions?\u00a0\u00bb size=\u00a0\u00bblarge\u00a0\u00bb link=\u00a0\u00bburl:https%3A%2F%2Fcarroceriasmaser.com%2Ffr%2Fcontact%2F|title:Contacto\u00a0\u00bb color=\u00a0\u00bb#ffffff\u00a0\u00bb bg_color=\u00a0\u00bb#ff0008&Prime; css=\u00a0\u00bb.vc_custom_1668240868632{background-color: #000000 !important;}\u00a0\u00bb][vc_empty_space height=\u00a0\u00bb100px\u00a0\u00bb][\/vc_column_inner][\/vc_row_inner][vc_empty_space height=\u00a0\u00bb100px\u00a0\u00bb][vc_row_inner padding_size=\u00a0\u00bbno-padding\u00a0\u00bb][vc_column_inner padding_size=\u00a0\u00bbno-padding\u00a0\u00bb offset=\u00a0\u00bbvc_hidden-sm vc_hidden-xs\u00a0\u00bb][vc_empty_space height=\u00a0\u00bb5px\u00a0\u00bb][\/vc_column_inner][\/vc_row_inner][\/vc_column][\/vc_row][vc_row row_style=\u00a0\u00bbfull-width\u00a0\u00bb padding_size=\u00a0\u00bbno-padding\u00a0\u00bb background_color=\u00a0\u00bb#000000&Prime;][vc_column][vc_empty_space height=\u00a0\u00bb125px\u00a0\u00bb][vc_single_image alignment=\u00a0\u00bbcenter\u00a0\u00bb image=\u00a0\u00bb7942&Prime;][vc_empty_space height=\u00a0\u00bb125px\u00a0\u00bb][\/vc_column][\/vc_row]<\/p>\n","protected":false},"excerpt":{"rendered":"<p>[vc_row row_style=\u00a0\u00bbfull-width\u00a0\u00bb padding_size=\u00a0\u00bbno-padding\u00a0\u00bb][vc_column padding_size=\u00a0\u00bbno-padding\u00a0\u00bb][rev_slider_vc alias=\u00a0\u00bbcarrocerias-maser-11&Prime;][\/vc_column][\/vc_row][vc_row overlap=\u00a0\u00bbbottom\u00a0\u00bb overlap_distance=\u00a0\u00bb0&Prime; overlap_index=\u00a0\u00bb50&Prime; padding_size=\u00a0\u00bbl-padding\u00a0\u00bb css=\u00a0\u00bb.vc_custom_1445754657417{padding-bottom: 0px !important;}\u00a0\u00bb][vc_column overlap=\u00a0\u00bbbottom\u00a0\u00bb overlap_distance=\u00a0\u00bb95px\u00a0\u00bb overlap_index=\u00a0\u00bb50&Prime; width=\u00a0\u00bb1\/3&Prime;][vc_row_inner][vc_column_inner offset=\u00a0\u00bbvc_hidden-sm vc_hidden-xs\u00a0\u00bb][vc_empty_space height=\u00a0\u00bb0&Prime;][\/vc_column_inner][\/vc_row_inner][wyde_heading title_tag=\u00a0\u00bbh4&Prime; style=\u00a0\u00bb2&Prime; text_align=\u00a0\u00bbleft\u00a0\u00bb title=\u00a0\u00bbQui sommes-nous?\u00a0\u00bb subheading=\u00a0\u00bbMaser Carrocer\u00edas\u00a0\u00bb][vc_empty_space height=\u00a0\u00bb20px\u00a0\u00bb][vc_column_text]MASER CARROCERIAS, SL est une entreprise sp\u00e9cialis\u00e9e dans la fabrication de remorques et semi-remorques en aluminium pour le transport d\u2019animaux vivants. Gr\u00e2ce \u00e0 notre connaissance du secteur, forg\u00e9e tout [&hellip;]<\/p>\n","protected":false},"author":1,"featured_media":0,"parent":0,"menu_order":0,"comment_status":"closed","ping_status":"closed","template":"","meta":[],"yoast_head":"<!-- This site is optimized with the Yoast SEO plugin v15.3 - https:\/\/yoast.com\/wordpress\/plugins\/seo\/ -->\n<title>Carrocer\u00edas Maser - Fabricaci\u00f3n de remolques para transporte animal<\/title>\n<meta name=\"description\" content=\"Construcci\u00f3n de remolques y semi-remolques de aluminio para el transporte de animales vivos. Fabricaci\u00f3n de carrocer\u00edas. Jaulas ganaderas.\" \/>\n<meta name=\"robots\" content=\"index, follow, max-snippet:-1, max-image-preview:large, max-video-preview:-1\" \/>\n<link rel=\"canonical\" href=\"https:\/\/carroceriasmaser.com\/fr\/\" \/>\n<meta property=\"og:locale\" content=\"fr_FR\" \/>\n<meta property=\"og:type\" content=\"article\" \/>\n<meta property=\"og:title\" content=\"Carrocer\u00edas Maser - Fabricaci\u00f3n de remolques para transporte animal\" \/>\n<meta property=\"og:description\" content=\"Construcci\u00f3n de remolques y semi-remolques de aluminio para el transporte de animales vivos. Fabricaci\u00f3n de carrocer\u00edas. Jaulas ganaderas.\" \/>\n<meta property=\"og:url\" content=\"https:\/\/carroceriasmaser.com\/fr\/\" \/>\n<meta property=\"og:site_name\" content=\"Carrocerias Maser\" \/>\n<meta property=\"article:modified_time\" content=\"2026-02-03T13:43:57+00:00\" \/>\n<meta name=\"twitter:card\" content=\"summary_large_image\" \/>\n<meta name=\"twitter:label1\" content=\"\u00c9crit par\">\n\t<meta name=\"twitter:data1\" content=\"admin\">\n\t<meta name=\"twitter:label2\" content=\"Dur\u00e9e de lecture est.\">\n\t<meta name=\"twitter:data2\" content=\"5 minutes\">\n<script type=\"application\/ld+json\" class=\"yoast-schema-graph\">{\"@context\":\"https:\/\/schema.org\",\"@graph\":[{\"@type\":\"WebSite\",\"@id\":\"https:\/\/carroceriasmaser.com\/#website\",\"url\":\"https:\/\/carroceriasmaser.com\/\",\"name\":\"Carrocer\\u00edas Maser\",\"description\":\"\",\"potentialAction\":[{\"@type\":\"SearchAction\",\"target\":\"https:\/\/carroceriasmaser.com\/?s={search_term_string}\",\"query-input\":\"required name=search_term_string\"}],\"inLanguage\":\"fr-FR\"},{\"@type\":\"WebPage\",\"@id\":\"https:\/\/carroceriasmaser.com\/fr\/#webpage\",\"url\":\"https:\/\/carroceriasmaser.com\/fr\/\",\"name\":\"Carrocer\\u00edas Maser - Fabricaci\\u00f3n de remolques para transporte animal\",\"isPartOf\":{\"@id\":\"https:\/\/carroceriasmaser.com\/#website\"},\"datePublished\":\"2016-01-30T10:24:11+00:00\",\"dateModified\":\"2026-02-03T13:43:57+00:00\",\"description\":\"Construcci\\u00f3n de remolques y semi-remolques de aluminio para el transporte de animales vivos. Fabricaci\\u00f3n de carrocer\\u00edas. Jaulas ganaderas.\",\"inLanguage\":\"fr-FR\",\"potentialAction\":[{\"@type\":\"ReadAction\",\"target\":[\"https:\/\/carroceriasmaser.com\/fr\/\"]}]}]}<\/script>\n<!-- \/ Yoast SEO plugin. -->","_links":{"self":[{"href":"https:\/\/carroceriasmaser.com\/fr\/wp-json\/wp\/v2\/pages\/7514"}],"collection":[{"href":"https:\/\/carroceriasmaser.com\/fr\/wp-json\/wp\/v2\/pages"}],"about":[{"href":"https:\/\/carroceriasmaser.com\/fr\/wp-json\/wp\/v2\/types\/page"}],"author":[{"embeddable":true,"href":"https:\/\/carroceriasmaser.com\/fr\/wp-json\/wp\/v2\/users\/1"}],"replies":[{"embeddable":true,"href":"https:\/\/carroceriasmaser.com\/fr\/wp-json\/wp\/v2\/comments?post=7514"}],"version-history":[{"count":10,"href":"https:\/\/carroceriasmaser.com\/fr\/wp-json\/wp\/v2\/pages\/7514\/revisions"}],"predecessor-version":[{"id":7977,"href":"https:\/\/carroceriasmaser.com\/fr\/wp-json\/wp\/v2\/pages\/7514\/revisions\/7977"}],"wp:attachment":[{"href":"https:\/\/carroceriasmaser.com\/fr\/wp-json\/wp\/v2\/media?parent=7514"}],"curies":[{"name":"wp","href":"https:\/\/api.w.org\/{rel}","templated":true}]}}