{"id":7534,"date":"2016-01-22T14:16:25","date_gmt":"2016-01-22T14:16:25","guid":{"rendered":"https:\/\/carroceriasmaser.com\/empresa\/"},"modified":"2022-11-02T17:51:40","modified_gmt":"2022-11-02T17:51:40","slug":"enterprise","status":"publish","type":"page","link":"https:\/\/carroceriasmaser.com\/fr\/enterprise\/","title":{"rendered":"L&rsquo;Enterprise"},"content":{"rendered":"<p>[vc_row css=\u00a0\u00bb.vc_custom_1450857573067{padding-top: 60px !important;}\u00a0\u00bb][vc_column width=\u00a0\u00bb1\/2&Prime;][vc_single_image image=\u00a0\u00bb6875&Prime;][\/vc_column][vc_column overlap=\u00a0\u00bbleft\u00a0\u00bb overlap_distance=\u00a0\u00bb0&Prime; overlap_index=\u00a0\u00bb50&Prime; width=\u00a0\u00bb1\/2&Prime;][wyde_heading text_align=\u00a0\u00bbleft\u00a0\u00bb title=\u00a0\u00bbMaser Carrocerias\u00a0\u00bb][vc_empty_space][vc_column_text]Est une <strong>entreprise<\/strong> sp\u00e9cialis\u00e9e dans la <strong>fabrication de <\/strong><strong>remorques et semi-remorques en aluminium pour le transport d\u2019animaux vivants.<\/strong><\/p>\n<p>Gr\u00e2ce \u00e0 notre connaissance du secteur, forg\u00e9e tout au long de plus de 35 ans, <strong>MASER CARROCERIAS, SL<\/strong> est devenue une <strong>r\u00e9f\u00e9rence dans le secteur du transport animal au niveau national.<br \/>\n<\/strong><\/p>\n<p>&nbsp;<\/p>\n<p><strong>HISTORIE<\/strong><\/p>\n<p>MASER CARROCERIAS S.L. a \u00e9t\u00e9 fond\u00e9e en 1985, lorsque Pere Mayoral et Juli\u00e0 Serra se sont associ\u00e9s pour d\u00e9buter ensemble l\u2019activit\u00e9 de <strong>fabrication de carrosseries pour le <\/strong><strong>transport de porcs.<\/strong><\/p>\n<p>Durant toutes ces ann\u00e9es, l\u2019entreprise s\u2019est d\u00e9velopp\u00e9e de fa\u00e7on tr\u00e8s marqu\u00e9e suivant les <strong>valeurs de ses fondateurs<\/strong>, qui perdurent encore aujourd\u2019hui :<\/p>\n<ul>\n<li><strong>Proximit\u00e9 avec nos clients<\/strong><\/li>\n<li><strong>Praticit\u00e9<\/strong><\/li>\n<li><strong>Honn\u00eatet\u00e9<\/strong><\/li>\n<li><strong>Service exceptionnel<\/strong><\/li>\n<\/ul>\n<p>Depuis 2018, la gestion de <strong>MASER CARROCERIAS, SL<\/strong> est pass\u00e9e aux mains de la deuxi\u00e8me g\u00e9n\u00e9ration d\u2019associ\u00e9s, donnant lieu \u00e0 une nouvelle \u00e9tape o\u00f9 la <strong>professionnalisation et l\u2019am\u00e9lioration continue des processus<\/strong> constituent les piliers centraux de notre entreprise, dans le but d\u2019offrir les meilleures carrosseries et le <strong>meilleur service \u00e0 nos clients.<\/strong>[\/vc_column_text][vc_empty_space][\/vc_column][\/vc_row]<\/p>\n","protected":false},"excerpt":{"rendered":"<p>[vc_row css=\u00a0\u00bb.vc_custom_1450857573067{padding-top: 60px !important;}\u00a0\u00bb][vc_column width=\u00a0\u00bb1\/2&Prime;][vc_single_image image=\u00a0\u00bb6875&Prime;][\/vc_column][vc_column overlap=\u00a0\u00bbleft\u00a0\u00bb overlap_distance=\u00a0\u00bb0&Prime; overlap_index=\u00a0\u00bb50&Prime; width=\u00a0\u00bb1\/2&Prime;][wyde_heading text_align=\u00a0\u00bbleft\u00a0\u00bb title=\u00a0\u00bbMaser Carrocerias\u00a0\u00bb][vc_empty_space][vc_column_text]Est une entreprise sp\u00e9cialis\u00e9e dans la fabrication de remorques et semi-remorques en aluminium pour le transport d\u2019animaux vivants. Gr\u00e2ce \u00e0 notre connaissance du secteur, forg\u00e9e tout au long de plus de 35 ans, MASER CARROCERIAS, SL est devenue une r\u00e9f\u00e9rence dans le secteur [&hellip;]<\/p>\n","protected":false},"author":1,"featured_media":0,"parent":0,"menu_order":0,"comment_status":"closed","ping_status":"closed","template":"","meta":[],"yoast_head":"<!-- This site is optimized with the Yoast SEO plugin v15.3 - https:\/\/yoast.com\/wordpress\/plugins\/seo\/ -->\n<title>L&#039;Enterprise - Carrocerias Maser<\/title>\n<meta name=\"robots\" content=\"index, follow, max-snippet:-1, max-image-preview:large, max-video-preview:-1\" \/>\n<link rel=\"canonical\" href=\"https:\/\/carroceriasmaser.com\/fr\/enterprise\/\" \/>\n<meta property=\"og:locale\" content=\"fr_FR\" \/>\n<meta property=\"og:type\" content=\"article\" \/>\n<meta property=\"og:title\" content=\"L&#039;Enterprise - Carrocerias Maser\" \/>\n<meta property=\"og:description\" content=\"[vc_row css=\u00a0\u00bb.vc_custom_1450857573067{padding-top: 60px !important;}\u00a0\u00bb][vc_column width=\u00a0\u00bb1\/2&Prime;][vc_single_image image=\u00a0\u00bb6875&Prime;][\/vc_column][vc_column overlap=\u00a0\u00bbleft\u00a0\u00bb overlap_distance=\u00a0\u00bb0&Prime; overlap_index=\u00a0\u00bb50&Prime; width=\u00a0\u00bb1\/2&Prime;][wyde_heading text_align=\u00a0\u00bbleft\u00a0\u00bb title=\u00a0\u00bbMaser Carrocerias\u00a0\u00bb][vc_empty_space][vc_column_text]Est une entreprise sp\u00e9cialis\u00e9e dans la fabrication de remorques et semi-remorques en aluminium pour le transport d\u2019animaux vivants. Gr\u00e2ce \u00e0 notre connaissance du secteur, forg\u00e9e tout au long de plus de 35 ans, MASER CARROCERIAS, SL est devenue une r\u00e9f\u00e9rence dans le secteur [&hellip;]\" \/>\n<meta property=\"og:url\" content=\"https:\/\/carroceriasmaser.com\/fr\/enterprise\/\" \/>\n<meta property=\"og:site_name\" content=\"Carrocerias Maser\" \/>\n<meta property=\"article:modified_time\" content=\"2022-11-02T17:51:40+00:00\" \/>\n<meta name=\"twitter:card\" content=\"summary_large_image\" \/>\n<meta name=\"twitter:label1\" content=\"\u00c9crit par\">\n\t<meta name=\"twitter:data1\" content=\"admin\">\n\t<meta name=\"twitter:label2\" content=\"Dur\u00e9e de lecture est.\">\n\t<meta name=\"twitter:data2\" content=\"1 minute\">\n<script type=\"application\/ld+json\" class=\"yoast-schema-graph\">{\"@context\":\"https:\/\/schema.org\",\"@graph\":[{\"@type\":\"WebSite\",\"@id\":\"https:\/\/carroceriasmaser.com\/#website\",\"url\":\"https:\/\/carroceriasmaser.com\/\",\"name\":\"Carrocer\\u00edas Maser\",\"description\":\"\",\"potentialAction\":[{\"@type\":\"SearchAction\",\"target\":\"https:\/\/carroceriasmaser.com\/?s={search_term_string}\",\"query-input\":\"required name=search_term_string\"}],\"inLanguage\":\"fr-FR\"},{\"@type\":\"WebPage\",\"@id\":\"https:\/\/carroceriasmaser.com\/fr\/enterprise\/#webpage\",\"url\":\"https:\/\/carroceriasmaser.com\/fr\/enterprise\/\",\"name\":\"L'Enterprise - Carrocerias Maser\",\"isPartOf\":{\"@id\":\"https:\/\/carroceriasmaser.com\/#website\"},\"datePublished\":\"2016-01-22T14:16:25+00:00\",\"dateModified\":\"2022-11-02T17:51:40+00:00\",\"inLanguage\":\"fr-FR\",\"potentialAction\":[{\"@type\":\"ReadAction\",\"target\":[\"https:\/\/carroceriasmaser.com\/fr\/enterprise\/\"]}]}]}<\/script>\n<!-- \/ Yoast SEO plugin. -->","_links":{"self":[{"href":"https:\/\/carroceriasmaser.com\/fr\/wp-json\/wp\/v2\/pages\/7534"}],"collection":[{"href":"https:\/\/carroceriasmaser.com\/fr\/wp-json\/wp\/v2\/pages"}],"about":[{"href":"https:\/\/carroceriasmaser.com\/fr\/wp-json\/wp\/v2\/types\/page"}],"author":[{"embeddable":true,"href":"https:\/\/carroceriasmaser.com\/fr\/wp-json\/wp\/v2\/users\/1"}],"replies":[{"embeddable":true,"href":"https:\/\/carroceriasmaser.com\/fr\/wp-json\/wp\/v2\/comments?post=7534"}],"version-history":[{"count":3,"href":"https:\/\/carroceriasmaser.com\/fr\/wp-json\/wp\/v2\/pages\/7534\/revisions"}],"predecessor-version":[{"id":7573,"href":"https:\/\/carroceriasmaser.com\/fr\/wp-json\/wp\/v2\/pages\/7534\/revisions\/7573"}],"wp:attachment":[{"href":"https:\/\/carroceriasmaser.com\/fr\/wp-json\/wp\/v2\/media?parent=7534"}],"curies":[{"name":"wp","href":"https:\/\/api.w.org\/{rel}","templated":true}]}}