{"id":7540,"date":"2016-01-17T09:54:27","date_gmt":"2016-01-17T09:54:27","guid":{"rendered":"https:\/\/carroceriasmaser.com\/fabricacion-carrocerias\/"},"modified":"2022-11-02T17:20:40","modified_gmt":"2022-11-02T17:20:40","slug":"nous-fabriquons-des-carrosseries","status":"publish","type":"page","link":"https:\/\/carroceriasmaser.com\/fr\/nous-fabriquons-des-carrosseries\/","title":{"rendered":"Nous Fabriquons des Carrosseries"},"content":{"rendered":"<p>[vc_row row_style=\u00a0\u00bbfull-width\u00a0\u00bb background_color=\u00a0\u00bb#f7f7f7&Prime; css=\u00a0\u00bb.vc_custom_1450862670407{padding-top: 0px !important;}\u00a0\u00bb][vc_column css=\u00a0\u00bb.vc_custom_1450867366075{padding-top: 0px !important;padding-bottom: 0px !important;}\u00a0\u00bb][vc_row_inner][vc_column_inner offset=\u00a0\u00bbvc_hidden-lg\u00a0\u00bb][vc_empty_space height=\u00a0\u00bb50px\u00a0\u00bb][\/vc_column_inner][\/vc_row_inner][vc_row_inner padding_size=\u00a0\u00bbno-padding\u00a0\u00bb][vc_column_inner overlap=\u00a0\u00bbtop\u00a0\u00bb overlap_distance=\u00a0\u00bb80px\u00a0\u00bb overlap_index=\u00a0\u00bb100&Prime;][wyde_heading style=\u00a0\u00bb4&Prime; title=\u00a0\u00bbNos carrosseries sont fabriqu\u00e9es suivant les plus hautes normes de qualit\u00e9.\u00a0\u00bb][vc_empty_space][vc_column_text]<\/p>\n<h3><\/h3>\n<h3><\/h3>\n<h3 style=\"text-align: center;\">Pour garantir une longue vie utile au v\u00e9hicule ainsi qu\u2019une grande robustesse et fiabilit\u00e9 d\u2019utilisation :<\/h3>\n<p>[\/vc_column_text][vc_empty_space][\/vc_column_inner][\/vc_row_inner][vc_row_inner equal_height=\u00a0\u00bbtrue\u00a0\u00bb vertical_align=\u00a0\u00bbmiddle\u00a0\u00bb][vc_column_inner overlap=\u00a0\u00bbright\u00a0\u00bb overlap_distance=\u00a0\u00bb0&Prime; overlap_index=\u00a0\u00bb100&Prime; text_align=\u00a0\u00bbright\u00a0\u00bb width_sm=\u00a0\u00bb1\/1&Prime; offset=\u00a0\u00bbvc_col-lg-4 vc_col-md-12&Prime;][wyde_heading style=\u00a0\u00bb6&Prime; text_align=\u00a0\u00bbright\u00a0\u00bb title=\u00a0\u00bbQUALIT\u00c9\u00a0\u00bb][vc_column_text]Nous employons toujours les <strong>meilleurs alliages<\/strong> pour les profil\u00e9s et les t\u00f4les en aluminium, garantissant ainsi une r\u00e9sistance \u00e9lev\u00e9e des structures dans des conditions de fonctionnement nominal de la carrosserie.[\/vc_column_text][vc_empty_space height=\u00a0\u00bb50px\u00a0\u00bb][wyde_heading style=\u00a0\u00bb6&Prime; text_align=\u00a0\u00bbright\u00a0\u00bb title=\u00a0\u00bbSOLUTIONS\u00a0\u00bb][vc_column_text]Nous incorporons des <strong>\u00e9l\u00e9ments redondants<\/strong> dans les parties les plus critiques du syst\u00e8me hydraulique qui gouverne la plateforme de chargement afin d\u2019\u00e9viter les mises \u00e0 l\u2019arr\u00eat en cas de panne.[\/vc_column_text][vc_empty_space height=\u00a0\u00bb50px\u00a0\u00bb][\/vc_column_inner][vc_column_inner width_sm=\u00a0\u00bb1\/1&Prime; offset=\u00a0\u00bbvc_col-lg-4 vc_col-md-12&Prime;][vc_single_image alignment=\u00a0\u00bbcenter\u00a0\u00bb image=\u00a0\u00bb6909&Prime;][\/vc_column_inner][vc_column_inner width_sm=\u00a0\u00bb1\/1&Prime; offset=\u00a0\u00bbvc_col-lg-4 vc_col-md-12&Prime;][vc_empty_space height=\u00a0\u00bb70px\u00a0\u00bb][wyde_heading style=\u00a0\u00bb6&Prime; text_align=\u00a0\u00bbleft\u00a0\u00bb title=\u00a0\u00bbTECHNOLOGIE\u00a0\u00bb][vc_column_text]Nous utilisons une <strong>technologie hydraulique<\/strong> pour notre plateforme \u00e9l\u00e9vatrice, ce qui apporte robustesse au processus de chargement et de d\u00e9chargement du v\u00e9hicule et permet de d\u00e9placer jusqu\u2019\u00e0 1.200 kg \u00e0 chaque cycle de chargement.[\/vc_column_text][vc_empty_space height=\u00a0\u00bb50px\u00a0\u00bb][wyde_heading style=\u00a0\u00bb6&Prime; text_align=\u00a0\u00bbleft\u00a0\u00bb title=\u00a0\u00bbGARANTIE\u00a0\u00bb][vc_column_text]Nous utilisons des composants de <strong>premi\u00e8res marques<\/strong> pour les diff\u00e9rents syst\u00e8mes qui composent nos carrosseries: circuit d\u2019eau, capots lat\u00e9raux, syst\u00e8me hydraulique de la plateforme de chargement.[\/vc_column_text][\/vc_column_inner][\/vc_row_inner][\/vc_column][\/vc_row][vc_row][vc_column][wyde_heading title=\u00a0\u00bbOPTIONS MULTIPLES\u00a0\u00bb][vc_empty_space][vc_column_text]<\/p>\n<h3 style=\"text-align: center;\">Tous nos projets partent d\u2019un design de base, que nous adaptons en derni\u00e8re<br \/>\ninstance aux besoins de nos clients.<\/h3>\n<p>&nbsp;<\/p>\n<div id=\"tw-target-text-container\" class=\"tw-ta-container hide-focus-ring tw-nfl\" style=\"text-align: center;\" tabindex=\"0\">\n<ul>\n<li id=\"tw-target-text\" class=\"tw-data-text tw-text-large XcVN5d tw-ta\" dir=\"ltr\" style=\"text-align: left;\" data-placeholder=\"Traducci\u00f3n\">Disposition des couloirs int\u00e9rieurs : central, lat\u00e9ral, deux couloirs<\/li>\n<li class=\"tw-data-text tw-text-large XcVN5d tw-ta\" dir=\"ltr\" style=\"text-align: left;\" data-placeholder=\"Traducci\u00f3n\">Nombre d\u2019\u00e9tages et hauteur<\/li>\n<li class=\"tw-data-text tw-text-large XcVN5d tw-ta\" dir=\"ltr\" style=\"text-align: left;\" data-placeholder=\"Traducci\u00f3n\">Nombre de compartiments<\/li>\n<li class=\"tw-data-text tw-text-large XcVN5d tw-ta\" dir=\"ltr\" style=\"text-align: left;\" data-placeholder=\"Traducci\u00f3n\">Syst\u00e8me de capots lat\u00e9raux<\/li>\n<li class=\"tw-data-text tw-text-large XcVN5d tw-ta\" dir=\"ltr\" style=\"text-align: left;\" data-placeholder=\"Traducci\u00f3n\">Syst\u00e8me d\u2019eau : douches et abreuvoirs<\/li>\n<li class=\"tw-data-text tw-text-large XcVN5d tw-ta\" dir=\"ltr\" style=\"text-align: left;\" data-placeholder=\"Traducci\u00f3n\">Syst\u00e8me de ventilation forc\u00e9e<\/li>\n<li class=\"tw-data-text tw-text-large XcVN5d tw-ta\" dir=\"ltr\" style=\"text-align: left;\" data-placeholder=\"Traducci\u00f3n\">Syst\u00e8me de commande de la plateforme \u00e9l\u00e9vatrice : tige lat\u00e9rale ou t\u00e9l\u00e9commande.<\/li>\n<\/ul>\n<p>&nbsp;<\/p>\n<p><em>Toutes nos carrosseries sont conformes aux exigences du R\u00c8GLEMENT (CE) 1\/2005 relatif au bien-\u00eatre animal.<\/em><\/p>\n<\/div>\n<p>[\/vc_column_text][vc_empty_space][vc_single_image image=\u00a0\u00bb6964&Prime;][vc_empty_space][vc_empty_space][wyde_heading title=\u00a0\u00bbSERVICE APR\u00c8S-VENTE\u00a0\u00bb][vc_empty_space][vc_column_text]<\/p>\n<h3><\/h3>\n<h3 style=\"text-align: center;\">MASER CARROCERIAS, SL offre un service apr\u00e8s-vente tenu par des professionnels<br \/>\nqui poss\u00e8dent une vaste exp\u00e9rience dans le m\u00e9tier, ce qui garantit la qualit\u00e9 et la<br \/>\nrapidit\u00e9 dans la r\u00e9alisation du travail.<\/h3>\n<p>[\/vc_column_text][\/vc_column][\/vc_row][vc_row][vc_column][\/vc_column][\/vc_row]<\/p>\n","protected":false},"excerpt":{"rendered":"<p>[vc_row row_style=\u00a0\u00bbfull-width\u00a0\u00bb background_color=\u00a0\u00bb#f7f7f7&Prime; css=\u00a0\u00bb.vc_custom_1450862670407{padding-top: 0px !important;}\u00a0\u00bb][vc_column css=\u00a0\u00bb.vc_custom_1450867366075{padding-top: 0px !important;padding-bottom: 0px !important;}\u00a0\u00bb][vc_row_inner][vc_column_inner offset=\u00a0\u00bbvc_hidden-lg\u00a0\u00bb][vc_empty_space height=\u00a0\u00bb50px\u00a0\u00bb][\/vc_column_inner][\/vc_row_inner][vc_row_inner padding_size=\u00a0\u00bbno-padding\u00a0\u00bb][vc_column_inner overlap=\u00a0\u00bbtop\u00a0\u00bb overlap_distance=\u00a0\u00bb80px\u00a0\u00bb overlap_index=\u00a0\u00bb100&Prime;][wyde_heading style=\u00a0\u00bb4&Prime; title=\u00a0\u00bbNos carrosseries sont fabriqu\u00e9es suivant les plus hautes normes de qualit\u00e9.\u00a0\u00bb][vc_empty_space][vc_column_text] Pour garantir une longue vie utile au v\u00e9hicule ainsi qu\u2019une grande robustesse et fiabilit\u00e9 d\u2019utilisation : [\/vc_column_text][vc_empty_space][\/vc_column_inner][\/vc_row_inner][vc_row_inner equal_height=\u00a0\u00bbtrue\u00a0\u00bb vertical_align=\u00a0\u00bbmiddle\u00a0\u00bb][vc_column_inner overlap=\u00a0\u00bbright\u00a0\u00bb overlap_distance=\u00a0\u00bb0&Prime; overlap_index=\u00a0\u00bb100&Prime; text_align=\u00a0\u00bbright\u00a0\u00bb width_sm=\u00a0\u00bb1\/1&Prime; offset=\u00a0\u00bbvc_col-lg-4 vc_col-md-12&Prime;][wyde_heading [&hellip;]<\/p>\n","protected":false},"author":1,"featured_media":0,"parent":0,"menu_order":0,"comment_status":"closed","ping_status":"closed","template":"","meta":[],"yoast_head":"<!-- This site is optimized with the Yoast SEO plugin v15.3 - https:\/\/yoast.com\/wordpress\/plugins\/seo\/ -->\n<title>Nous Fabriquons des Carrosseries - Carrocerias Maser<\/title>\n<meta name=\"description\" content=\"Fabricaci\u00f3n de carrocer\u00edas para el transporte de animales vivos, con calidad, tecnolog\u00eda, soluciones y garant\u00eda, para nuestros clientes.\" \/>\n<meta name=\"robots\" content=\"index, follow, max-snippet:-1, max-image-preview:large, max-video-preview:-1\" \/>\n<link rel=\"canonical\" href=\"https:\/\/carroceriasmaser.com\/fr\/nous-fabriquons-des-carrosseries\/\" \/>\n<meta property=\"og:locale\" content=\"fr_FR\" \/>\n<meta property=\"og:type\" content=\"article\" \/>\n<meta property=\"og:title\" content=\"Nous Fabriquons des Carrosseries - Carrocerias Maser\" \/>\n<meta property=\"og:description\" content=\"Fabricaci\u00f3n de carrocer\u00edas para el transporte de animales vivos, con calidad, tecnolog\u00eda, soluciones y garant\u00eda, para nuestros clientes.\" \/>\n<meta property=\"og:url\" content=\"https:\/\/carroceriasmaser.com\/fr\/nous-fabriquons-des-carrosseries\/\" \/>\n<meta property=\"og:site_name\" content=\"Carrocerias Maser\" \/>\n<meta property=\"article:modified_time\" content=\"2022-11-02T17:20:40+00:00\" \/>\n<meta name=\"twitter:card\" content=\"summary_large_image\" \/>\n<meta name=\"twitter:label1\" content=\"\u00c9crit par\">\n\t<meta name=\"twitter:data1\" content=\"admin\">\n\t<meta name=\"twitter:label2\" content=\"Dur\u00e9e de lecture est.\">\n\t<meta name=\"twitter:data2\" content=\"2 minutes\">\n<script type=\"application\/ld+json\" class=\"yoast-schema-graph\">{\"@context\":\"https:\/\/schema.org\",\"@graph\":[{\"@type\":\"WebSite\",\"@id\":\"https:\/\/carroceriasmaser.com\/#website\",\"url\":\"https:\/\/carroceriasmaser.com\/\",\"name\":\"Carrocer\\u00edas Maser\",\"description\":\"\",\"potentialAction\":[{\"@type\":\"SearchAction\",\"target\":\"https:\/\/carroceriasmaser.com\/?s={search_term_string}\",\"query-input\":\"required name=search_term_string\"}],\"inLanguage\":\"fr-FR\"},{\"@type\":\"WebPage\",\"@id\":\"https:\/\/carroceriasmaser.com\/fr\/nous-fabriquons-des-carrosseries\/#webpage\",\"url\":\"https:\/\/carroceriasmaser.com\/fr\/nous-fabriquons-des-carrosseries\/\",\"name\":\"Nous Fabriquons des Carrosseries - Carrocerias Maser\",\"isPartOf\":{\"@id\":\"https:\/\/carroceriasmaser.com\/#website\"},\"datePublished\":\"2016-01-17T09:54:27+00:00\",\"dateModified\":\"2022-11-02T17:20:40+00:00\",\"description\":\"Fabricaci\\u00f3n de carrocer\\u00edas para el transporte de animales vivos, con calidad, tecnolog\\u00eda, soluciones y garant\\u00eda, para nuestros clientes.\",\"inLanguage\":\"fr-FR\",\"potentialAction\":[{\"@type\":\"ReadAction\",\"target\":[\"https:\/\/carroceriasmaser.com\/fr\/nous-fabriquons-des-carrosseries\/\"]}]}]}<\/script>\n<!-- \/ Yoast SEO plugin. -->","_links":{"self":[{"href":"https:\/\/carroceriasmaser.com\/fr\/wp-json\/wp\/v2\/pages\/7540"}],"collection":[{"href":"https:\/\/carroceriasmaser.com\/fr\/wp-json\/wp\/v2\/pages"}],"about":[{"href":"https:\/\/carroceriasmaser.com\/fr\/wp-json\/wp\/v2\/types\/page"}],"author":[{"embeddable":true,"href":"https:\/\/carroceriasmaser.com\/fr\/wp-json\/wp\/v2\/users\/1"}],"replies":[{"embeddable":true,"href":"https:\/\/carroceriasmaser.com\/fr\/wp-json\/wp\/v2\/comments?post=7540"}],"version-history":[{"count":5,"href":"https:\/\/carroceriasmaser.com\/fr\/wp-json\/wp\/v2\/pages\/7540\/revisions"}],"predecessor-version":[{"id":7550,"href":"https:\/\/carroceriasmaser.com\/fr\/wp-json\/wp\/v2\/pages\/7540\/revisions\/7550"}],"wp:attachment":[{"href":"https:\/\/carroceriasmaser.com\/fr\/wp-json\/wp\/v2\/media?parent=7540"}],"curies":[{"name":"wp","href":"https:\/\/api.w.org\/{rel}","templated":true}]}}