{"id":7862,"date":"2021-03-16T08:23:31","date_gmt":"2021-03-16T08:23:31","guid":{"rendered":"https:\/\/carroceriasmaser.com\/disclaimer\/"},"modified":"2022-12-14T18:20:47","modified_gmt":"2022-12-14T18:20:47","slug":"mention-legale","status":"publish","type":"page","link":"https:\/\/carroceriasmaser.com\/fr\/mention-legale\/","title":{"rendered":"Mention l\u00e9gale"},"content":{"rendered":"<div class=\"lRu31\"><span class=\"HwtZe\" lang=\"fr\"><span class=\"jCAhz ChMk0b\"><span class=\"ryNqvb\">Bienvenue sur le site de Carrocerias Maser (carroceriasmaser.com)<\/span><\/span> <\/span><\/div>\n<div><\/div>\n<div class=\"lRu31\"><span class=\"HwtZe\" lang=\"fr\"><span class=\"jCAhz ChMk0b\"><span class=\"ryNqvb\">Ensuite, nous d\u00e9finissons les conditions d&rsquo;utilisation de ce site.<\/span><\/span> <span class=\"jCAhz ChMk0b\"><span class=\"ryNqvb\">La navigation sur cette page Web vous donne le r\u00f4le d&rsquo;utilisateur et, par cons\u00e9quent, accepte les clauses d\u00e9taill\u00e9es dans ce document.<\/span><\/span> <\/span><\/div>\n<div><\/div>\n<div class=\"lRu31\"><span class=\"HwtZe\" lang=\"fr\"><span class=\"jCAhz ChMk0b\"><span class=\"ryNqvb\">1- IDENTIFICATION<\/span><\/span> <\/span><\/div>\n<div><\/div>\n<div class=\"lRu31\"><span class=\"HwtZe\" lang=\"fr\"><span class=\"jCAhz ChMk0b\"><span class=\"ryNqvb\">Conform\u00e9ment aux dispositions de l&rsquo;article 10 de la loi 34\/2002 du 11 juillet sur les services de la soci\u00e9t\u00e9 de l&rsquo;information et le commerce \u00e9lectronique, il est signal\u00e9 que carroceriasmaser.com est un domaine de la soci\u00e9t\u00e9 MASER CARROCERIAS S.L., avec domicile social \u00e0 C\/ Canig\u00f3 8 \u2013 25141 Golm\u00e9s, et avec le num\u00e9ro de t\u00e9l\u00e9phone 973 602 509.<\/span><\/span> <\/span><\/div>\n<div><\/div>\n<div class=\"lRu31\"><span class=\"HwtZe\" lang=\"fr\"><span class=\"jCAhz ChMk0b\"><span class=\"ryNqvb\">L&rsquo;entreprise s&rsquo;appelle Carrocerias Maser, avec CIF B-25492679<\/span><\/span> <\/span><\/div>\n<div><\/div>\n<div class=\"lRu31\"><span class=\"HwtZe\" lang=\"fr\"><span class=\"jCAhz ChMk0b\"><span class=\"ryNqvb\">2- R\u00c8GLES D&rsquo;UTILISATION<\/span><\/span> <\/span><\/div>\n<div><\/div>\n<div class=\"lRu31\"><span class=\"HwtZe\" lang=\"fr\"><span class=\"jCAhz ChMk0b\"><span class=\"ryNqvb\">L&rsquo;utilisateur s&rsquo;engage \u00e0 faire un usage ad\u00e9quat et licite du site Web, ainsi que des contenus et des services, conform\u00e9ment \u00e0 la l\u00e9gislation applicable \u00e0 tout moment, \u00e0 la morale et aux bonnes m\u0153urs g\u00e9n\u00e9ralement accept\u00e9es et \u00e0 l&rsquo;ordre public.<\/span><\/span> <\/span><\/div>\n<div><\/div>\n<div class=\"lRu31\"><span class=\"HwtZe\" lang=\"fr\"><span class=\"jCAhz ChMk0b\"><span class=\"ryNqvb\">Il est interdit d&rsquo;effectuer, de votre part, toute action qui pourrait entra\u00eener des alt\u00e9rations du contenu de ce site Web ou un dysfonctionnement de celui-ci, y compris l&rsquo;introduction de virus ou similaires.<\/span><\/span> <\/span><\/div>\n<div><\/div>\n<div class=\"lRu31\"><span class=\"HwtZe\" lang=\"fr\"><span class=\"jCAhz ChMk0b\"><span class=\"ryNqvb\">3- PROPRI\u00c9T\u00c9 INTELLECTUELLE<\/span><\/span> <\/span><\/div>\n<div><\/div>\n<div class=\"lRu31\"><span class=\"HwtZe\" lang=\"fr\"><span class=\"jCAhz ChMk0b\"><span class=\"ryNqvb\">Les pages web et les informations ou \u00e9l\u00e9ments qu&rsquo;elles contiennent comprennent des textes, documents, photographies, dessins, repr\u00e9sentations graphiques, bases de donn\u00e9es, vid\u00e9os mais aussi logos, marques, num\u00e9ros commerciaux ou autres signes distinctifs, et sont prot\u00e9g\u00e9s par des droits de propri\u00e9t\u00e9 intellectuelle ou industrielle, dont Carrocerias Maser ou les soci\u00e9t\u00e9s de son groupe sont titulaires, ou de licences l\u00e9gitimes.<\/span><\/span> <\/span><\/div>\n<div><\/div>\n<div class=\"lRu31\"><span class=\"HwtZe\" lang=\"fr\"><span class=\"jCAhz ChMk0b\"><span class=\"ryNqvb\">Tout type d&rsquo;exploitation, y compris tout type de reproduction, distribution, transfert \u00e0 des tiers, communication publique et transformation, sur tout type de support et de support, sans autorisation pr\u00e9alable et expresse est interdit.<\/span><\/span><\/span><\/div>\n<div class=\"kO6q6e\"><\/div>\n<div>\n<div class=\"lRu31\"><span class=\"HwtZe\" lang=\"fr\"><span class=\"jCAhz ChMk0b\"><span class=\"ryNqvb\">4- RESPONSABILITE<\/span><\/span><\/span><\/div>\n<div><\/div>\n<div class=\"lRu31\"><span class=\"HwtZe\" lang=\"fr\"><span class=\"jCAhz ChMk0b\"><span class=\"ryNqvb\">Notre intention est d&rsquo;offrir un site Web avec un fonctionnement continu et une qualit\u00e9 maximale.<\/span><\/span> <span class=\"jCAhz ChMk0b\"><span class=\"ryNqvb\">Cependant, nous vous informons que nous ne pouvons pas garantir un acc\u00e8s continu et que les pages peuvent \u00eatre bloqu\u00e9es ou interrompues par des facteurs ou des circonstances ind\u00e9pendants de notre volont\u00e9.<\/span><\/span><\/span><\/div>\n<div><\/div>\n<div class=\"lRu31\"><span class=\"HwtZe\" lang=\"fr\"><span class=\"jCAhz ChMk0b\"><span class=\"ryNqvb\">Carrocerias Maser n&rsquo;est pas responsable des informations et autres contenus int\u00e9gr\u00e9s dans des espaces tiers ou des pages Web accessibles via des liens et des hyperliens.<\/span><\/span><\/span><\/div>\n<div><\/div>\n<div class=\"lRu31\"><span class=\"HwtZe\" lang=\"fr\"><span class=\"jCAhz ChMk0b\"><span class=\"ryNqvb\">Carrocerias Maser n&rsquo;est pas responsable des dommages qui pourraient r\u00e9sulter, entre autres, de: Interf\u00e9rences, interruptions, pannes, omissions, pannes t\u00e9l\u00e9phoniques, retards, blocages ou d\u00e9connexions dans le fonctionnement du syst\u00e8me \u00e9lectronique caus\u00e9s par des d\u00e9ficiences, des surcharges et des erreurs dans les lignes et r\u00e9seaux de t\u00e9l\u00e9communications.<\/span><\/span> <span class=\"jCAhz ChMk0b\"><span class=\"ryNqvb\">Intrusions ill\u00e9gales par l&rsquo;utilisation de programmes malveillants de tout type et par tout moyen de communication.<\/span><\/span><\/span><\/div>\n<div><\/div>\n<div class=\"lRu31\"><span class=\"HwtZe\" lang=\"fr\"><span class=\"jCAhz ChMk0b\"><span class=\"ryNqvb\">Utilisation inappropri\u00e9e ou inappropri\u00e9e du site Web.<\/span><\/span> <span class=\"jCAhz ChMk0b\"><span class=\"ryNqvb\">Erreurs produites par un dysfonctionnement du navigateur ou par l&rsquo;utilisation de versions non mises \u00e0 jour.<\/span><\/span> <span class=\"jCAhz ChMk0b\"><span class=\"ryNqvb\">Dans le cas o\u00f9 l&rsquo;utilisateur cause des dommages et des pertes par une utilisation ill\u00e9gale ou incorrecte de ce site Web, il peut \u00eatre r\u00e9clam\u00e9.<\/span><\/span> <span class=\"jCAhz ChMk0b\"><span class=\"ryNqvb\">De m\u00eame, l&rsquo;utilisateur doit r\u00e9pondre de tout dommage et pr\u00e9judice d\u00e9coulant de l&rsquo;utilisation de sa part de robots, araign\u00e9es ou outils similaires utilis\u00e9s pour demander ou extraire des donn\u00e9es ou de toute autre action de sa part qui impose une charge d\u00e9raisonnable au fonctionnement du internet du site.<\/span><\/span><\/span><\/div>\n<\/div>\n<div><\/div>\n<div>\n<div class=\"lRu31\"><span class=\"HwtZe\" lang=\"fr\"><span class=\"jCAhz ChMk0b\"><span class=\"ryNqvb\">5 \u2013 UTILISATION DES COOKIES<\/span><\/span><\/span><\/div>\n<div><\/div>\n<div class=\"lRu31\"><span class=\"HwtZe\" lang=\"fr\"><span class=\"jCAhz ChMk0b\"><span class=\"ryNqvb\">Carrocerias Maser, \u00e0 travers son site Web, utilisera des cookies lorsque l&rsquo;utilisateur navigue.<\/span><\/span> <span class=\"jCAhz ChMk0b\"><span class=\"ryNqvb\">Les cookies sont uniquement associ\u00e9s \u00e0 un utilisateur anonyme et \u00e0 son ordinateur et ne fournissent pas de r\u00e9f\u00e9rences permettant de d\u00e9duire le num\u00e9ro et le nom de l&rsquo;utilisateur.<\/span><\/span> <span class=\"jCAhz ChMk0b\"><span class=\"ryNqvb\">L&rsquo;utilisateur a la possibilit\u00e9 d&#8217;emp\u00eacher la g\u00e9n\u00e9ration de cookies en s\u00e9lectionnant l&rsquo;option correspondante dans son navigateur.<\/span><\/span> <span class=\"jCAhz ChMk0b\"><span class=\"ryNqvb\">Voir la politique des cookies.<\/span><\/span> <\/span><\/div>\n<div><\/div>\n<div class=\"lRu31\"><span class=\"HwtZe\" lang=\"fr\"><span class=\"jCAhz ChMk0b\"><span class=\"ryNqvb\">6- L\u00c9GISLATION<\/span><\/span> <\/span><\/div>\n<div><\/div>\n<div class=\"lRu31\"><span class=\"HwtZe\" lang=\"fr\"><span class=\"jCAhz ChMk0b\"><span class=\"ryNqvb\">Toute controverse d\u00e9coulant ou li\u00e9e \u00e0 l&rsquo;utilisation du site Web sera soumise \u00e0 la comp\u00e9tence non exclusive des cours et tribunaux espagnols.<\/span><\/span><\/span><\/div>\n<div class=\"UdTY9 WdefRb\" aria-hidden=\"true\" data-location=\"2\">\n<div class=\"kO6q6e\"><\/div>\n<\/div>\n<div class=\"VO9ucd\">\n<div class=\"aJIq1d\" data-language-code=\"fr\" data-language-name=\"franc\u00e9s\" data-text=\"4- RESPONSABILITE\n\nNotre intention est d'offrir un site Web avec un fonctionnement continu et une qualit\u00e9 maximale.\n\nCependant, nous vous informons que nous ne pouvons pas garantir un acc\u00e8s continu et que les pages peuvent \u00eatre bloqu\u00e9es ou interrompues par des facteurs ou des circonstances ind\u00e9pendants de notre volont\u00e9.\n\nCarrocerias Maser n'est pas responsable des informations et autres contenus int\u00e9gr\u00e9s dans des espaces tiers ou des pages Web accessibles via des liens et des hyperliens.\n\nCarrocerias Maser n'est pas responsable des dommages qui pourraient r\u00e9sulter, entre autres, de: Interf\u00e9rences, interruptions, pannes, omissions, pannes t\u00e9l\u00e9phoniques, retards, blocages ou d\u00e9connexions dans le fonctionnement du syst\u00e8me \u00e9lectronique caus\u00e9s par des d\u00e9ficiences, des surcharges et des erreurs dans les lignes et r\u00e9seaux de t\u00e9l\u00e9communications.\n\nIntrusions ill\u00e9gales par l'utilisation de programmes malveillants de tout type et par tout moyen de communication. Utilisation inappropri\u00e9e ou inappropri\u00e9e du site Web. Erreurs produites par un dysfonctionnement du navigateur ou par l'utilisation de versions non mises \u00e0 jour. Dans le cas o\u00f9 l'utilisateur cause des dommages et des pertes par une utilisation ill\u00e9gale ou incorrecte de ce site Web, il peut \u00eatre r\u00e9clam\u00e9. De m\u00eame, l'utilisateur doit r\u00e9pondre de tout dommage et pr\u00e9judice d\u00e9coulant de l'utilisation de sa part de robots, araign\u00e9es ou outils similaires utilis\u00e9s pour demander ou extraire des donn\u00e9es ou de toute autre action de sa part qui impose une charge d\u00e9raisonnable au fonctionnement du internet du site.\n\n5 \u2013 UTILISATION DES COOKIES\n\nCarrocerias Maser, \u00e0 travers son site Web, utilisera des cookies lorsque l'utilisateur navigue. Les cookies sont uniquement associ\u00e9s \u00e0 un utilisateur anonyme et \u00e0 son ordinateur et ne fournissent pas de r\u00e9f\u00e9rences permettant de d\u00e9duire le num\u00e9ro et le nom de l'utilisateur. L'utilisateur a la possibilit\u00e9 d'emp\u00eacher la g\u00e9n\u00e9ration de cookies en s\u00e9lectionnant l'option correspondante dans son navigateur. Voir la politique des cookies.\n\n6- L\u00c9GISLATION\n\nToute controverse d\u00e9coulant ou li\u00e9e \u00e0 l'utilisation du site Web sera soumise \u00e0 la comp\u00e9tence non exclusive des cours et tribunaux espagnols.\" data-crosslingual-hint=\"\" data-location=\"2\" data-enable-toggle-playback-speed=\"true\"><\/p>\n<div class=\"m0Qfkd\"><\/div>\n<\/div>\n<\/div>\n<\/div>\n<div class=\"VO9ucd\">\n<div class=\"aJIq1d\" data-language-code=\"fr\" data-language-name=\"franc\u00e9s\" data-text=\"Bienvenue sur le site de Carrocerias Maser (carroceriasmaser.com)\n\nEnsuite, nous d\u00e9finissons les conditions d'utilisation de ce site. La navigation sur cette page Web vous donne le r\u00f4le d'utilisateur et, par cons\u00e9quent, accepte les clauses d\u00e9taill\u00e9es dans ce document.\n\n1- IDENTIFICATION\n\nConform\u00e9ment aux dispositions de l'article 10 de la loi 34\/2002 du 11 juillet sur les services de la soci\u00e9t\u00e9 de l'information et le commerce \u00e9lectronique, il est signal\u00e9 que carroceriasmaser.com est un domaine de la soci\u00e9t\u00e9 MASER CARROCERIAS S.L., avec domicile social \u00e0 C\/ Canig\u00f3 8 \u2013 25141 Golm\u00e9s, et avec le num\u00e9ro de t\u00e9l\u00e9phone 973 602 509.\n\nL'entreprise s'appelle Carrocerias Maser, avec CIF B-25492679\n\n2- R\u00c8GLES D'UTILISATION\n\nL'utilisateur s'engage \u00e0 faire un usage ad\u00e9quat et licite du site Web, ainsi que des contenus et des services, conform\u00e9ment \u00e0 la l\u00e9gislation applicable \u00e0 tout moment, \u00e0 la morale et aux bonnes m\u0153urs g\u00e9n\u00e9ralement accept\u00e9es et \u00e0 l'ordre public.\n\nIl est interdit d'effectuer, de votre part, toute action qui pourrait entra\u00eener des alt\u00e9rations du contenu de ce site Web ou un dysfonctionnement de celui-ci, y compris l'introduction de virus ou similaires.\n\n3- PROPRI\u00c9T\u00c9 INTELLECTUELLE\n\nLes pages web et les informations ou \u00e9l\u00e9ments qu'elles contiennent comprennent des textes, documents, photographies, dessins, repr\u00e9sentations graphiques, bases de donn\u00e9es, vid\u00e9os mais aussi logos, marques, num\u00e9ros commerciaux ou autres signes distinctifs, et sont prot\u00e9g\u00e9s par des droits de propri\u00e9t\u00e9 intellectuelle ou industrielle, dont Carrocerias Maser ou les soci\u00e9t\u00e9s de son groupe sont titulaires, ou de licences l\u00e9gitimes.\n\nTout type d'exploitation, y compris tout type de reproduction, distribution, transfert \u00e0 des tiers, communication publique et transformation, sur tout type de support et de support, sans autorisation pr\u00e9alable et expresse est interdit.\" data-crosslingual-hint=\"\" data-location=\"2\" data-enable-toggle-playback-speed=\"true\"><\/p>\n<div class=\"m0Qfkd\"><\/div>\n<\/div>\n<\/div>\n","protected":false},"excerpt":{"rendered":"<p>Bienvenue sur le site de Carrocerias Maser (carroceriasmaser.com) Ensuite, nous d\u00e9finissons les conditions d&rsquo;utilisation de ce site. La navigation sur cette page Web vous donne le r\u00f4le d&rsquo;utilisateur et, par cons\u00e9quent, accepte les clauses d\u00e9taill\u00e9es dans ce document. 1- IDENTIFICATION Conform\u00e9ment aux dispositions de l&rsquo;article 10 de la loi 34\/2002 du 11 juillet sur les [&hellip;]<\/p>\n","protected":false},"author":1,"featured_media":0,"parent":0,"menu_order":0,"comment_status":"closed","ping_status":"closed","template":"","meta":[],"yoast_head":"<!-- This site is optimized with the Yoast SEO plugin v15.3 - https:\/\/yoast.com\/wordpress\/plugins\/seo\/ -->\n<title>Mention l\u00e9gale - Carrocerias Maser<\/title>\n<meta name=\"robots\" content=\"index, follow, max-snippet:-1, max-image-preview:large, max-video-preview:-1\" \/>\n<link rel=\"canonical\" href=\"https:\/\/carroceriasmaser.com\/fr\/mention-legale\/\" \/>\n<meta property=\"og:locale\" content=\"fr_FR\" \/>\n<meta property=\"og:type\" content=\"article\" \/>\n<meta property=\"og:title\" content=\"Mention l\u00e9gale - Carrocerias Maser\" \/>\n<meta property=\"og:description\" content=\"Bienvenue sur le site de Carrocerias Maser (carroceriasmaser.com) Ensuite, nous d\u00e9finissons les conditions d&rsquo;utilisation de ce site. La navigation sur cette page Web vous donne le r\u00f4le d&rsquo;utilisateur et, par cons\u00e9quent, accepte les clauses d\u00e9taill\u00e9es dans ce document. 1- IDENTIFICATION Conform\u00e9ment aux dispositions de l&rsquo;article 10 de la loi 34\/2002 du 11 juillet sur les [&hellip;]\" \/>\n<meta property=\"og:url\" content=\"https:\/\/carroceriasmaser.com\/fr\/mention-legale\/\" \/>\n<meta property=\"og:site_name\" content=\"Carrocerias Maser\" \/>\n<meta property=\"article:modified_time\" content=\"2022-12-14T18:20:47+00:00\" \/>\n<meta name=\"twitter:card\" content=\"summary_large_image\" \/>\n<meta name=\"twitter:label1\" content=\"\u00c9crit par\">\n\t<meta name=\"twitter:data1\" content=\"admin\">\n\t<meta name=\"twitter:label2\" content=\"Dur\u00e9e de lecture est.\">\n\t<meta name=\"twitter:data2\" content=\"3 minutes\">\n<script type=\"application\/ld+json\" class=\"yoast-schema-graph\">{\"@context\":\"https:\/\/schema.org\",\"@graph\":[{\"@type\":\"WebSite\",\"@id\":\"https:\/\/carroceriasmaser.com\/#website\",\"url\":\"https:\/\/carroceriasmaser.com\/\",\"name\":\"Carrocer\\u00edas Maser\",\"description\":\"\",\"potentialAction\":[{\"@type\":\"SearchAction\",\"target\":\"https:\/\/carroceriasmaser.com\/?s={search_term_string}\",\"query-input\":\"required name=search_term_string\"}],\"inLanguage\":\"fr-FR\"},{\"@type\":\"WebPage\",\"@id\":\"https:\/\/carroceriasmaser.com\/fr\/mention-legale\/#webpage\",\"url\":\"https:\/\/carroceriasmaser.com\/fr\/mention-legale\/\",\"name\":\"Mention l\\u00e9gale - Carrocerias Maser\",\"isPartOf\":{\"@id\":\"https:\/\/carroceriasmaser.com\/#website\"},\"datePublished\":\"2021-03-16T08:23:31+00:00\",\"dateModified\":\"2022-12-14T18:20:47+00:00\",\"inLanguage\":\"fr-FR\",\"potentialAction\":[{\"@type\":\"ReadAction\",\"target\":[\"https:\/\/carroceriasmaser.com\/fr\/mention-legale\/\"]}]}]}<\/script>\n<!-- \/ Yoast SEO plugin. -->","_links":{"self":[{"href":"https:\/\/carroceriasmaser.com\/fr\/wp-json\/wp\/v2\/pages\/7862"}],"collection":[{"href":"https:\/\/carroceriasmaser.com\/fr\/wp-json\/wp\/v2\/pages"}],"about":[{"href":"https:\/\/carroceriasmaser.com\/fr\/wp-json\/wp\/v2\/types\/page"}],"author":[{"embeddable":true,"href":"https:\/\/carroceriasmaser.com\/fr\/wp-json\/wp\/v2\/users\/1"}],"replies":[{"embeddable":true,"href":"https:\/\/carroceriasmaser.com\/fr\/wp-json\/wp\/v2\/comments?post=7862"}],"version-history":[{"count":1,"href":"https:\/\/carroceriasmaser.com\/fr\/wp-json\/wp\/v2\/pages\/7862\/revisions"}],"predecessor-version":[{"id":7864,"href":"https:\/\/carroceriasmaser.com\/fr\/wp-json\/wp\/v2\/pages\/7862\/revisions\/7864"}],"wp:attachment":[{"href":"https:\/\/carroceriasmaser.com\/fr\/wp-json\/wp\/v2\/media?parent=7862"}],"curies":[{"name":"wp","href":"https:\/\/api.w.org\/{rel}","templated":true}]}}