{"id":7877,"date":"2021-03-16T08:21:33","date_gmt":"2021-03-16T08:21:33","guid":{"rendered":"https:\/\/carroceriasmaser.com\/politica-de-privacitat-dades\/"},"modified":"2022-12-14T19:40:02","modified_gmt":"2022-12-14T19:40:02","slug":"politique-confidentialite","status":"publish","type":"page","link":"https:\/\/carroceriasmaser.com\/fr\/politique-confidentialite\/","title":{"rendered":"Politique de confidentialit\u00e9"},"content":{"rendered":"<p><strong><span class=\"HwtZe\" lang=\"fr\"><span class=\"jCAhz ChMk0b\"><span class=\"ryNqvb\">Port\u00e9e de la politique de protection des donn\u00e9es personnelles<\/span><\/span> <\/span><\/strong><\/p>\n<p><span class=\"HwtZe\" lang=\"fr\"><span class=\"jCAhz ChMk0b\"><span class=\"ryNqvb\">Cette politique de protection des donn\u00e9es personnelles couvre tout traitement de donn\u00e9es pouvant intervenir dans le cadre de la pr\u00e9sentation de nos services en pr\u00e9sentiel, lors de la navigation ou de l&rsquo;interaction avec notre site internet.<\/span><\/span> <span class=\"jCAhz ChMk0b\"><span class=\"ryNqvb\">Elle s&rsquo;appliquera \u00e9galement \u00e0 toute proc\u00e9dure interne \u00e0 l&rsquo;entreprise n\u00e9cessitant la collecte de donn\u00e9es, que ce soit sous forme papier ou tout autre syst\u00e8me.<\/span><\/span> <\/span><\/p>\n<p><span class=\"HwtZe\" lang=\"fr\"><span class=\"jCAhz ChMk0b\"><span class=\"ryNqvb\">Dans chacun de ces m\u00e9dias, vous pouvez consulter des informations, et dans certains cas remplir des formulaires, r\u00e9pondre \u00e0 des sondages, participer \u00e0 des concours, faire des recherches, envoyer des photographies, faire des commentaires, etc.<\/span><\/span> <span class=\"jCAhz ChMk0b\"><span class=\"ryNqvb\">\u2026 et donc nous fournir des informations sur les donn\u00e9es personnelles.<\/span><\/span> <span class=\"jCAhz ChMk0b\"><span class=\"ryNqvb\">Tous les traitements sont soumis \u00e0 notre politique de confidentialit\u00e9.<\/span><\/span><\/span><\/p>\n<p><strong><span class=\"HwtZe\" lang=\"fr\"><span class=\"jCAhz ChMk0b\"><span class=\"ryNqvb\">Qui est responsable du traitement de vos donn\u00e9es personnelles?<\/span><\/span> <\/span><\/strong><\/p>\n<p><span class=\"HwtZe\" lang=\"fr\"><span class=\"jCAhz ChMk0b\"><span class=\"ryNqvb\">Conform\u00e9ment aux dispositions du r\u00e8glement (UE) 2016\/679 du Parlement europ\u00e9en et du Conseil du 27 avril 2016 et conform\u00e9ment \u00e0 la loi 3\/2018 du 5 d\u00e9cembre, protection des donn\u00e9es personnelles et garantie des droits num\u00e9riques, nous vous informons que les donn\u00e9es personnelles que vous fournissez seront trait\u00e9es par Carrocerias Maser.<\/span><\/span> <\/span><\/p>\n<p><span class=\"HwtZe\" lang=\"fr\"><span class=\"jCAhz ChMk0b\"><span class=\"ryNqvb\">La soci\u00e9t\u00e9 MASER CARROCERIAS S.L., dont le si\u00e8ge social est situ\u00e9 C\/ Canig\u00f3 8 \u2013 25141 Golm\u00e9s, et le num\u00e9ro de t\u00e9l\u00e9phone 973 602 509.<\/span><\/span> <\/span><\/p>\n<p><span class=\"HwtZe\" lang=\"fr\"><span class=\"jCAhz ChMk0b\"><span class=\"ryNqvb\">La soci\u00e9t\u00e9 s&rsquo;appelle Carrocerias Maser, avec CIF B-25492679 mail oscar@carroceriasmaser.com<\/span><\/span><\/span><\/p>\n<p><strong><span class=\"HwtZe\" lang=\"fr\"><span class=\"jCAhz ChMk0b\"><span class=\"ryNqvb\">Qui est le D\u00e9l\u00e9gu\u00e9 \u00e0 la Protection des Donn\u00e9es Personnelles ?<\/span><\/span><\/span><\/strong><\/p>\n<p><span class=\"HwtZe\" lang=\"fr\"><span class=\"jCAhz ChMk0b\"><span class=\"ryNqvb\">Le d\u00e9l\u00e9gu\u00e9 \u00e0 la protection des donn\u00e9es personnelles est la personne en charge de la protection du droit fondamental \u00e0 la protection des donn\u00e9es personnelles chez Carrocerias Maser et est responsable du respect de la r\u00e9glementation en mati\u00e8re de protection des donn\u00e9es.<\/span><\/span> <span class=\"jCAhz ChMk0b\"><span class=\"ryNqvb\">Vous pouvez contacter le d\u00e9l\u00e9gu\u00e9 \u00e0 la protection des donn\u00e9es personnelles \u00e0 l&rsquo;adresse suivante oscar@carroceriasmaser.com<\/span><\/span> <\/span><\/p>\n<p><span class=\"HwtZe\" lang=\"fr\"><span class=\"jCAhz ChMk0b\"><span class=\"ryNqvb\">Quelles sont les Donn\u00e9es Personnelles collect\u00e9es et leurs finalit\u00e9s ?<\/span><\/span><\/span><\/p>\n<p><em><u>On line:<\/u><\/em><u> <\/u><\/p>\n<table border=\"1\" width=\"643\" cellspacing=\"3\" cellpadding=\"2\">\n<thead>\n<tr>\n<th width=\"87\"><span class=\"HwtZe\" lang=\"fr\"><span class=\"jCAhz ChMk0b\"><span class=\"ryNqvb\">Bouge<\/span><\/span><\/span><\/th>\n<th width=\"100\"><span class=\"HwtZe\" lang=\"fr\"><span class=\"jCAhz ChMk0b\"><span class=\"ryNqvb\">Les donn\u00e9es<\/span><\/span><\/span><\/th>\n<th width=\"119\">Responsable<\/th>\n<th width=\"157\"><span class=\"HwtZe\" lang=\"fr\"><span class=\"jCAhz ChMk0b\"><span class=\"ryNqvb\">Objectif et l\u00e9gitimit\u00e9<\/span><\/span><\/span><\/th>\n<th width=\"140\"><span class=\"HwtZe\" lang=\"fr\"><span class=\"jCAhz ChMk0b\"><span class=\"ryNqvb\">Destinataires<\/span><\/span><\/span><\/th>\n<\/tr>\n<\/thead>\n<tbody>\n<tr>\n<td width=\"87\"><\/td>\n<td width=\"100\"><\/td>\n<td width=\"119\"><\/td>\n<td width=\"157\"><\/td>\n<td width=\"140\"><\/td>\n<\/tr>\n<tr>\n<td width=\"87\"><\/td>\n<td width=\"100\"><\/td>\n<td width=\"119\"><\/td>\n<td width=\"157\"><\/td>\n<td width=\"140\"><\/td>\n<\/tr>\n<tr>\n<td width=\"87\"><strong><span class=\"HwtZe\" lang=\"fr\"><span class=\"jCAhz ChMk0b\"><span class=\"ryNqvb\">Contactez<\/span><\/span><\/span><\/strong><\/td>\n<td width=\"100\"><span class=\"HwtZe\" lang=\"fr\"><span class=\"jCAhz ChMk0b\"><span class=\"ryNqvb\">Nom et pr\u00e9nom, t\u00e9l\u00e9phone, email et ville<\/span><\/span><\/span><\/td>\n<td width=\"119\"><strong>Carrocerias Maser<\/strong><\/td>\n<td width=\"157\"><span class=\"HwtZe\" lang=\"fr\"><span class=\"jCAhz ChMk0b\"><span class=\"ryNqvb\">G\u00e9rer votre demande, l\u00e9gitim\u00e9e avec le droit l\u00e9gitime.<\/span><\/span><\/span><\/td>\n<td width=\"140\"><strong>Carrocerias Maser<\/strong><\/td>\n<\/tr>\n<tr>\n<td width=\"87\"><\/td>\n<td width=\"100\"><\/td>\n<td width=\"119\"><\/td>\n<td width=\"157\"><\/td>\n<td width=\"140\"><\/td>\n<\/tr>\n<tr>\n<td width=\"87\"><\/td>\n<td width=\"100\"><\/td>\n<td width=\"119\"><\/td>\n<td width=\"157\"><\/td>\n<td width=\"140\"><\/td>\n<\/tr>\n<\/tbody>\n<\/table>\n<p><span class=\"HwtZe\" lang=\"fr\"><span class=\"jCAhz ChMk0b\"><span class=\"ryNqvb\">Si au sein d&rsquo;un service sp\u00e9cifique le traitement de donn\u00e9es sensibles est requis, ce sera toujours dans le cadre du respect d&rsquo;une loi ou votre consentement expr\u00e8s sera requis.<\/span><\/span> <\/span><\/p>\n<p><span class=\"HwtZe\" lang=\"fr\"><span class=\"jCAhz ChMk0b\"><span class=\"ryNqvb\">Votre consentement peut \u00eatre r\u00e9voqu\u00e9 \u00e0 tout moment.<\/span><\/span> <\/span><\/p>\n<p><span class=\"HwtZe\" lang=\"fr\"><span class=\"jCAhz ChMk0b\"><span class=\"ryNqvb\">Carrocerias Maser utilise des outils pour analyser les profils, le comportement ou les pr\u00e9f\u00e9rences des utilisateurs et ensuite mener des campagnes cibl\u00e9es sur la base de ces donn\u00e9es.<\/span><\/span><\/span><\/p>\n<p><strong><span class=\"HwtZe\" lang=\"fr\"><span class=\"jCAhz ChMk0b\"><span class=\"ryNqvb\">Pourquoi utilisons-nous vos donn\u00e9es personnelles ?<\/span><\/span><\/span><\/strong><\/p>\n<p><span class=\"HwtZe\" lang=\"fr\"><span class=\"jCAhz ChMk0b\"><span class=\"ryNqvb\">Ci-dessous, nous expliquons la base juridique qui nous permet de traiter vos donn\u00e9es personnelles.<\/span><\/span><\/span><\/p>\n<ol>\n<li><span class=\"HwtZe\" lang=\"fr\"><span class=\"jCAhz ChMk0b\"><span class=\"ryNqvb\">Dans le respect d&rsquo;une relation contractuelle.<\/span><\/span> <\/span><\/li>\n<li><span class=\"HwtZe\" lang=\"fr\"><span class=\"jCAhz ChMk0b\"><span class=\"ryNqvb\">Lorsque vous nous donnez votre consentement.<\/span><\/span> <\/span><\/li>\n<li><span class=\"HwtZe\" lang=\"fr\"><span class=\"jCAhz ChMk0b\"><span class=\"ryNqvb\">Pour l&rsquo;int\u00e9r\u00eat l\u00e9gitime de Carrocerias Maser \u00e0 promouvoir les services, produits et initiatives susceptibles de l&rsquo;int\u00e9resser.<\/span><\/span> <\/span><\/li>\n<li><span class=\"HwtZe\" lang=\"fr\"><span class=\"jCAhz ChMk0b\"><span class=\"ryNqvb\">Respect des obligations impos\u00e9es par la loi.<\/span><\/span><\/span><\/li>\n<\/ol>\n<p><span class=\"HwtZe\" lang=\"fr\"><span class=\"jCAhz ChMk0b\"><span class=\"ryNqvb\">Nous vous rappelons que vous pouvez r\u00e9voquer votre consentement \u00e0 tout moment \u00e0 l&rsquo;adresse suivante : oscar@carroceriasmaser.com<\/span><\/span><\/span><\/p>\n<p><strong><span class=\"HwtZe\" lang=\"fr\"><span class=\"jCAhz ChMk0b\"><span class=\"ryNqvb\">Publication de photos ou de vid\u00e9os sur la page WEB ou sur les r\u00e9seaux sociaux<\/span><\/span><\/span><\/strong><\/p>\n<p><span class=\"HwtZe\" lang=\"fr\"><span class=\"jCAhz ChMk0b\"><span class=\"ryNqvb\">Pour la publication de photographies ou de vid\u00e9os de nos employ\u00e9s, clients, utilisateurs ou mineurs sur le web ou les r\u00e9seaux sociaux, ainsi que pour collecter des donn\u00e9es pour organiser un concours ou traiter toute autre donn\u00e9e personnelle, nous obtenons au pr\u00e9alable l&rsquo;autorisation pr\u00e9alable, explicite, incontestable et inform\u00e9 du titulaire qui, dans le cas d&rsquo;enfants de moins de 14 ans, est accord\u00e9 par les parents ou les tuteurs l\u00e9gaux.<\/span><\/span> <\/span><\/p>\n<p><span class=\"HwtZe\" lang=\"fr\"><span class=\"jCAhz ChMk0b\"><span class=\"ryNqvb\">Le traitement de ces photos respecte le principe de proportionnalit\u00e9, c&rsquo;est-\u00e0-dire qu&rsquo;elles ne sont trait\u00e9es strictement que dans le but pour lequel le consentement a \u00e9t\u00e9 donn\u00e9.<\/span><\/span><\/span><\/p>\n<p><strong><span class=\"HwtZe\" lang=\"fr\"><span class=\"jCAhz ChMk0b\"><span class=\"ryNqvb\">Donn\u00e9es non pertinentes<\/span><\/span><\/span><\/strong><\/p>\n<p><span class=\"HwtZe\" lang=\"fr\"><span class=\"jCAhz ChMk0b\"><span class=\"ryNqvb\"><strong>Carrocerias Maser<\/strong> avertit l&rsquo;utilisateur que, \u00e0 moins qu&rsquo;il n&rsquo;y ait une repr\u00e9sentation l\u00e9galement constitu\u00e9e, aucun utilisateur ne peut utiliser l&rsquo;identit\u00e9 d&rsquo;une autre personne et communiquer ses donn\u00e9es personnelles, de sorte que l&rsquo;utilisateur doit \u00e0 tout moment consid\u00e9rer que vous ne pouvez fournir que des donn\u00e9es personnelles correspondant \u00e0 votre propre identit\u00e9 et que celles-ci sont ad\u00e9quates, pertinentes, actuelles, exactes et v\u00e9ridiques.<\/span><\/span><\/span><\/p>\n<p><strong><span class=\"HwtZe\" lang=\"fr\"><span class=\"jCAhz ChMk0b\"><span class=\"ryNqvb\">Combien de temps conserverons-nous vos donn\u00e9es ?<\/span><\/span><\/span><\/strong><\/p>\n<p><span class=\"HwtZe\" lang=\"fr\"><span class=\"jCAhz ChMk0b\"><span class=\"ryNqvb\"><strong>Carrocerias Maser<\/strong> conserve vos donn\u00e9es personnelles aussi longtemps que n\u00e9cessaire aux fins pour lesquelles elles ont \u00e9t\u00e9 collect\u00e9es.<\/span><\/span> <span class=\"jCAhz ChMk0b\"><span class=\"ryNqvb\">Si la ligne directrice est diff\u00e9rente de celle indiqu\u00e9e dans cette politique, elle sera d\u00e9taill\u00e9e dans le document pertinent.<\/span><\/span><\/span><\/p>\n<p><span class=\"HwtZe\" lang=\"fr\"><span class=\"jCAhz ChMk0b\"><span class=\"ryNqvb\">Dans le cas du job board, vos donn\u00e9es seront conserv\u00e9es un an si le profil correspond \u00e0 nos besoins, sinon elles seront d\u00e9truites.<\/span><\/span><\/span><\/p>\n<p><strong><span class=\"HwtZe\" lang=\"fr\"><span class=\"jCAhz ChMk0b\"><span class=\"ryNqvb\">A qui communiquerons-nous vos donn\u00e9es ?<\/span><\/span><\/span><\/strong><\/p>\n<p><span class=\"HwtZe\" lang=\"fr\"><span class=\"jCAhz ChMk0b\"><span class=\"ryNqvb\">Carrocerias Maser ne transf\u00e9rera vos donn\u00e9es que dans les services o\u00f9 elles sont indiqu\u00e9es et dans les cas pr\u00e9vus par la loi.<\/span><\/span> <span class=\"jCAhz ChMk0b\"><span class=\"ryNqvb\">Il n&rsquo;y aura aucun transfert international de vos donn\u00e9es personnelles.<\/span><\/span> <\/span><\/p>\n<p><span class=\"HwtZe\" lang=\"fr\"><span class=\"jCAhz ChMk0b\"><span class=\"ryNqvb\">Dans le cas des r\u00e9seaux sociaux, toutes les informations et contenus publi\u00e9s par l&rsquo;utilisateur feront l&rsquo;objet d&rsquo;une communication et seront partag\u00e9s avec le reste des utilisateurs qui consultent ce r\u00e9seau social, en raison de la nature m\u00eame du service.<\/span><\/span><\/span><\/p>\n<p><strong><span class=\"HwtZe\" lang=\"fr\"><span class=\"jCAhz ChMk0b\"><span class=\"ryNqvb\">Mesures de s\u00e9curit\u00e9<\/span><\/span><\/span><\/strong><\/p>\n<p><span class=\"HwtZe\" lang=\"fr\"><span class=\"jCAhz ChMk0b\"><span class=\"ryNqvb\">Carrocerias Maser garantit la confidentialit\u00e9 et la confidentialit\u00e9 absolues des donn\u00e9es personnelles collect\u00e9es et, par cons\u00e9quent, des mesures de s\u00e9curit\u00e9 essentielles ont \u00e9t\u00e9 adopt\u00e9es pour \u00e9viter toute alt\u00e9ration, perte, traitement ou acc\u00e8s non autoris\u00e9 et garantir ainsi son int\u00e9grit\u00e9 et sa s\u00e9curit\u00e9.<\/span><\/span><\/span><\/p>\n<p><span class=\"HwtZe\" lang=\"fr\"><span class=\"jCAhz ChMk0b\"><span class=\"ryNqvb\">L&rsquo;Utilisateur s&rsquo;engage \u00e0 utiliser avec diligence et \u00e0 ne pas rendre accessibles \u00e0 des tiers son identifiant et son mot de passe, et s&rsquo;engage \u00e9galement \u00e0 informer la soci\u00e9t\u00e9 de tout vol, perte ou risque d&rsquo;acc\u00e8s par des tiers \u00e0 son compte utilisateur.<\/span><\/span><\/span><\/p>\n<p><strong><span class=\"HwtZe\" lang=\"fr\"><span class=\"jCAhz ChMk0b\"><span class=\"ryNqvb\">Quels sont vos droits lorsque vous nous fournissez vos donn\u00e9es personnelles ?<\/span><\/span><\/span><\/strong><\/p>\n<table border=\"1\" width=\"643\" cellspacing=\"3\" cellpadding=\"2\">\n<thead>\n<tr>\n<th width=\"104\"><span class=\"HwtZe\" lang=\"fr\"><span class=\"jCAhz ChMk0b\"><span class=\"ryNqvb\">Droit<\/span><\/span><\/span><\/th>\n<th width=\"326\"><span class=\"HwtZe\" lang=\"fr\"><span class=\"jCAhz ChMk0b\"><span class=\"ryNqvb\">Contenu<\/span><\/span><\/span><\/th>\n<th width=\"187\"><span class=\"HwtZe\" lang=\"fr\"><span class=\"jCAhz ChMk0b\"><span class=\"ryNqvb\">Canal d&rsquo;attention<\/span><\/span><\/span><\/th>\n<\/tr>\n<\/thead>\n<tbody>\n<tr>\n<td width=\"104\"><strong><span class=\"HwtZe\" lang=\"fr\"><span class=\"jCAhz ChMk0b\"><span class=\"ryNqvb\">Acc\u00e9der<\/span><\/span><\/span><\/strong><\/td>\n<td width=\"326\"><span class=\"HwtZe\" lang=\"fr\"><span class=\"jCAhz ChMk0b\"><span class=\"ryNqvb\">Vous pourrez consulter les donn\u00e9es personnelles g\u00e9r\u00e9es par <strong>Carrocerias Maser<\/strong><\/span><\/span><\/span><\/td>\n<td rowspan=\"6\" width=\"187\"><a href=\"oscar@carroceriasmaser.com\">oscar@carroceriasmaser.com<\/a><\/td>\n<\/tr>\n<tr>\n<td width=\"104\"><strong><span class=\"HwtZe\" lang=\"fr\"><span class=\"jCAhz ChMk0b\"><span class=\"ryNqvb\">Rectification<\/span><\/span><\/span><\/strong><\/td>\n<td width=\"326\"><span class=\"HwtZe\" lang=\"fr\"><span class=\"jCAhz ChMk0b\"><span class=\"ryNqvb\">Vous pouvez modifier vos donn\u00e9es personnelles lorsque celles-ci sont inexactes.<\/span><\/span><\/span><\/td>\n<\/tr>\n<tr>\n<td width=\"104\"><strong><span class=\"HwtZe\" lang=\"fr\"><span class=\"jCAhz ChMk0b\"><span class=\"ryNqvb\">Effacement<\/span><\/span><\/span><\/strong><\/td>\n<td width=\"326\"><span class=\"HwtZe\" lang=\"fr\"><span class=\"jCAhz ChMk0b\"><span class=\"ryNqvb\">Vous pouvez demander la suppression de vos donn\u00e9es personnelles.<\/span><\/span><\/span><\/td>\n<\/tr>\n<tr>\n<td width=\"104\"><strong><span class=\"HwtZe\" lang=\"fr\"><span class=\"jCAhz ChMk0b\"><span class=\"ryNqvb\">Opposition<\/span><\/span><\/span><\/strong><\/td>\n<td width=\"326\"><span class=\"HwtZe\" lang=\"fr\"><span class=\"jCAhz ChMk0b\"><span class=\"ryNqvb\">Vous pouvez demander que vos donn\u00e9es personnelles ne soient pas trait\u00e9es.<\/span><\/span><\/span><\/td>\n<\/tr>\n<tr>\n<td width=\"104\"><strong><span class=\"HwtZe\" lang=\"fr\"><span class=\"jCAhz ChMk0b\"><span class=\"ryNqvb\">Limitation du traitement<\/span><\/span><\/span><\/strong><\/td>\n<td width=\"326\"><span class=\"HwtZe\" lang=\"fr\"><span class=\"jCAhz ChMk0b\"><span class=\"ryNqvb\">Vous pouvez demander la limitation du traitement des donn\u00e9es personnelles dans les cas suivants :<\/span><\/span><\/span><\/p>\n<ul>\n<li>\u2013 <span class=\"HwtZe\" lang=\"fr\"><span class=\"jCAhz ChMk0b\"><span class=\"ryNqvb\">Alors que le d\u00e9fi de l&rsquo;exactitude de vos donn\u00e9es est v\u00e9rifi\u00e9.<\/span><\/span><\/span><\/li>\n<li><span class=\"HwtZe\" lang=\"fr\"><span class=\"jCAhz ChMk0b\"><span class=\"ryNqvb\">Lorsque <strong>Carrocerias Maser<\/strong> n&rsquo;a pas besoin de traiter vos donn\u00e9es, mais que vous en avez besoin pour l&rsquo;exercice ou la d\u00e9fense de r\u00e9clamations.<\/span><\/span><\/span><\/li>\n<\/ul>\n<\/td>\n<\/tr>\n<tr>\n<td width=\"104\"><span class=\"HwtZe\" lang=\"fr\"><span class=\"jCAhz ChMk0b\"><span class=\"ryNqvb\">Portabilit\u00e9<\/span><\/span><\/span><\/td>\n<td width=\"326\"><span class=\"HwtZe\" lang=\"fr\"><span class=\"jCAhz ChMk0b\"><span class=\"ryNqvb\">Vous pourrez recevoir sous format \u00e9lectronique les donn\u00e9es que vous nous avez fournies sous format \u00e9lectronique.<\/span><\/span><\/span><\/td>\n<\/tr>\n<tr>\n<td colspan=\"3\" width=\"631\"><span class=\"HwtZe\" lang=\"fr\"><span class=\"jCAhz ChMk0b\"><span class=\"ryNqvb\">Si vous consid\u00e9rez que nous n&rsquo;avons pas trait\u00e9 vos donn\u00e9es personnelles conform\u00e9ment \u00e0 la r\u00e9glementation, vous pouvez contacter le d\u00e9l\u00e9gu\u00e9 \u00e0 la protection des donn\u00e9es \u00e0 l&rsquo;adresse oscar@carroceriasmaser.com<\/span><\/span> <span class=\"jCAhz ChMk0b\"><span class=\"ryNqvb\">Si vous le souhaitez, vous pouvez d\u00e9poser une r\u00e9clamation aupr\u00e8s de l&rsquo;Agence espagnole de protection des donn\u00e9es<\/span><\/span><\/span> (<a href=\"http:\/\/www.agpd.es\/\">www.agpd.es<\/a>).<\/td>\n<\/tr>\n<tr>\n<td colspan=\"3\" width=\"631\"><span class=\"HwtZe\" lang=\"fr\"><span class=\"jCAhz ChMk0b\"><span class=\"ryNqvb\">Pour exercer vos droits, vous devez accompagner votre demande d&rsquo;une copie de votre DNI ou d&rsquo;un document prouvant votre identit\u00e9.<\/span><\/span><\/span><\/td>\n<\/tr>\n<tr>\n<td colspan=\"3\" width=\"631\"><span class=\"HwtZe\" lang=\"fr\"><span class=\"jCAhz ChMk0b\"><span class=\"ryNqvb\">L&rsquo;exercice des droits est libre.<\/span><\/span><\/span><\/td>\n<\/tr>\n<\/tbody>\n<\/table>\n<p>&nbsp;<\/p>\n","protected":false},"excerpt":{"rendered":"<p>Port\u00e9e de la politique de protection des donn\u00e9es personnelles Cette politique de protection des donn\u00e9es personnelles couvre tout traitement de donn\u00e9es pouvant intervenir dans le cadre de la pr\u00e9sentation de nos services en pr\u00e9sentiel, lors de la navigation ou de l&rsquo;interaction avec notre site internet. Elle s&rsquo;appliquera \u00e9galement \u00e0 toute proc\u00e9dure interne \u00e0 l&rsquo;entreprise n\u00e9cessitant [&hellip;]<\/p>\n","protected":false},"author":1,"featured_media":0,"parent":0,"menu_order":0,"comment_status":"closed","ping_status":"closed","template":"","meta":[],"yoast_head":"<!-- This site is optimized with the Yoast SEO plugin v15.3 - https:\/\/yoast.com\/wordpress\/plugins\/seo\/ -->\n<title>Politique de confidentialit\u00e9 - Carrocerias Maser<\/title>\n<meta name=\"robots\" content=\"index, follow, max-snippet:-1, max-image-preview:large, max-video-preview:-1\" \/>\n<link rel=\"canonical\" href=\"https:\/\/carroceriasmaser.com\/fr\/politique-confidentialite\/\" \/>\n<meta property=\"og:locale\" content=\"fr_FR\" \/>\n<meta property=\"og:type\" content=\"article\" \/>\n<meta property=\"og:title\" content=\"Politique de confidentialit\u00e9 - Carrocerias Maser\" \/>\n<meta property=\"og:description\" content=\"Port\u00e9e de la politique de protection des donn\u00e9es personnelles Cette politique de protection des donn\u00e9es personnelles couvre tout traitement de donn\u00e9es pouvant intervenir dans le cadre de la pr\u00e9sentation de nos services en pr\u00e9sentiel, lors de la navigation ou de l&rsquo;interaction avec notre site internet. Elle s&rsquo;appliquera \u00e9galement \u00e0 toute proc\u00e9dure interne \u00e0 l&rsquo;entreprise n\u00e9cessitant [&hellip;]\" \/>\n<meta property=\"og:url\" content=\"https:\/\/carroceriasmaser.com\/fr\/politique-confidentialite\/\" \/>\n<meta property=\"og:site_name\" content=\"Carrocerias Maser\" \/>\n<meta property=\"article:modified_time\" content=\"2022-12-14T19:40:02+00:00\" \/>\n<meta name=\"twitter:card\" content=\"summary_large_image\" \/>\n<meta name=\"twitter:label1\" content=\"\u00c9crit par\">\n\t<meta name=\"twitter:data1\" content=\"admin\">\n\t<meta name=\"twitter:label2\" content=\"Dur\u00e9e de lecture est.\">\n\t<meta name=\"twitter:data2\" content=\"5 minutes\">\n<script type=\"application\/ld+json\" class=\"yoast-schema-graph\">{\"@context\":\"https:\/\/schema.org\",\"@graph\":[{\"@type\":\"WebSite\",\"@id\":\"https:\/\/carroceriasmaser.com\/#website\",\"url\":\"https:\/\/carroceriasmaser.com\/\",\"name\":\"Carrocer\\u00edas Maser\",\"description\":\"\",\"potentialAction\":[{\"@type\":\"SearchAction\",\"target\":\"https:\/\/carroceriasmaser.com\/?s={search_term_string}\",\"query-input\":\"required name=search_term_string\"}],\"inLanguage\":\"fr-FR\"},{\"@type\":\"WebPage\",\"@id\":\"https:\/\/carroceriasmaser.com\/fr\/politique-confidentialite\/#webpage\",\"url\":\"https:\/\/carroceriasmaser.com\/fr\/politique-confidentialite\/\",\"name\":\"Politique de confidentialit\\u00e9 - Carrocerias Maser\",\"isPartOf\":{\"@id\":\"https:\/\/carroceriasmaser.com\/#website\"},\"datePublished\":\"2021-03-16T08:21:33+00:00\",\"dateModified\":\"2022-12-14T19:40:02+00:00\",\"inLanguage\":\"fr-FR\",\"potentialAction\":[{\"@type\":\"ReadAction\",\"target\":[\"https:\/\/carroceriasmaser.com\/fr\/politique-confidentialite\/\"]}]}]}<\/script>\n<!-- \/ Yoast SEO plugin. -->","_links":{"self":[{"href":"https:\/\/carroceriasmaser.com\/fr\/wp-json\/wp\/v2\/pages\/7877"}],"collection":[{"href":"https:\/\/carroceriasmaser.com\/fr\/wp-json\/wp\/v2\/pages"}],"about":[{"href":"https:\/\/carroceriasmaser.com\/fr\/wp-json\/wp\/v2\/types\/page"}],"author":[{"embeddable":true,"href":"https:\/\/carroceriasmaser.com\/fr\/wp-json\/wp\/v2\/users\/1"}],"replies":[{"embeddable":true,"href":"https:\/\/carroceriasmaser.com\/fr\/wp-json\/wp\/v2\/comments?post=7877"}],"version-history":[{"count":2,"href":"https:\/\/carroceriasmaser.com\/fr\/wp-json\/wp\/v2\/pages\/7877\/revisions"}],"predecessor-version":[{"id":7881,"href":"https:\/\/carroceriasmaser.com\/fr\/wp-json\/wp\/v2\/pages\/7877\/revisions\/7881"}],"wp:attachment":[{"href":"https:\/\/carroceriasmaser.com\/fr\/wp-json\/wp\/v2\/media?parent=7877"}],"curies":[{"name":"wp","href":"https:\/\/api.w.org\/{rel}","templated":true}]}}