{"id":7901,"date":"2021-03-10T15:27:01","date_gmt":"2021-03-10T15:27:01","guid":{"rendered":"https:\/\/carroceriasmaser.com\/politica-de-cookies\/"},"modified":"2022-12-19T08:04:59","modified_gmt":"2022-12-19T08:04:59","slug":"politique-de-cookies","status":"publish","type":"page","link":"https:\/\/carroceriasmaser.com\/fr\/politique-de-cookies\/","title":{"rendered":"Politique de cookies"},"content":{"rendered":"<p><strong>POLITIQUE DE COOKIES<\/p>\n<p><\/strong><span class=\"HwtZe\" lang=\"es\"><span class=\"jCAhz ChMk0b\"><span class=\"ryNqvb\">Ce site Web utilise \u00e0 la fois des cookies de session temporaires et des cookies permanents. Les cookies de session stockent les donn\u00e9es uniquement lorsque l&rsquo;utilisateur acc\u00e8de au Web et les cookies permanents stockent les donn\u00e9es dans le terminal afin qu&rsquo;elles puissent \u00eatre consult\u00e9es et utilis\u00e9es dans plus d&rsquo;une session.<\/span><\/span> <\/span><\/p>\n<p><span class=\"HwtZe\" lang=\"es\"><span class=\"jCAhz ChMk0b\"><span class=\"ryNqvb\">Selon la finalit\u00e9 pour laquelle les donn\u00e9es obtenues par le biais des cookies sont trait\u00e9es, le site Web peut utiliser :<\/span><\/span><\/span><\/p>\n<p>&nbsp;<\/p>\n<p><strong>&lsquo;Cookies&rsquo; techniques<br \/>\n<\/strong><br \/>\n<span class=\"HwtZe\" lang=\"es\"><span class=\"jCAhz ChMk0b\"><span class=\"ryNqvb\">Ils permettent \u00e0 l&rsquo;utilisateur de naviguer dans la page Web ou l&rsquo;application et d&rsquo;utiliser les diff\u00e9rentes options ou services existants. Par exemple, contr\u00f4ler le trafic et la communication de donn\u00e9es, identifier la session, acc\u00e9der aux composants Web \u00e0 acc\u00e8s restreint, m\u00e9moriser les \u00e9l\u00e9ments qui composent une commande, demander une inscription ou une participation \u00e0 un \u00e9v\u00e9nement, utiliser des \u00e9l\u00e9ments de s\u00e9curit\u00e9 lors de la navigation et stocker des contenus pour la diffusion de vid\u00e9o ou son.<br \/>\n<\/span><\/span><\/span><\/p>\n<p><strong><span class=\"HwtZe\" lang=\"es\"><span class=\"jCAhz ChMk0b\"><span class=\"ryNqvb\">&lsquo;Cookies&rsquo; <\/span><\/span><\/span>personnalisation<br \/>\n<\/strong><br \/>\n<span class=\"HwtZe\" lang=\"es\"><span class=\"jCAhz ChMk0b\"><span class=\"ryNqvb\">Ils permettent \u00e0 l&rsquo;utilisateur d&rsquo;acc\u00e9der au service avec certaines caract\u00e9ristiques g\u00e9n\u00e9rales pr\u00e9d\u00e9finies dans le terminal ou qu&rsquo;il d\u00e9finit lui-m\u00eame. Par exemple, la langue, le type de navigateur via lequel vous acc\u00e9dez au service, la conception du contenu s\u00e9lectionn\u00e9, la g\u00e9olocalisation du terminal et la configuration r\u00e9gionale \u00e0 partir de laquelle le service est accessible.<br \/>\n<\/span><\/span><\/span><\/p>\n<p><strong><span class=\"HwtZe\" lang=\"es\"><span class=\"jCAhz ChMk0b\"><span class=\"ryNqvb\">&lsquo;Cookies&rsquo; <\/span><\/span><\/span>analyses statistiques<br \/>\n<\/strong><br \/>\n<span class=\"HwtZe\" lang=\"es\"><span class=\"jCAhz ChMk0b\"><span class=\"ryNqvb\">Ils permettent de surveiller et d&rsquo;analyser le comportement des utilisateurs sur les sites Web. Les informations recueillies par ce type de cookies sont utilis\u00e9es pour mesurer l&rsquo;activit\u00e9 des sites Web, de l&rsquo;application ou de la plate-forme, et pour cr\u00e9er des profils de navigation des utilisateurs de ces sites afin d&rsquo;introduire des am\u00e9liorations du service en fonction des donn\u00e9es utilis\u00e9es par les utilisateurs.<br \/>\n<\/span><\/span><\/span><\/p>\n<p><strong><span class=\"HwtZe\" lang=\"es\"><span class=\"jCAhz ChMk0b\"><span class=\"ryNqvb\">&lsquo;Cookies&rsquo; de tiers<\/span><\/span><\/span><\/strong><\/p>\n<div class=\"lRu31\"><span class=\"HwtZe\" lang=\"es\"><span class=\"jCAhz ChMk0b\"><span class=\"ryNqvb\">Des cookies tiers peuvent \u00eatre install\u00e9s sur certaines pages Web qui permettent de g\u00e9rer et d&rsquo;am\u00e9liorer les services offerts, tels que les services statistiques de Google Analytics et Comscore.<\/span><\/span><\/span><\/div>\n<div class=\"lRu31\"><span class=\"HwtZe\" lang=\"es\"><span class=\"jCAhz ChMk0b\"><span class=\"ryNqvb\"><br \/>\nComment g\u00e9rer les &lsquo;cookies&rsquo; dans le navigateur ?<\/span><\/span> <\/span><\/div>\n<div class=\"lRu31\"><span class=\"HwtZe\" lang=\"es\"><span class=\"jCAhz ChMk0b\"><span class=\"ryNqvb\"><br \/>\nL&rsquo;utilisateur a la possibilit\u00e9 d&rsquo;autoriser, de bloquer ou de supprimer les cookies install\u00e9s sur son \u00e9quipement en configurant les options du navigateur dans le terminal :<\/span><\/span> <\/span><\/div>\n<div><\/div>\n<div class=\"lRu31\"><span class=\"HwtZe\" lang=\"es\"><span class=\"jCAhz ChMk0b\"><span class=\"ryNqvb\"><br \/>\nPour ajuster les autorisations li\u00e9es aux cookies dans le navigateur Google Chrome\u00a0:<br \/>\n<\/span><\/span> <\/span><\/div>\n<div><\/div>\n<p>Cliquez sur le menu situ\u00e9 sur la barre d&rsquo;outils. S\u00e9lectionnez \u00ab\u00a0Param\u00e8tres\u00a0\u00bb.<br \/>\nCliquez sur \u00ab\u00a0Afficher les options avanc\u00e9es\u00a0\u00bb.<br \/>\nDans la section \u00ab\u00a0Confidentialit\u00e9\u00a0\u00bb, cliquez sur le bouton \u00ab\u00a0Param\u00e8tres de contenu\u00a0\u00bb.<br \/>\nDans la section cookies, vous pouvez configurer les options.<\/p>\n<p>Pour ajuster les permissions li\u00e9es aux cookies dans le navigateur Mozilla Firefox :<\/p>\n<p>En haut de la fen\u00eatre de Firefox, cliquez sur le menu \u00ab\u00a0Outils\u00a0\u00bb.<br \/>\nS\u00e9lectionnez les options\u00a0\u00bb. S\u00e9lectionnez le panneau \u00ab\u00a0Confidentialit\u00e9\u00a0\u00bb. Dans l&rsquo;option Firefox, vous pourrez choisir \u00ab\u00a0Utiliser les param\u00e8tres personnalis\u00e9s pour l&rsquo;historique pour configurer les options\u00a0\u00bb.<\/p>\n<div><\/div>\n<p>Pour r\u00e9gler les permissions li\u00e9es aux cookies dans le navigateur Internet Explorer 9* :<\/p>\n<div><\/div>\n<p>En haut de la fen\u00eatre d&rsquo;Internet Explorer, cliquez sur le menu \u00ab\u00a0Outils\u00a0\u00bb.<br \/>\nS\u00e9lectionnez l&rsquo;onglet \u00ab\u00a0S\u00e9curit\u00e9\u00a0\u00bb et utilisez l&rsquo;option \u00ab\u00a0Supprimer l&rsquo;historique de navigation\u00a0\u00bb pour supprimer les cookies.<br \/>\nActivez la case des cookies puis cliquez sur \u00ab Supprimer \u00bb. S\u00e9lectionnez l&rsquo;onglet \u00ab\u00a0S\u00e9curit\u00e9\u00a0\u00bb et acc\u00e9dez aux \u00ab\u00a0Param\u00e8tres\u00a0\u00bb.<br \/>\nD\u00e9placez le curseur vers le haut pour bloquer tous les cookies ou vers le bas pour autoriser tous les cookies.<br \/>\nApr\u00e8s cela, cliquez sur \u00ab\u00a0OK\u00a0\u00bb.<\/p>\n<div class=\"lRu31\"><span class=\"HwtZe\" lang=\"es\"><span class=\"jCAhz ChMk0b\"><span class=\"ryNqvb\">*Plus d&rsquo;informations sur Internet Explorer 9 Si vous bloquez l&rsquo;utilisation des cookies dans votre navigateur, il est possible que certains services ou fonctionnalit\u00e9s du site ne soient pas disponibles.<\/span><\/span> <\/span><\/div>\n<div><\/div>\n<div class=\"lRu31\"><span class=\"HwtZe\" lang=\"es\"><span class=\"jCAhz ChMk0b\"><span class=\"ryNqvb\">Certains navigateurs peuvent d\u00e9finir des r\u00e8gles sp\u00e9cifiques pour g\u00e9rer les cookies des sites Web, ce qui vous permet de mieux contr\u00f4ler la confidentialit\u00e9. Cela signifie que vous pouvez d\u00e9sactiver les cookies de tous les sites, \u00e0 l&rsquo;exception de ceux en qui vous avez confiance.<\/span><\/span><\/span><\/div>\n<div class=\"UdTY9 WdefRb\" aria-hidden=\"true\" data-location=\"2\">\n<div class=\"kO6q6e\"><\/div>\n<\/div>\n<div class=\"VO9ucd\">\n<div class=\"aJIq1d\" data-language-code=\"es\" data-language-name=\"espa\u00f1ol\" data-text=\"En algunas p\u00e1ginas web se pueden instalar cookies de terceros que permiten gestionar y mejorar los servicios ofrecidos, tales como servicios estad\u00edsticos de Google Analytics y Comscore. \u00bfC\u00f3mo administrar 'cookies' en el navegador? El usuario tiene la opci\u00f3n de permitir, bloquear o eliminar las cookies instaladas en su equipo mediante la configuraci\u00f3n de las opciones del navegador en el terminal: Para ajustar los permisos relacionados con las cookies en el navegador Google Chrome: Haga clic en el men\u00fa situado en la barra de herramientas. Seleccione \u00abConfiguraci\u00f3n\u00bb. Hacer clic en \u201cMostrar opciones avanzadas\u201d. En la secci\u00f3n \u201cPrivacidad\u201d, haga clic en el bot\u00f3n \u201cConfiguraci\u00f3n del contenido\u201d. En la secci\u00f3n de cookies, se pueden configurar las opciones. Para ajustar los permisos relacionados con las cookies en el navegador Mozilla Firefox: En la parte superior de la ventana de Firefox, haga clic en el men\u00fa \u201cHerramientas\u201d. Seleccionar \u201cOpciones\u201d. Seleccionar el panel \u201cPrivacidad\u201d. En la opci\u00f3n Firefox, podr\u00e1 elegir \u201cUtilizar una configuraci\u00f3n personalizada para el historial para configurar las opciones\u201d. Para ajustar los permisos relacionados con las cookies en el navegador Internet Explorer 9*: En la parte superior de la ventana de Internet Explorer, hacer clic en el men\u00fa \u201cHerramientas\u201d. Seleccione la pesta\u00f1a \u201cSeguridad\u201d y utilice la opci\u00f3n \u201cEliminar el historial de exploraci\u00f3n\u201d para eliminar las cookies. Activar la casilla cookies y, a continuaci\u00f3n, hacer clic en \u201cEliminar\u201d. Seleccionar la pesta\u00f1a &quot;Seguridad&quot; y acceder a &quot;Configuraci\u00f3n&quot;. Mover el control deslizante totalmente hacia arriba para bloquear todas las cookies o totalmente hacia abajo para permitir todas las cookies. Despu\u00e9s de esto, haga clic en \u201cAceptar\u201d. *M\u00e1s informaci\u00f3n sobre Internet Explorer 9 En caso de bloquear el uso de cookies en su navegador, es posible que algunos servicios o funcionalidades de la p\u00e1gina web no est\u00e9n disponibles. En algunos navegadores se pueden configurar reglas espec\u00edficas para administrar cookies para sitios web, lo que ofrece un control m\u00e1s preciso sobre la privacidad. Esto significa que se pueden inhabilitar cookies de todos los sitios, excepto aquellos en los que se conf\u00ede.\" data-crosslingual-hint=\"\" data-location=\"2\" data-enable-toggle-playback-speed=\"true\">\n<div class=\"m0Qfkd\"><\/div>\n<\/div>\n<\/div>\n<p>&nbsp;<\/p>\n<p>&nbsp;<\/p>\n<div>\n<div>\n<h3>Google Analytics<\/h3>\n<p>Statistiques<\/p>\n<p>Consentement au service google-analytics<\/p>\n<p><strong>Utilisation<\/strong><\/p>\n<p>Nous utilisons Google Analytics pour les statistiques du site Web. Savoir plus<\/p>\n<p><strong>Partage de donn\u00e9es<\/strong><\/p>\n<p>Ces donn\u00e9es ne sont pas partag\u00e9es avec des tiers. <a href=\"https:\/\/policies.google.com\/privacy\">Politique de confidentialit\u00e9 de Google Analytics.<\/a>\n<\/div>\n<\/div>\n<p>&nbsp;<\/p>\n<div>\n<div>\n<h3>WPML<\/h3>\n<p>Fonctionnel<\/p>\n<p>Consentement au service wpml<\/p>\n<p>nous<\/p>\n<p>Nous utilisons WPML pour la gestion locale. <a href=\"https:\/\/cookiedatabase.org\/service\/wpml\/\">Savoir plus<\/a><\/p>\n<p>Partage de donn\u00e9es<\/p>\n<p>Ces donn\u00e9es ne sont pas partag\u00e9es avec des tiers<\/p>\n<\/div>\n<\/div>\n<div>\n<div>\n<h3><\/h3>\n<h3>Google Fonts<\/h3>\n<p>Commercialisation\/Suivi<\/p>\n<p>Consentement au service google-fonts<\/p>\n<p>Utilisation<\/p>\n<p>Nous utilisons Google Fonts pour l&rsquo;affichage des polices Web. Savoir plus<\/p>\n<p>Partage de donn\u00e9es<\/p>\n<p>Pour plus d&rsquo;informations, <a href=\"https:\/\/cookiedatabase.org\/service\/wpml\/\">veuillez lire la politique de confidentialit\u00e9 de Google Fonts.<\/a><\/p>\n<\/div>\n<\/div>\n<p>&nbsp;<\/p>\n","protected":false},"excerpt":{"rendered":"<p>POLITIQUE DE COOKIES Ce site Web utilise \u00e0 la fois des cookies de session temporaires et des cookies permanents. Les cookies de session stockent les donn\u00e9es uniquement lorsque l&rsquo;utilisateur acc\u00e8de au Web et les cookies permanents stockent les donn\u00e9es dans le terminal afin qu&rsquo;elles puissent \u00eatre consult\u00e9es et utilis\u00e9es dans plus d&rsquo;une session. Selon la [&hellip;]<\/p>\n","protected":false},"author":1,"featured_media":0,"parent":0,"menu_order":0,"comment_status":"closed","ping_status":"closed","template":"","meta":[],"yoast_head":"<!-- This site is optimized with the Yoast SEO plugin v15.3 - https:\/\/yoast.com\/wordpress\/plugins\/seo\/ -->\n<title>Politique de cookies - Carrocerias Maser<\/title>\n<meta name=\"robots\" content=\"index, follow, max-snippet:-1, max-image-preview:large, max-video-preview:-1\" \/>\n<link rel=\"canonical\" href=\"https:\/\/carroceriasmaser.com\/fr\/politique-de-cookies\/\" \/>\n<meta property=\"og:locale\" content=\"fr_FR\" \/>\n<meta property=\"og:type\" content=\"article\" \/>\n<meta property=\"og:title\" content=\"Politique de cookies - Carrocerias Maser\" \/>\n<meta property=\"og:description\" content=\"POLITIQUE DE COOKIES Ce site Web utilise \u00e0 la fois des cookies de session temporaires et des cookies permanents. Les cookies de session stockent les donn\u00e9es uniquement lorsque l&rsquo;utilisateur acc\u00e8de au Web et les cookies permanents stockent les donn\u00e9es dans le terminal afin qu&rsquo;elles puissent \u00eatre consult\u00e9es et utilis\u00e9es dans plus d&rsquo;une session. Selon la [&hellip;]\" \/>\n<meta property=\"og:url\" content=\"https:\/\/carroceriasmaser.com\/fr\/politique-de-cookies\/\" \/>\n<meta property=\"og:site_name\" content=\"Carrocerias Maser\" \/>\n<meta property=\"article:modified_time\" content=\"2022-12-19T08:04:59+00:00\" \/>\n<meta name=\"twitter:card\" content=\"summary_large_image\" \/>\n<meta name=\"twitter:label1\" content=\"\u00c9crit par\">\n\t<meta name=\"twitter:data1\" content=\"admin\">\n\t<meta name=\"twitter:label2\" content=\"Dur\u00e9e de lecture est.\">\n\t<meta name=\"twitter:data2\" content=\"3 minutes\">\n<script type=\"application\/ld+json\" class=\"yoast-schema-graph\">{\"@context\":\"https:\/\/schema.org\",\"@graph\":[{\"@type\":\"WebSite\",\"@id\":\"https:\/\/carroceriasmaser.com\/#website\",\"url\":\"https:\/\/carroceriasmaser.com\/\",\"name\":\"Carrocer\\u00edas Maser\",\"description\":\"\",\"potentialAction\":[{\"@type\":\"SearchAction\",\"target\":\"https:\/\/carroceriasmaser.com\/?s={search_term_string}\",\"query-input\":\"required name=search_term_string\"}],\"inLanguage\":\"fr-FR\"},{\"@type\":\"WebPage\",\"@id\":\"https:\/\/carroceriasmaser.com\/fr\/politique-de-cookies\/#webpage\",\"url\":\"https:\/\/carroceriasmaser.com\/fr\/politique-de-cookies\/\",\"name\":\"Politique de cookies - Carrocerias Maser\",\"isPartOf\":{\"@id\":\"https:\/\/carroceriasmaser.com\/#website\"},\"datePublished\":\"2021-03-10T15:27:01+00:00\",\"dateModified\":\"2022-12-19T08:04:59+00:00\",\"inLanguage\":\"fr-FR\",\"potentialAction\":[{\"@type\":\"ReadAction\",\"target\":[\"https:\/\/carroceriasmaser.com\/fr\/politique-de-cookies\/\"]}]}]}<\/script>\n<!-- \/ Yoast SEO plugin. -->","_links":{"self":[{"href":"https:\/\/carroceriasmaser.com\/fr\/wp-json\/wp\/v2\/pages\/7901"}],"collection":[{"href":"https:\/\/carroceriasmaser.com\/fr\/wp-json\/wp\/v2\/pages"}],"about":[{"href":"https:\/\/carroceriasmaser.com\/fr\/wp-json\/wp\/v2\/types\/page"}],"author":[{"embeddable":true,"href":"https:\/\/carroceriasmaser.com\/fr\/wp-json\/wp\/v2\/users\/1"}],"replies":[{"embeddable":true,"href":"https:\/\/carroceriasmaser.com\/fr\/wp-json\/wp\/v2\/comments?post=7901"}],"version-history":[{"count":1,"href":"https:\/\/carroceriasmaser.com\/fr\/wp-json\/wp\/v2\/pages\/7901\/revisions"}],"predecessor-version":[{"id":7903,"href":"https:\/\/carroceriasmaser.com\/fr\/wp-json\/wp\/v2\/pages\/7901\/revisions\/7903"}],"wp:attachment":[{"href":"https:\/\/carroceriasmaser.com\/fr\/wp-json\/wp\/v2\/media?parent=7901"}],"curies":[{"name":"wp","href":"https:\/\/api.w.org\/{rel}","templated":true}]}}